{"id":10039,"date":"2020-04-22T13:54:16","date_gmt":"2020-04-22T11:54:16","guid":{"rendered":"https:\/\/www.inanutshell.ch\/?page_id=10039"},"modified":"2023-02-09T16:23:03","modified_gmt":"2023-02-09T15:23:03","slug":"swiss-diabetes-guide","status":"publish","type":"page","link":"https:\/\/www.inanutshell.ch\/fr\/calculateurs\/swiss-diabetes-guide\/","title":{"rendered":"Swiss Diabetes Guide"},"content":{"rendered":"<p>Swiss Diabetes Guide propose aux professionnels de la sant\u00e9 et des recommandations sur la pharmacoth\u00e9rapie du diab\u00e8te sucr\u00e9 de type 2. Ces recommandations sont bas\u00e9es sur les recommandations de la Soci\u00e9t\u00e9 suisse d&rsquo;endocrinologie et de diab\u00e9tologie (SSED).<\/p>\n    <div class=\"medical-calculator sdg\" id=\"medical-calculator-sdg\">\r\n        <div class=\"row\">\r\n            <div class=\"col-sm-12 mt-3 mb-3\">\r\n                <iframe loading=\"lazy\" src=\"https:\/\/diabetesguide.ch\/nutshell\/app\/fr\" height=\"600\" width=\"100%\" frameborder=\"0\"><\/iframe>\r\n            <\/div>\r\n        <\/div>\r\n    <\/div>\r\n\n","protected":false},"excerpt":{"rendered":"<p>Swiss Diabetes Guide propose aux professionnels de la sant\u00e9 et des recommandations sur la pharmacoth\u00e9rapie du diab\u00e8te sucr\u00e9 de type 2. Ces recommandations sont bas\u00e9es sur les recommandations de la Soci\u00e9t\u00e9 suisse d&rsquo;endocrinologie et de diab\u00e9tologie (SSED).<\/p>\n","protected":false},"author":3,"featured_media":0,"parent":7598,"menu_order":695,"comment_status":"closed","ping_status":"closed","template":"page_fullwidth.php","meta":{"_acf_changed":false,"inline_featured_image":false,"footnotes":""},"class_list":["post-10039","page","type-page","status-publish","hentry"],"acf":[],"_links":{"self":[{"href":"https:\/\/www.inanutshell.ch\/fr\/wp-json\/wp\/v2\/pages\/10039","targetHints":{"allow":["GET"]}}],"collection":[{"href":"https:\/\/www.inanutshell.ch\/fr\/wp-json\/wp\/v2\/pages"}],"about":[{"href":"https:\/\/www.inanutshell.ch\/fr\/wp-json\/wp\/v2\/types\/page"}],"author":[{"embeddable":true,"href":"https:\/\/www.inanutshell.ch\/fr\/wp-json\/wp\/v2\/users\/3"}],"replies":[{"embeddable":true,"href":"https:\/\/www.inanutshell.ch\/fr\/wp-json\/wp\/v2\/comments?post=10039"}],"version-history":[{"count":3,"href":"https:\/\/www.inanutshell.ch\/fr\/wp-json\/wp\/v2\/pages\/10039\/revisions"}],"predecessor-version":[{"id":34987,"href":"https:\/\/www.inanutshell.ch\/fr\/wp-json\/wp\/v2\/pages\/10039\/revisions\/34987"}],"up":[{"embeddable":true,"href":"https:\/\/www.inanutshell.ch\/fr\/wp-json\/wp\/v2\/pages\/7598"}],"wp:attachment":[{"href":"https:\/\/www.inanutshell.ch\/fr\/wp-json\/wp\/v2\/media?parent=10039"}],"curies":[{"name":"wp","href":"https:\/\/api.w.org\/{rel}","templated":true}]}}