{"id":13817,"date":"2020-10-27T09:09:20","date_gmt":"2020-10-27T08:09:20","guid":{"rendered":"https:\/\/www.inanutshell.ch\/?page_id=13817"},"modified":"2020-10-27T09:09:20","modified_gmt":"2020-10-27T08:09:20","slug":"score-de-clarke","status":"publish","type":"page","link":"https:\/\/www.inanutshell.ch\/fr\/calculateurs\/score-de-clarke\/","title":{"rendered":"Score de Clarke"},"content":{"rendered":"<p>Le score de Clarke permet d\u2019\u00e9valuer le degr\u00e9 de perception des hypoglyc\u00e9mies par les patients. La Soci\u00e9t\u00e9 suisse d\u2019endocrinologie et diab\u00e9tologie (SSED) le recommande notamment pour l\u2019\u00e9valuation de l&rsquo;aptitude et la capacit\u00e9 \u00e0 conduire en cas de diab\u00e8te.<\/p>\n    <div class=\"medical-calculator clarke\" id=\"medical-calculator-clarke\">\r\n        <form>\r\n            <div class=\"form-group row\">\r\n                <div class=\"col-sm-4 col-form-label\">\r\n                                            Choisissez l'affirmation qui vous correspond le mieux.\r\n                                    <\/div>\r\n                <div class=\"col-sm-8\">\r\n                    <div class=\"btn-group-toggle\" data-toggle=\"buttons\">\r\n                        <label class=\"btn btn-outline-secondary btn-block\">\r\n                            <input type=\"radio\" name=\"self-assessment\" id=\"medical-calculator-clarke-self-assessment-1\" value=\"1\" tabindex=\"1\" autocomplete=\"off\">\r\n                                                        J'ai <u>toujours<\/u> des sympt\u00f4mes quand ma glyc\u00e9mie est basse.\r\n                                                    <\/label>\r\n                        <label class=\"btn btn-outline-secondary btn-block\">\r\n                            <input type=\"radio\" name=\"self-assessment\" id=\"medical-calculator-clarke-self-assessment-2\" value=\"2\" tabindex=\"2\" autocomplete=\"off\">\r\n                                                        J'ai <u>parfois<\/u> des sympt\u00f4mes quand ma glyc\u00e9mie est basse. (+1)\r\n                                                    <\/label>\r\n                        <label class=\"btn btn-outline-secondary btn-block\">\r\n                            <input type=\"radio\" name=\"self-assessment\" id=\"medical-calculator-clarke-self-assessment-3\" value=\"3\" tabindex=\"3\" autocomplete=\"off\">\r\n                                                        Je n'ai <u>jamais<\/u> de sympt\u00f4mes quand ma glyc\u00e9mie est basse. (+1)\r\n                                                    <\/label>\r\n                    <\/div>\r\n                <\/div>\r\n            <\/div>\r\n            <div class=\"form-group row\">\r\n                <div class=\"col-sm-8 col-form-label\">\r\n                                    Lorsque votre glyc\u00e9mie est basse, avez-vous moins de sympt\u00f4mes que dans le pass\u00e9?\r\n                                <\/div>\r\n                <div class=\"col-sm-4 mt-3\">\r\n                    <div class=\"d-flex btn-group btn-group-toggle\" data-toggle=\"buttons\">\r\n                        <label class=\"btn btn-outline-secondary\">\r\n                            <input type=\"radio\" name=\"low-bs-less-symptoms\" id=\"medical-calculator-clarke-low-bs-less-symptoms-n\" value=\"N\" tabindex=\"4\" autocomplete=\"off\">\r\n                                                        Non\r\n                                                    <\/label>\r\n                        <label class=\"btn btn-outline-secondary\">\r\n                            <input type=\"radio\" name=\"low-bs-less-symptoms\" id=\"medical-calculator-clarke-low-bs-less-symptoms-y\" value=\"Y\" tabindex=\"5\" autocomplete=\"off\">\r\n                                                        Oui (+1)\r\n                                                    <\/label>\r\n                    <\/div>\r\n                <\/div>\r\n            <\/div>\r\n            <div class=\"form-group row\">\r\n                <div class=\"col-sm-8 col-form-label\">\r\n                                            Au cours des six derniers mois, combien de fois avez-vous eu des hypoglyc\u00e9mies s\u00e9v\u00e8res au cours desquelles vous vous \u00eates senti confus, d\u00e9sorient\u00e9, pas en \u00e9tat de vous prendre en charge, sans pour autant perdre connaissance?\r\n                                    <\/div>\r\n                <div class=\"col-sm-4\">\r\n                    <div class=\"btn-group-toggle\" data-toggle=\"buttons\">\r\n                        <label class=\"btn btn-outline-secondary btn-block\">\r\n                            <input type=\"radio\" name=\"severe-hypoglycaemia-6mon\" id=\"medical-calculator-clarke-severe-hypoglycaemia-6mon-1\" value=\"1\" tabindex=\"6\" autocomplete=\"off\">\r\n                                                        Jamais\r\n                                                    <\/label>\r\n                        <label class=\"btn btn-outline-secondary btn-block\">\r\n                            <input type=\"radio\" name=\"severe-hypoglycaemia-6mon\" id=\"medical-calculator-clarke-severe-hypoglycaemia-6mon-2\" value=\"2\" tabindex=\"7\" autocomplete=\"off\">\r\n                                                        1\u20132\u00d7 (+1)\r\n                                                    <\/label>\r\n                        <label class=\"btn btn-outline-secondary btn-block\">\r\n                            <input type=\"radio\" name=\"severe-hypoglycaemia-6mon\" id=\"medical-calculator-clarke-severe-hypoglycaemia-6mon-3\" value=\"3\" tabindex=\"8\" autocomplete=\"off\">\r\n                                                        Tous les deux mois (+1)\r\n                                                    <\/label>\r\n                        <label class=\"btn btn-outline-secondary btn-block\">\r\n                            <input type=\"radio\" name=\"severe-hypoglycaemia-6mon\" id=\"medical-calculator-clarke-severe-hypoglycaemia-6mon-4\" value=\"4\" tabindex=\"9\" autocomplete=\"off\">\r\n                                                        tous les mois (+1)\r\n                                                    <\/label>\r\n                        <label class=\"btn btn-outline-secondary btn-block\">\r\n                            <input type=\"radio\" name=\"severe-hypoglycaemia-6mon\" id=\"medical-calculator-clarke-severe-hypoglycaemia-6mon-5\" value=\"5\" tabindex=\"10\" autocomplete=\"off\">\r\n                                                        Plus de 1x par mois (+1)\r\n                                                    <\/label>\r\n                    <\/div>\r\n                <\/div>\r\n            <\/div>\r\n            <div class=\"form-group row\">\r\n                <div class=\"col-sm-8 col-form-label\">\r\n                                            Combien d'hypoglyc\u00e9mies s\u00e9v\u00e8res ayant entra\u00een\u00e9 une perte de connaissance, des convulsions ou ayant n\u00e9cessit\u00e9 une injection de glucagon ou de glucose avez-vous eu l'ann\u00e9e derni\u00e8re?\r\n                                    <\/div>\r\n                <div class=\"col-sm-4\">\r\n                    <div class=\"btn-group-toggle\" data-toggle=\"buttons\">\r\n                        <label class=\"btn btn-outline-secondary btn-block\">\r\n                            <input type=\"radio\" name=\"severe-hypoglycaemia-12mon\" id=\"severe-hypoglycaemia-12mon-1\" value=\"1\" tabindex=\"11\" autocomplete=\"off\">\r\n                                                        Aucune\r\n                                                    <\/label>\r\n                        <label class=\"btn btn-outline-secondary btn-block\">\r\n                            <input type=\"radio\" name=\"severe-hypoglycaemia-12mon\" id=\"severe-hypoglycaemia-12mon-2\" value=\"2\" tabindex=\"12\" autocomplete=\"off\">\r\n                                                        1\u00d7 ou plus (+1)\r\n                                                    <\/label>\r\n                    <\/div>\r\n                <\/div>\r\n            <\/div>\r\n            <div class=\"form-group row\">\r\n                <div class=\"col-sm-8 col-form-label\">\r\n                                            Au cours des quatre derni\u00e8res semaines, combien de fois votre glyc\u00e9mie est-elle descendue en dessous de 3,9 mmol\/l <u>en \u00e9tant accompagn\u00e9e<\/u>u> de sympt\u00f4mes ?\r\n                                    <\/div>\r\n                <div class=\"col-sm-4\">\r\n                    <div class=\"btn-group-toggle\" data-toggle=\"buttons\">\r\n                        <label class=\"btn btn-outline-secondary btn-block\">\r\n                            <input type=\"radio\" name=\"bs-lt-3-9-mmol-ps-4w\" id=\"medical-calculator-clarke-bs-lt-3-9-mmol-ps-4w-1\" value=\"1\" tabindex=\"13\" autocomplete=\"off\">\r\n                                                        Jamais\r\n                                                    <\/label>\r\n                        <label class=\"btn btn-outline-secondary btn-block\">\r\n                            <input type=\"radio\" name=\"bs-lt-3-9-mmol-ps-4w\" id=\"medical-calculator-clarke-bs-lt-3-9-mmol-ps-4w-2\" value=\"2\" tabindex=\"14\" autocomplete=\"off\">\r\n                                                        1\u20133\u00d7\r\n                                                    <\/label>\r\n                        <label class=\"btn btn-outline-secondary btn-block\">\r\n                            <input type=\"radio\" name=\"bs-lt-3-9-mmol-ps-4w\" id=\"medical-calculator-clarke-bs-lt-3-9-mmol-ps-4w-3\" value=\"3\" tabindex=\"15\" autocomplete=\"off\">\r\n                                                        1\u00d7 par semaine\r\n                                                    <\/label>\r\n                        <label class=\"btn btn-outline-secondary btn-block\">\r\n                            <input type=\"radio\" name=\"bs-lt-3-9-mmol-ps-4w\" id=\"medical-calculator-clarke-bs-lt-3-9-mmol-ps-4w-4\" value=\"4\" tabindex=\"16\" autocomplete=\"off\">\r\n                                                        2\u20133\u00d7 par semaine\r\n                                                    <\/label>\r\n                        <label class=\"btn btn-outline-secondary btn-block\">\r\n                            <input type=\"radio\" name=\"bs-lt-3-9-mmol-ps-4w\" id=\"medical-calculator-clarke-bs-lt-3-9-mmol-ps-4w-5\" value=\"5\" tabindex=\"17\" autocomplete=\"off\">\r\n                                                        4\u20135\u00d7 par semaine\r\n                                                    <\/label>\r\n                        <label class=\"btn btn-outline-secondary btn-block\">\r\n                            <input type=\"radio\" name=\"bs-lt-3-9-mmol-ps-4w\" id=\"medical-calculator-clarke-bs-lt-3-9-mmol-ps-4w-6\" value=\"6\" tabindex=\"18\" autocomplete=\"off\">\r\n                                                        Presque tous les jours\r\n                                                    <\/label>\r\n                    <\/div>\r\n                <\/div>\r\n            <\/div>\r\n            <div class=\"form-group row\">\r\n                <div class=\"col-sm-8 col-form-label\">\r\n                                            Au cours des quatre derni\u00e8res semaines, combien de fois votre glyc\u00e9mie est-elle descendue en dessous de 3,9 mmol\/l <u>sans \u00eatre accompagn\u00e9e<\/u> de sympt\u00f4mes?\r\n                                    <\/div>\r\n                <div class=\"col-sm-4\">\r\n                    <div class=\"btn-group-toggle\" data-toggle=\"buttons\">\r\n                        <label class=\"btn btn-outline-secondary btn-block\">\r\n                            <input type=\"radio\" name=\"bs-lt-3-9-mmol-ms-4w\" id=\"medical-calculator-clarke-bs-lt-3-9-mmol-ms-4w-1\" value=\"1\" tabindex=\"19\" autocomplete=\"off\">\r\n                                                        Jamais\r\n                                                    <\/label>\r\n                        <label class=\"btn btn-outline-secondary btn-block\">\r\n                            <input type=\"radio\" name=\"bs-lt-3-9-mmol-ms-4w\" id=\"medical-calculator-clarke-bs-lt-3-9-mmol-ms-4w-2\" value=\"2\" tabindex=\"20\" autocomplete=\"off\">\r\n                                                        1\u20133\u00d7\r\n                                                    <\/label>\r\n                        <label class=\"btn btn-outline-secondary btn-block\">\r\n                            <input type=\"radio\" name=\"bs-lt-3-9-mmol-ms-4w\" id=\"medical-calculator-clarke-bs-lt-3-9-mmol-ms-4w-3\" value=\"3\" tabindex=\"21\" autocomplete=\"off\">\r\n                                                        1\u00d7 par semaine\r\n                                                    <\/label>\r\n                        <label class=\"btn btn-outline-secondary btn-block\">\r\n                            <input type=\"radio\" name=\"bs-lt-3-9-mmol-ms-4w\" id=\"medical-calculator-clarke-bs-lt-3-9-mmol-ms-4w-4\" value=\"4\" tabindex=\"22\" autocomplete=\"off\">\r\n                                                        2\u20133\u00d7 par semaine\r\n                                                    <\/label>\r\n                        <label class=\"btn btn-outline-secondary btn-block\">\r\n                            <input type=\"radio\" name=\"bs-lt-3-9-mmol-ms-4w\" id=\"medical-calculator-clarke-bs-lt-3-9-mmol-ms-4w-5\" value=\"5\" tabindex=\"23\" autocomplete=\"off\">\r\n                                                        4\u20135\u00d7 par semaine\r\n                                                    <\/label>                        \r\n                        <label class=\"btn btn-outline-secondary btn-block\">\r\n                            <input type=\"radio\" name=\"bs-lt-3-9-mmol-ms-4w\" id=\"medical-calculator-clarke-bs-lt-3-9-mmol-ms-4w-6\" value=\"6\" tabindex=\"24\" autocomplete=\"off\">\r\n                                                        Presque tous les jours\r\n                                                    <\/label>                        \r\n                    <\/div>\r\n                <\/div>\r\n            <\/div>\r\n            <div class=\"form-group row\" id=\"medical-calculator-mna-calf-circumference-wrapper\">\r\n                <div class=\"col-sm-8 col-form-label\">\r\n                                            Jusqu'\u00e0 quelle valeur votre glyc\u00e9mie doit-elle chuter pour que vous en perceviez les sympt\u00f4mes?\r\n                                    <\/div>\r\n                <div class=\"col-sm-4\">\r\n                    <div class=\"btn-group-toggle\" data-toggle=\"buttons\">\r\n                        <label class=\"btn btn-outline-secondary btn-block\">\r\n                            <input type=\"radio\" name=\"bs-val-perceive-symp\" id=\"medical-calculator-clarke-bs-val-perceive-symp-1\" value=\"1\" tabindex=\"25\" autocomplete=\"off\">\r\n                                                        3.3 \u2013 3.8 mmol\/l\r\n                                                    <\/label>\r\n                        <label class=\"btn btn-outline-secondary btn-block\">\r\n                            <input type=\"radio\" name=\"bs-val-perceive-symp\" id=\"medical-calculator-clarke-bs-val-perceive-symp-2\" value=\"2\" tabindex=\"26\" autocomplete=\"off\">\r\n                                                        2.8 \u2013 3.2 mmol\/l\r\n                                                    <\/label>\r\n                        <label class=\"btn btn-outline-secondary btn-block\">\r\n                            <input type=\"radio\" name=\"bs-val-perceive-symp\" id=\"medical-calculator-clarke-bs-val-perceive-symp-3\" value=\"3\" tabindex=\"27\" autocomplete=\"off\">\r\n                                                        2.2 \u2013 2.7 mmol\/l (+1)\r\n                                                    <\/label>\r\n                        <label class=\"btn btn-outline-secondary btn-block\">\r\n                            <input type=\"radio\" name=\"bs-val-perceive-symp\" id=\"medical-calculator-clarke-bs-val-perceive-symp-4\" value=\"4\" tabindex=\"28\" autocomplete=\"off\">\r\n                                                        &lt; 2.2 mmol\/l (+1)\r\n                                                    <\/label>\r\n                    <\/div>\r\n                <\/div>\r\n            <\/div>\r\n            <div class=\"form-group row\" id=\"medical-calculator-mna-calf-circumference-wrapper\">\r\n                <div class=\"col-sm-8 col-form-label\">\r\n                                            Pouvez-vous identifier avec fiabilit\u00e9 que votre glyc\u00e9mie est basse sur la base de vos sympt\u00f4mes?\r\n                                    <\/div>\r\n                <div class=\"col-sm-4\">\r\n                    <div class=\"btn-group-toggle\" data-toggle=\"buttons\">\r\n                        <label class=\"btn btn-outline-secondary btn-block\">\r\n                            <input type=\"radio\" name=\"low-bs-recognize-symp\" id=\"medical-calculator-clarke-low-bs-recognize-symp-1\" value=\"1\" tabindex=\"29\" autocomplete=\"off\">\r\n                                                        Toujours\r\n                                                    <\/label>\r\n                        <label class=\"btn btn-outline-secondary btn-block\">\r\n                            <input type=\"radio\" name=\"low-bs-recognize-symp\" id=\"medical-calculator-clarke-low-bs-recognize-symp-2\" value=\"2\" tabindex=\"30\" autocomplete=\"off\">\r\n                                                        Souvent\r\n                                                    <\/label>\r\n                        <label class=\"btn btn-outline-secondary btn-block\">\r\n                            <input type=\"radio\" name=\"low-bs-recognize-symp\" id=\"medical-calculator-clarke-low-bs-recognize-symp-3\" value=\"3\" tabindex=\"31\" autocomplete=\"off\">\r\n                                                        Parfois (+1)\r\n                                                    <\/label>\r\n                        <label class=\"btn btn-outline-secondary btn-block\">\r\n                            <input type=\"radio\" name=\"low-bs-recognize-symp\" id=\"medical-calculator-clarke-low-bs-recognize-symp-4\" value=\"4\" tabindex=\"32\" autocomplete=\"off\">\r\n                                                        Rarement (+1)\r\n                                                    <\/label>\r\n                        <label class=\"btn btn-outline-secondary btn-block\">\r\n                            <input type=\"radio\" name=\"low-bs-recognize-symp\" id=\"medical-calculator-clarke-low-bs-recognize-symp-5\" value=\"5\" tabindex=\"33\" autocomplete=\"off\">\r\n                                                        Jamais (+1)\r\n                                                    <\/label>\r\n                    <\/div>\r\n                <\/div>\r\n            <\/div>\r\n        <\/form>\r\n\r\n        <div class=\"row\">\r\n            <div class=\"col-sm-12\">\r\n                <div id=\"medical-calculator-clarke-result-text\" class=\"result-text\">\r\n                    <p><h5>\r\n                                                Score de Clarke:\r\n                         <span id=\"medical-calculator-clarke-result-value\"><\/span><\/h5><\/p>\r\n                    <p id=\"medical-calculator-clarke-result-interpretation\"><\/p>\r\n                <\/div>\r\n            <\/div>\r\n        <\/div>\r\n\r\n        <div class=\"row\">\r\n            <div class=\"col-sm-12 mt-3\">\r\n                <h5>\r\n                                            Interpr\u00e9tation\r\n                                    <\/h5>\r\n                <div class=\"table-responsive-sm\">\r\n                    <table class=\"table table-bordered\">\r\n                        <thead>\r\n                            <tr>\r\n                                <th>\r\n                                                                            Points\r\n                                                                    <\/th>\r\n                                <th>\r\n                                                                            Recommandation\r\n                                                                    <\/th>\r\n                            <\/tr>\r\n                        <\/thead>\r\n                        <tbody>\r\n                            <tr class=\"table-row-a\">\r\n                                <td>\r\n                                                                            &le; 3\r\n                                                                        \r\n                                <\/td>\r\n                                <td>\r\n                                                                            Perception normale de l'hypoglyc\u00e9mie\r\n                                                                    <\/td>\r\n                            <\/tr>\r\n                            <tr class=\"table-row-b\">\r\n                                <td>\r\n                                                                            &ge; 4\r\n                                                                        \r\n                                <\/td>\r\n                                <td>\r\n                                                                            Perception r\u00e9duite de l'hypoglyc\u00e9mie\r\n                                                                    <\/td>\r\n                            <\/tr>\r\n                        <\/tbody>\r\n                    <\/table>\r\n                <\/div>\r\n            <\/div>\r\n        <\/div>\r\n\r\n        <div class=\"row\">\r\n            <div class=\"col-sm-12 mt-3\">\r\n                <h5>\r\n                                            R\u00e9f\u00e9rences\r\n                                    <\/h5>\r\n                <ol class=\"references\">\r\n                    <li id=\"clarke-cite-note-1\">Lehmann R, Czock A, Egli M et al. (2017) Schweizerische Gesellschaft f\u00fcr Endokrinologie und Diabetologie. Richtlinien bez\u00fcglich Fahreignung und Fahrf\u00e4higkeit bei Diabetes mellitus. Abgerufen von https:\/\/www.sgedssed.ch<\/li>\r\n                <\/ol>\r\n            <\/div>\r\n        <\/div>\r\n    <\/div>\r\n    <script type=\"text\/javascript\">\r\n                var medical_calculator_clarke_messages = {\r\n            'interpretation_lte_3' : 'Perception normale de l\\'hypoglyc\u00e9mie',\r\n            'interpretation_gte_4' : 'Perception r\u00e9duite de l\\'hypoglyc\u00e9mie',\r\n            'point' : 'point',\r\n            'points' : 'points'\r\n        };\r\n            <\/script>\r\n\n","protected":false},"excerpt":{"rendered":"<p>Le score de Clarke permet d\u2019\u00e9valuer le degr\u00e9 de perception des hypoglyc\u00e9mies par les patients. La Soci\u00e9t\u00e9 suisse d\u2019endocrinologie et diab\u00e9tologie (SSED) le recommande notamment pour l\u2019\u00e9valuation de l&rsquo;aptitude et la capacit\u00e9 \u00e0 conduire en cas de diab\u00e8te.<\/p>\n","protected":false},"author":3,"featured_media":0,"parent":7598,"menu_order":569,"comment_status":"closed","ping_status":"closed","template":"","meta":{"_acf_changed":false,"inline_featured_image":false,"footnotes":""},"class_list":["post-13817","page","type-page","status-publish","hentry"],"acf":[],"_links":{"self":[{"href":"https:\/\/www.inanutshell.ch\/fr\/wp-json\/wp\/v2\/pages\/13817","targetHints":{"allow":["GET"]}}],"collection":[{"href":"https:\/\/www.inanutshell.ch\/fr\/wp-json\/wp\/v2\/pages"}],"about":[{"href":"https:\/\/www.inanutshell.ch\/fr\/wp-json\/wp\/v2\/types\/page"}],"author":[{"embeddable":true,"href":"https:\/\/www.inanutshell.ch\/fr\/wp-json\/wp\/v2\/users\/3"}],"replies":[{"embeddable":true,"href":"https:\/\/www.inanutshell.ch\/fr\/wp-json\/wp\/v2\/comments?post=13817"}],"version-history":[{"count":1,"href":"https:\/\/www.inanutshell.ch\/fr\/wp-json\/wp\/v2\/pages\/13817\/revisions"}],"predecessor-version":[{"id":13818,"href":"https:\/\/www.inanutshell.ch\/fr\/wp-json\/wp\/v2\/pages\/13817\/revisions\/13818"}],"up":[{"embeddable":true,"href":"https:\/\/www.inanutshell.ch\/fr\/wp-json\/wp\/v2\/pages\/7598"}],"wp:attachment":[{"href":"https:\/\/www.inanutshell.ch\/fr\/wp-json\/wp\/v2\/media?parent=13817"}],"curies":[{"name":"wp","href":"https:\/\/api.w.org\/{rel}","templated":true}]}}