{"id":13819,"date":"2020-10-27T09:11:29","date_gmt":"2020-10-27T08:11:29","guid":{"rendered":"https:\/\/www.inanutshell.ch\/?page_id=13819"},"modified":"2020-10-27T09:11:29","modified_gmt":"2020-10-27T08:11:29","slug":"mini-nutritional-assessment-version-courte","status":"publish","type":"page","link":"https:\/\/www.inanutshell.ch\/fr\/calculateurs\/mini-nutritional-assessment-version-courte\/","title":{"rendered":"Mini Nutritional Assessment\u00ae (version courte)"},"content":{"rendered":"<p>Un r\u00e9gime alimentaire optimal vise \u00e0 pr\u00e9venir la d\u00e9t\u00e9rioration des fonctions mentales et physiques ainsi que les complications des maladies et des traitements, tout en raccourcissant la p\u00e9riode de convalescence. Le Mini Nutritional Assessment\u00ae (MNA\u00ae) a \u00e9t\u00e9 d\u00e9velopp\u00e9 pour d\u00e9tecter les patients \u00e2g\u00e9s de plus de 65 ans en \u00e9tat ou \u00e0 risque de d\u00e9nutrition. Le d\u00e9pistage peut se r\u00e9aliser en ambulatoire comme en stationnaire. La Soci\u00e9t\u00e9 europ\u00e9enne de nutrition clinique et m\u00e9tabolisme (ESPEN) recommande d\u2019administrer le MNA\u00ae \u00e0 tous les patients \u00e2g\u00e9s.<\/p>\n    <div class=\"medical-calculator mna\" id=\"medical-calculator-mna\">\r\n        <form>\r\n            <div class=\"form-group row\">\r\n                <div class=\"col-sm-5 col-form-label\">\r\n                                            Le patient a-t-il moins mang\u00e9 ces 3 derniers mois, par manque d'app\u00e9tit, probl\u00e8mes digestifs, difficult\u00e9s de mastication ou de d\u00e9glutition?\r\n                                    <\/div>\r\n                <div class=\"col-sm-7\">\r\n                    <div class=\"btn-group-toggle\" data-toggle=\"buttons\">\r\n                        <label class=\"btn btn-outline-secondary btn-block\">\r\n                            <input type=\"radio\" name=\"ingestion-reduction\" id=\"medical-calculator-mna-ingestion-reduction-1\" value=\"1\" tabindex=\"1\" autocomplete=\"off\">\r\n                                                        Pas de baisse des prises alimentaires (+2)\r\n                                                    <\/label>\r\n                        <label class=\"btn btn-outline-secondary btn-block\">\r\n                            <input type=\"radio\" name=\"ingestion-reduction\" id=\"medical-calculator-mna-ingestion-reduction-2\" value=\"2\" tabindex=\"2\" autocomplete=\"off\">\r\n                                                        Baisse l\u00e9g\u00e8re des prises alimentaires (+1)\r\n                                                    <\/label>\r\n                        <label class=\"btn btn-outline-secondary btn-block\">\r\n                            <input type=\"radio\" name=\"ingestion-reduction\" id=\"medical-calculator-mna-ingestion-reduction-3\" value=\"3\" tabindex=\"3\" autocomplete=\"off\">\r\n                                                        Baisse s\u00e9v\u00e8re des prises alimentaires\r\n                                                    <\/label>\r\n                    <\/div>\r\n                <\/div>\r\n            <\/div>\r\n            <div class=\"form-group row\">\r\n                <div class=\"col-sm-5 col-form-label\">\r\n                                            Perte de poids au cours des 3 derniers mois\r\n                                    <\/div>\r\n                <div class=\"col-sm-7\">\r\n                    <div class=\"btn-group-toggle\" data-toggle=\"buttons\">\r\n                        <label class=\"btn btn-outline-secondary btn-block\">\r\n                            <input type=\"radio\" name=\"weight-loss-last-3mon\" id=\"medical-calculator-mna-weight-loss-last-3mon-1\" value=\"1\" tabindex=\"4\" autocomplete=\"off\">\r\n                                                        Pas de perte de poids (+3)\r\n                                                    <\/label>\r\n                        <label class=\"btn btn-outline-secondary btn-block\">\r\n                            <input type=\"radio\" name=\"weight-loss-last-3mon\" id=\"medical-calculator-mna-weight-loss-last-3mon-2\" value=\"2\" tabindex=\"5\" autocomplete=\"off\">\r\n                                                        De 1 \u00e0 3 kg (+2)\r\n                                                    <\/label>\r\n                        <label class=\"btn btn-outline-secondary btn-block\">\r\n                            <input type=\"radio\" name=\"weight-loss-last-3mon\" id=\"medical-calculator-mna-weight-loss-last-3mon-3\" value=\"3\" tabindex=\"6\" autocomplete=\"off\">\r\n                                                        Ne sait pas (+1)\r\n                                                    <\/label>\r\n                        <label class=\"btn btn-outline-secondary btn-block\">\r\n                            <input type=\"radio\" name=\"weight-loss-last-3mon\" id=\"medical-calculator-mna-weight-loss-last-3mon-4\" value=\"4\" tabindex=\"7\" autocomplete=\"off\">\r\n                                                        &gt; 3 kg\r\n                                                    <\/label>\r\n                    <\/div>\r\n                <\/div>\r\n            <\/div>\r\n            <div class=\"form-group row\">\r\n                <div class=\"col-sm-5 col-form-label\">\r\n                                            Motricit\u00e9\r\n                                    <\/div>\r\n                <div class=\"col-sm-7\">\r\n                    <div class=\"btn-group-toggle\" data-toggle=\"buttons\">\r\n                        <label class=\"btn btn-outline-secondary btn-block\">\r\n                            <input type=\"radio\" name=\"mobility\" id=\"medical-calculator-mna-mobility-1\" value=\"1\" tabindex=\"8\" autocomplete=\"off\">\r\n                                                        Sort du domicile (+2)\r\n                                                    <\/label>\r\n                        <label class=\"btn btn-outline-secondary btn-block\">\r\n                            <input type=\"radio\" name=\"mobility\" id=\"medical-calculator-mna-mobility-2\" value=\"2\" tabindex=\"9\" autocomplete=\"off\">\r\n                                                        Autonome \u00e0 l\u2019int\u00e9rieur (+1)\r\n                                                    <\/label>\r\n                        <label class=\"btn btn-outline-secondary btn-block\">\r\n                            <input type=\"radio\" name=\"mobility\" id=\"medical-calculator-mna-mobility-3\" value=\"3\" tabindex=\"10\" autocomplete=\"off\">\r\n                                                        Du lit au fauteuil\r\n                                                    <\/label>\r\n                    <\/div>\r\n                <\/div>\r\n            <\/div>\r\n            <div class=\"form-group row\">\r\n                <div class=\"col-sm-5 col-form-label\">\r\n                                    Maladie aigu\u00eb ou stress psychologique au cours des 3 derniers mois\r\n                                <\/div>\r\n                <div class=\"col-sm-7 mt-sm-2\">\r\n                    <div class=\"d-flex btn-group btn-group-toggle\" data-toggle=\"buttons\">\r\n                        <label class=\"btn btn-outline-secondary\">\r\n                            <input type=\"radio\" name=\"illness-last-3mon\" id=\"medical-calculator-mna-illness-last-3mon-n\" value=\"N\" tabindex=\"11\" autocomplete=\"off\">\r\n                                                        Non (+2)\r\n                                                    <\/label>\r\n                        <label class=\"btn btn-outline-secondary\">\r\n                            <input type=\"radio\" name=\"illness-last-3mon\" id=\"medical-calculator-mna-illness-last-3mon-y\" value=\"Y\" tabindex=\"12\" autocomplete=\"off\">\r\n                                                        Oui\r\n                                                    <\/label>\r\n                    <\/div>\r\n                <\/div>\r\n            <\/div>\r\n            <div class=\"form-group row\">\r\n                <div class=\"col-sm-5 col-form-label\">\r\n                                            Probl\u00e8mes neuropsychologiques\r\n                                    <\/div>\r\n                <div class=\"col-sm-7\">\r\n                    <div class=\"btn-group-toggle\" data-toggle=\"buttons\">\r\n                        <label class=\"btn btn-outline-secondary btn-block\">\r\n                            <input type=\"radio\" name=\"neurological-problems\" id=\"medical-calculator-mna-neurological-problems-1\" value=\"1\" tabindex=\"13\" autocomplete=\"off\">\r\n                                                        Pas de probl\u00e8me psychologique (+2)\r\n                                                    <\/label>\r\n                        <label class=\"btn btn-outline-secondary btn-block\">\r\n                            <input type=\"radio\" name=\"neurological-problems\" id=\"medical-calculator-mna-neurological-problems-2\" value=\"2\" tabindex=\"14\" autocomplete=\"off\">\r\n                                                        D\u00e9mence l\u00e9g\u00e8re (+1)\r\n                                                    <\/label>\r\n                        <label class=\"btn btn-outline-secondary btn-block\">\r\n                            <input type=\"radio\" name=\"neurological-problems\" id=\"medical-calculator-mna-neurological-problems-3\" value=\"3\" tabindex=\"15\" autocomplete=\"off\">\r\n                                                        D\u00e9mence ou d\u00e9pression s\u00e9v\u00e8re\r\n                                                    <\/label>\r\n                    <\/div>\r\n                <\/div>\r\n            <\/div>\r\n            <div class=\"form-group row\">\r\n                <div class=\"col-sm-5 col-form-label\">\r\n                                            Indice de masse corporelle\r\n                                    <\/div>\r\n                <div class=\"col-sm-7\">\r\n                    <div class=\"btn-group-toggle\" data-toggle=\"buttons\">\r\n                        <label class=\"btn btn-outline-secondary btn-block\">\r\n                            <input type=\"radio\" name=\"bmi\" id=\"medical-calculator-mna-bmi-1\" value=\"1\" tabindex=\"16\" autocomplete=\"off\">\r\n                                                        &ge; 23 kg\/m\u00b2 (+3)\r\n                                                    <\/label>\r\n                        <label class=\"btn btn-outline-secondary btn-block\">\r\n                            <input type=\"radio\" name=\"bmi\" id=\"medical-calculator-mna-bmi-2\" value=\"2\" tabindex=\"17\" autocomplete=\"off\">\r\n                                                        De 21 \u00e0 23 kg\/m\u00b2 (+2)\r\n                                                    <\/label>\r\n                        <label class=\"btn btn-outline-secondary btn-block\">\r\n                            <input type=\"radio\" name=\"bmi\" id=\"medical-calculator-mna-bmi-3\" value=\"3\" tabindex=\"18\" autocomplete=\"off\">\r\n                                                        De 19 \u00e0 21 kg\/m\u00b2 (+1)\r\n                                                    <\/label>\r\n                        <label class=\"btn btn-outline-secondary btn-block\">\r\n                            <input type=\"radio\" name=\"bmi\" id=\"medical-calculator-mna-bmi-4\" value=\"4\" tabindex=\"19\" autocomplete=\"off\">\r\n                                                        &lt; 19 kg\/m\u00b2\r\n                                                    <\/label>\r\n                        <label class=\"btn btn-outline-secondary btn-block\">\r\n                            <input type=\"radio\" name=\"bmi\" id=\"medical-calculator-mna-bmi-5\" value=\"5\" tabindex=\"20\" autocomplete=\"off\">\r\n                                                        Inconnu\r\n                                                    <\/label>                        \r\n                    <\/div>\r\n                <\/div>\r\n            <\/div>\r\n            <div class=\"form-group row d-none\" id=\"medical-calculator-mna-calf-circumference-wrapper\">\r\n                <div class=\"col-sm-5 col-form-label\">\r\n                                            Circonf\u00e9rence du mollet\r\n                                    <\/div>\r\n                <div class=\"col-sm-7\">\r\n                    <div class=\"btn-group-toggle\" data-toggle=\"buttons\">\r\n                        <label class=\"btn btn-outline-secondary btn-block\">\r\n                            <input type=\"radio\" name=\"calf-circumference\" id=\"medical-calculator-mna-calf-circumference-1\" value=\"1\" tabindex=\"21\" autocomplete=\"off\">\r\n                                                        &ge; 31 cm (+3)\r\n                                                    <\/label>\r\n                        <label class=\"btn btn-outline-secondary btn-block\">\r\n                            <input type=\"radio\" name=\"calf-circumference\" id=\"medical-calculator-mna-calf-circumference-2\" value=\"2\" tabindex=\"22\" autocomplete=\"off\">\r\n                                                        &lt; 31 cm\r\n                                                    <\/label>\r\n                    <\/div>\r\n                <\/div>\r\n            <\/div>\r\n        <\/form>\r\n\r\n        <div class=\"row\">\r\n            <div class=\"col-sm-12\">\r\n                <div id=\"medical-calculator-mna-result-text\" class=\"result-text\">\r\n                    <p><h5><span id=\"medical-calculator-mna-result-value\"><\/span>: <span id=\"medical-calculator-mna-result-value-text\"><\/span><\/h5><\/p>\r\n                    <p id=\"medical-calculator-mna-result-interpretation\"><\/p>\r\n                <\/div>\r\n            <\/div>\r\n        <\/div>\r\n\r\n        <div class=\"row\">\r\n            <div class=\"col-sm-12 mt-3\">\r\n                <h5>\r\n                                            Interpr\u00e9tation\r\n                                    <\/h5>\r\n                <div class=\"table-responsive-sm\">\r\n                    <table class=\"table table-bordered\">\r\n                        <thead>\r\n                            <tr>\r\n                                <th>\r\n                                                                            Points\r\n                                                                    <\/th>\r\n                                <th>\r\n                                                                            \u00c9tat nutritionnel\r\n                                                                    <\/th>\r\n                                <th>\r\n                                                                            Remarque\r\n                                                                    <\/th>\r\n                            <\/tr>\r\n                        <\/thead>\r\n                        <tbody>\r\n                            <tr class=\"table-row-a\">\r\n                                <td>\r\n                                                                            12 \u00e0 14\r\n                                                                        \r\n                                <\/td>\r\n                                <td>\r\n                                                                            \u00c9tat nutritionnel normal\r\n                                                                    <\/td>\r\n                                <td><\/td>\r\n                            <\/tr>\r\n                            <tr class=\"table-row-b\">\r\n                                <td>\r\n                                                                            8 \u00e0 11\r\n                                                                        \r\n                                <\/td>\r\n                                <td>\r\n                                                                            Risque de malnutrition\r\n                                                                    <\/td>\r\n                                <td>\r\n                                                                            Envisager un traitement nutritionnel\r\n                                                                    <\/td>\r\n                            <\/tr>\r\n                            <tr class=\"table-row-c\">\r\n                                <td>\r\n                                                                            &le; 7\r\n                                                                        \r\n                                <\/td>\r\n                                <td>\r\n                                                                            Mauvais \u00e9tat nutritionnel\r\n                                                                    <\/td>\r\n                                <td>\r\n                                                                            Traitement nutritionnel recommand\u00e9\r\n                                                                    <\/td>\r\n                            <\/tr>\r\n                        <\/tbody>\r\n                    <\/table>\r\n                <\/div>\r\n            <\/div>\r\n        <\/div>\r\n\r\n        <div class=\"row\">\r\n            <div class=\"col-sm-12 mt-3\">\r\n                <h5>\r\n                                            R\u00e9f\u00e9rences\r\n                                    <\/h5>\r\n                <ol class=\"references\">\r\n                    <li id=\"mna-cite-note-1\">Kondrup J, Allison SP, Elia M et al. ESPEN guidelines for nutrition screening 2002. Clin Nutr 2003; 22: 415-421<\/li>\r\n                    <li id=\"mna-cite-note-2\">Vellas B, Guigoz Y, Garry PJ et al. The Mini Nutritional Assessment (MNA) and its use in grading the nutritional state of elderly patients. Nutrition 1999; 15: 116-122<\/li>\r\n                <\/ol>\r\n            <\/div>\r\n        <\/div>\r\n    <\/div>\r\n    <script type=\"text\/javascript\">\r\n                var medical_calculator_mna_messages = {\r\n            'result_12_to_14' : '\u00c9tat nutritionnel normal',\r\n            'result_8_to_11' : 'Risque de malnutrition',\r\n            'result_le_7' : 'Mauvais \u00e9tat nutritionnel',\r\n            'interpretation_12_to_14' : '',\r\n            'interpretation_8_to_11' : 'Envisager un traitement nutritionnel',\r\n            'interpretation_le_7' : 'Traitement nutritionnel recommand\u00e9',\r\n            'point' : 'point',\r\n            'points' : 'points'\r\n        };\r\n            <\/script>\r\n\n<p>\u00ae Soci\u00e9t\u00e9 des Produits Nestl\u00e9, S.A., Vevey, Switzerland, Trademark Owners<\/p>\n","protected":false},"excerpt":{"rendered":"<p>Un r\u00e9gime alimentaire optimal vise \u00e0 pr\u00e9venir la d\u00e9t\u00e9rioration des fonctions mentales et physiques ainsi que les complications des maladies et des traitements, tout en raccourcissant la p\u00e9riode de convalescence. Le Mini Nutritional Assessment\u00ae (MNA\u00ae) a \u00e9t\u00e9 d\u00e9velopp\u00e9 pour d\u00e9tecter les patients \u00e2g\u00e9s de plus de 65 ans en \u00e9tat ou \u00e0 risque de d\u00e9nutrition. [&hellip;]<\/p>\n","protected":false},"author":3,"featured_media":0,"parent":7598,"menu_order":568,"comment_status":"closed","ping_status":"closed","template":"","meta":{"_acf_changed":false,"inline_featured_image":false,"footnotes":""},"class_list":["post-13819","page","type-page","status-publish","hentry"],"acf":[],"_links":{"self":[{"href":"https:\/\/www.inanutshell.ch\/fr\/wp-json\/wp\/v2\/pages\/13819","targetHints":{"allow":["GET"]}}],"collection":[{"href":"https:\/\/www.inanutshell.ch\/fr\/wp-json\/wp\/v2\/pages"}],"about":[{"href":"https:\/\/www.inanutshell.ch\/fr\/wp-json\/wp\/v2\/types\/page"}],"author":[{"embeddable":true,"href":"https:\/\/www.inanutshell.ch\/fr\/wp-json\/wp\/v2\/users\/3"}],"replies":[{"embeddable":true,"href":"https:\/\/www.inanutshell.ch\/fr\/wp-json\/wp\/v2\/comments?post=13819"}],"version-history":[{"count":1,"href":"https:\/\/www.inanutshell.ch\/fr\/wp-json\/wp\/v2\/pages\/13819\/revisions"}],"predecessor-version":[{"id":13820,"href":"https:\/\/www.inanutshell.ch\/fr\/wp-json\/wp\/v2\/pages\/13819\/revisions\/13820"}],"up":[{"embeddable":true,"href":"https:\/\/www.inanutshell.ch\/fr\/wp-json\/wp\/v2\/pages\/7598"}],"wp:attachment":[{"href":"https:\/\/www.inanutshell.ch\/fr\/wp-json\/wp\/v2\/media?parent=13819"}],"curies":[{"name":"wp","href":"https:\/\/api.w.org\/{rel}","templated":true}]}}