{"id":13838,"date":"2020-10-27T09:34:16","date_gmt":"2020-10-27T08:34:16","guid":{"rendered":"https:\/\/www.inanutshell.ch\/?page_id=13838"},"modified":"2020-10-27T09:35:04","modified_gmt":"2020-10-27T08:35:04","slug":"test-de-lhorloge","status":"publish","type":"page","link":"https:\/\/www.inanutshell.ch\/fr\/calculateurs\/test-de-lhorloge\/","title":{"rendered":"Test de l\u2019horloge"},"content":{"rendered":"<p>Le test de l&rsquo;horloge est utilis\u00e9 pour la d\u00e9tection pr\u00e9coce et le suivi d\u2019une d\u00e9mence. Sa publication originale par Shulman et al. date de 1993. <a href=\"#clock-drawing-cite-note-1\">[1]<\/a> Il teste la visuoconstruction, la m\u00e9moire, la perception spatiale, les fonctions ex\u00e9cutives et la r\u00e9solution de probl\u00e8mes. Le test utilis\u00e9 ici a \u00e9t\u00e9 modifi\u00e9 par Thalmann et al. de 2002 <a href=\"#clock-drawing-cite-note-2\">[2]<\/a> ; il est le mieux adapt\u00e9 au d\u00e9pistage de la d\u00e9mence.<\/p>\n<p><u>Passation<\/u><\/p>\n<ol>\n<li>Pr\u00e9sentez au patient la feuille sur laquelle est inscrit \u00ab Veuillez dessiner une horloge \u00bb avec un cercle pr\u00e9-dessin\u00e9 (<a href=\"https:\/\/www.inanutshell.ch\/wp-content\/uploads\/uhren-zeichen-test-vorlage-fr.pdf\" rel=\"noopener noreferrer\" target=\"_blank\">Lien vers la feuille type en PDF<\/a>).<\/li>\n<li>Donnez-lui les instructions suivantes: \u00abVeuillez dessiner une horloge avec tous les chiffres et les aiguilles qui sont n\u00e9cessaires, et dites-moi lorsque vous avez fini.\u00bb<\/li>\n<li>\u00abVeuillez maintenant noter dans la case en bas de page l\u2019heure indiqu\u00e9e sur l\u2019horloge que vous avez dessin\u00e9e, telle qu\u2019elle serait \u00e9crite par exemple sur un horaire de train ou un programme de t\u00e9l\u00e9vision.\u00bb<\/li>\n<\/ol>\n    <div class=\"medical-calculator clock-drawing\" id=\"medical-calculator-clock-drawing\">\r\n        <form>\r\n            <div class=\"form-group row\">\r\n                <div class=\"col-sm-8 col-form-label mt-auto\">\r\n                                    Les 12 chiffres sont-ils pr\u00e9sents?\r\n                                <\/div>\r\n                <div class=\"col-sm-4\">\r\n                    <div class=\"d-flex btn-group btn-group-toggle\" data-toggle=\"buttons\">\r\n                        <label class=\"btn btn-outline-secondary\">\r\n                            <input type=\"radio\" name=\"twelve-numbers\" id=\"medical-calculator-clock-drawing-twelve-numbers-n\" value=\"N\" tabindex=\"1\" autocomplete=\"off\">\r\n                                                        Non\r\n                                                    <\/label>\r\n                        <label class=\"btn btn-outline-secondary\">\r\n                            <input type=\"radio\" name=\"twelve-numbers\" id=\"medical-calculator-clock-drawing-twelve-numbers-y\" value=\"Y\" tabindex=\"2\" autocomplete=\"off\">\r\n                                                        Oui (+1)\r\n                                                    <\/label>\r\n                    <\/div>\r\n                <\/div>\r\n            <\/div>\r\n            <div class=\"form-group row\">\r\n                <div class=\"col-sm-8 col-form-label mt-auto\">\r\n                                    Le chiffre 12 est-il en haut?\r\n                                <\/div>\r\n                <div class=\"col-sm-4\">\r\n                    <div class=\"d-flex btn-group btn-group-toggle\" data-toggle=\"buttons\">\r\n                        <label class=\"btn btn-outline-secondary\">\r\n                            <input type=\"radio\" name=\"twelve-at-top\" id=\"medical-calculator-clock-drawing-twelve-at-top-n\" value=\"N\" tabindex=\"3\" autocomplete=\"off\">\r\n                                                        Non\r\n                                                    <\/label>\r\n                        <label class=\"btn btn-outline-secondary\">\r\n                            <input type=\"radio\" name=\"twelve-at-top\" id=\"medical-calculator-clock-drawing-twelve-at-top-y\" value=\"Y\" tabindex=\"4\" autocomplete=\"off\">\r\n                                                        Oui (+2)\r\n                                                    <\/label>\r\n                    <\/div>\r\n                <\/div>\r\n            <\/div>\r\n            <div class=\"form-group row\">\r\n                <div class=\"col-sm-8 col-form-label\">\r\n                                    Y a-t-il deux aiguilles distinctes (\u00e9paisseur ou longueur)?\r\n                                <\/div>\r\n                <div class=\"col-sm-4 mt-sm-2\">\r\n                    <div class=\"d-flex btn-group btn-group-toggle\" data-toggle=\"buttons\">\r\n                        <label class=\"btn btn-outline-secondary\">\r\n                            <input type=\"radio\" name=\"different-hands\" id=\"medical-calculator-clock-drawing-different-hands-n\" value=\"N\" tabindex=\"5\" autocomplete=\"off\">\r\n                                                        Non\r\n                                                    <\/label>\r\n                        <label class=\"btn btn-outline-secondary\">\r\n                            <input type=\"radio\" name=\"different-hands\" id=\"medical-calculator-clock-drawing-different-hands-y\" value=\"Y\" tabindex=\"6\" autocomplete=\"off\">\r\n                                                        Oui (+2)\r\n                                                    <\/label>\r\n                    <\/div>\r\n                <\/div>\r\n            <\/div>\r\n            <div class=\"form-group row\">\r\n                <div class=\"col-sm-8 col-form-label\">\r\n                                    L\u2019heure not\u00e9e par le patient est-elle \u00e9crite selon le \u00ab format d\u2019un horaire \u00bb?\r\n                                <\/div>\r\n                <div class=\"col-sm-4 mt-sm-2\">\r\n                    <div class=\"d-flex btn-group btn-group-toggle\" data-toggle=\"buttons\">\r\n                        <label class=\"btn btn-outline-secondary\">\r\n                            <input type=\"radio\" name=\"schedule-format\" id=\"medical-calculator-clock-drawing-schedule-format-n\" value=\"N\" tabindex=\"7\" autocomplete=\"off\">\r\n                                                        Non\r\n                                                    <\/label>\r\n                        <label class=\"btn btn-outline-secondary\">\r\n                            <input type=\"radio\" name=\"schedule-format\" id=\"medical-calculator-clock-drawing-schedule-format-y\" value=\"Y\" tabindex=\"8\" autocomplete=\"off\">\r\n                                                        Oui (+2)\r\n                                                    <\/label>\r\n                    <\/div>\r\n                <\/div>\r\n            <\/div>\r\n        <\/form>\r\n\r\n        <div class=\"row\">\r\n            <div class=\"col-sm-12\">\r\n                <div id=\"medical-calculator-clock-drawing-result-text\" class=\"result-text\">\r\n                    <p><h5>\r\n                                                    Test de l'horloge:\r\n                                            <span id=\"medical-calculator-clock-drawing-result-value\"><\/span><\/h5><\/p>\r\n                    <p id=\"medical-calculator-clock-drawing-result-interpretation\"><\/span>\r\n                    <p id=\"medical-calculator-clock-drawing-result-recommendation\"><\/p>\r\n                <\/div>\r\n            <\/div>\r\n        <\/div>\r\n\r\n        <div class=\"row\">\r\n            <div class=\"col-sm-12 mt-3\">\r\n                <h5>\r\n                                            Interpr\u00e9tation\r\n                                    <\/h5>\r\n                <div class=\"table-responsive-sm\">\r\n                    <table class=\"table table-bordered\">\r\n                        <thead>\r\n                            <tr>\r\n                                <th>\r\n                                                                            Points\r\n                                                                    <\/th>\r\n                                <th>\r\n                                                                            \u00c9valuation\r\n                                                                    <\/th>\r\n                                <th>\r\n                                                                            Recommandation\r\n                                                                    <\/th>\r\n                            <\/tr>\r\n                        <\/thead>\r\n                        <tbody>\r\n                            <tr class=\"table-row-a\">\r\n                                <td>\r\n                                                                            7\r\n                                                                        \r\n                                <\/td>\r\n                                <td>\r\n                                                                            Test normal\r\n                                                                    <\/td>\r\n                                <td>\r\n                                                                            \r\n                                                                    <\/td>\r\n                            <\/tr>\r\n                            <tr class=\"table-row-b\">\r\n                                <td>\r\n                                                                            6\r\n                                                                        \r\n                                <\/td>\r\n                                <td>\r\n                                                                            Test anormal\r\n                                                                    <\/td>\r\n                                <td>\r\n                                                                            Approfondir les examens au moyen p. ex. du Montreal Cognitive Assessment (MoCA) ou du Mini-Mental Status (MMS)\r\n                                                                    <\/td>\r\n                            <\/tr>\r\n                            <tr class=\"table-row-c\">\r\n                                <td>\r\n                                                                            &le; 5\r\n                                                                        \r\n                                <\/td>\r\n                                <td>\r\n                                                                            Test pathologique\r\n                                                                    <\/td>\r\n                                <td>\r\n                                                                            Investigation plus approfondie pour un bilan d\u00e9mence.\r\n                                                                    <\/td>\r\n                            <\/tr>\r\n                        <\/tbody>\r\n                    <\/table>\r\n                <\/div>\r\n            <\/div>\r\n        <\/div>\r\n\r\n        <div class=\"row\">\r\n            <div class=\"col-sm-12 mt-3\">\r\n                <h5>\r\n                                            R\u00e9f\u00e9rences\r\n                                    <\/h5>\r\n                <ol class=\"references\">\r\n                    <li id=\"clock-drawing-cite-note-1\">Shulman KI, Pushkar Gold D, Cohen CA et al. Clock-drawing and dementia in the community: A longitudinal study. International Journal of Geriatric Psychiatry 1993; 8: 487-496<\/li>\r\n                    <li id=\"clock-drawing-cite-note-2\">Thalmann B, Spiegel R, St\u00e4helin HB et al. Dementia screening in general practice: optimised scoring for the clock drawing test. Brain aging 2002; 2: 36-43<\/li>\r\n                <\/ol>\r\n            <\/div>\r\n        <\/div>\r\n    <\/div>\r\n    <script type=\"text\/javascript\">\r\n                var medical_calculator_clock_drawing_messages = {\r\n            'interpretation_7' : 'Test normal',\r\n            'interpretation_6' : 'Test anormal',\r\n            'interpretation_le5' : 'Test pathologique',\r\n            'recommendation_7' : '',\r\n            'recommendation_6' : 'Approfondir les examens au moyen p. ex. du Montreal Cognitive Assessment (MoCA) ou du Mini-Mental Status (MMS)',\r\n            'recommendation_le5' : 'Investigation plus approfondie pour un bilan d\u00e9mence.',\r\n            'point' : 'point',\r\n            'points' : 'points'\r\n        };\r\n            <\/script>\r\n\n","protected":false},"excerpt":{"rendered":"<p>Le test de l&rsquo;horloge est utilis\u00e9 pour la d\u00e9tection pr\u00e9coce et le suivi d\u2019une d\u00e9mence. Sa publication originale par Shulman et al. date de 1993. [1] Il teste la visuoconstruction, la m\u00e9moire, la perception spatiale, les fonctions ex\u00e9cutives et la r\u00e9solution de probl\u00e8mes. Le test utilis\u00e9 ici a \u00e9t\u00e9 modifi\u00e9 par Thalmann et al. de [&hellip;]<\/p>\n","protected":false},"author":3,"featured_media":0,"parent":7598,"menu_order":560,"comment_status":"closed","ping_status":"closed","template":"","meta":{"_acf_changed":false,"inline_featured_image":false,"footnotes":""},"class_list":["post-13838","page","type-page","status-publish","hentry"],"acf":[],"_links":{"self":[{"href":"https:\/\/www.inanutshell.ch\/fr\/wp-json\/wp\/v2\/pages\/13838","targetHints":{"allow":["GET"]}}],"collection":[{"href":"https:\/\/www.inanutshell.ch\/fr\/wp-json\/wp\/v2\/pages"}],"about":[{"href":"https:\/\/www.inanutshell.ch\/fr\/wp-json\/wp\/v2\/types\/page"}],"author":[{"embeddable":true,"href":"https:\/\/www.inanutshell.ch\/fr\/wp-json\/wp\/v2\/users\/3"}],"replies":[{"embeddable":true,"href":"https:\/\/www.inanutshell.ch\/fr\/wp-json\/wp\/v2\/comments?post=13838"}],"version-history":[{"count":1,"href":"https:\/\/www.inanutshell.ch\/fr\/wp-json\/wp\/v2\/pages\/13838\/revisions"}],"predecessor-version":[{"id":13841,"href":"https:\/\/www.inanutshell.ch\/fr\/wp-json\/wp\/v2\/pages\/13838\/revisions\/13841"}],"up":[{"embeddable":true,"href":"https:\/\/www.inanutshell.ch\/fr\/wp-json\/wp\/v2\/pages\/7598"}],"wp:attachment":[{"href":"https:\/\/www.inanutshell.ch\/fr\/wp-json\/wp\/v2\/media?parent=13838"}],"curies":[{"name":"wp","href":"https:\/\/api.w.org\/{rel}","templated":true}]}}