{"id":14032,"date":"2020-11-06T09:37:58","date_gmt":"2020-11-06T08:37:58","guid":{"rendered":"https:\/\/www.inanutshell.ch\/?page_id=14032"},"modified":"2020-11-06T09:37:58","modified_gmt":"2020-11-06T08:37:58","slug":"echelle-de-dyspnee-mmrc","status":"publish","type":"page","link":"https:\/\/www.inanutshell.ch\/fr\/calculateurs\/echelle-de-dyspnee-mmrc\/","title":{"rendered":"\u00c9chelle de dyspn\u00e9e mMRC"},"content":{"rendered":"<p>L\u2019\u00e9chelle de dyspn\u00e9e modifi\u00e9e du Medical Research Council (mMRC) permet de classer subjectivement la s\u00e9v\u00e9rit\u00e9 de la dyspn\u00e9e chez les patient\u00b7e\u00b7s atteint\u00b7e\u00b7s de bronchopneumopathie chronique obstructive (BPCO). Plus le stade est \u00e9lev\u00e9, plus la dyspn\u00e9e est s\u00e9v\u00e8re. Cela permet d\u2019\u00e9valuer le risque d\u2019exacerbation de la BPCO. Comme alternative, le <a href=\"https:\/\/www.inanutshell.ch\/fr\/calculateurs\/copd-assessment-test\/\" rel=\"noopener noreferrer\" target=\"_blank\">COPD Assessment Test\u2122 (CAT)<\/a> propose une classification d\u00e9taill\u00e9e.\n<\/p>\n    <div class=\"medical-calculator mmrc-dyspnea\" id=\"medical-calculator-mmrc-dyspnea\">\r\n        <form>\r\n            <div class=\"form-group row\">\r\n                <div class=\"col-sm-4 col-form-label\">\r\n                                            Sympt\u00f4mes\r\n                                    <\/div>\r\n                <div class=\"col-sm-8\">\r\n                    <div class=\"btn-group-toggle\" data-toggle=\"buttons\">\r\n                        <label class=\"btn btn-outline-secondary btn-block\">\r\n                            <input type=\"radio\" name=\"symptoms\" id=\"medical-calculator-mmrc-dyspnea-symptoms-1\" value=\"0\" tabindex=\"1\" autocomplete=\"off\">\r\n                                                        Pas de dyspn\u00e9e, sauf en cas d\u2019effort physique important.\r\n                                                    <\/label>\r\n                        <label class=\"btn btn-outline-secondary btn-block\">\r\n                            <input type=\"radio\" name=\"symptoms\" id=\"medical-calculator-mmrc-dyspnea-symptoms-2\" value=\"1\" tabindex=\"2\" autocomplete=\"off\">\r\n                                                        Dyspn\u00e9e lors de la marche rapide \u00e0 plat ou en pente l\u00e9g\u00e8re.\r\n                                                    <\/label>\r\n                        <label class=\"btn btn-outline-secondary btn-block\">\r\n                            <input type=\"radio\" name=\"symptoms\" id=\"medical-calculator-mmrc-dyspnea-symptoms-3\" value=\"2\" tabindex=\"3\" autocomplete=\"off\">\r\n                                                        Dyspn\u00e9e lors de la marche sur terrain plat en suivant quelqu\u2019un de son \u00e2ge ou obligeant \u00e0 s'arr\u00eater pour reprendre son souffle en marchant sur terrain plat \u00e0 son propre rythme.\r\n                                                    <\/label>\r\n                        <label class=\"btn btn-outline-secondary btn-block\">\r\n                            <input type=\"radio\" name=\"symptoms\" id=\"medical-calculator-mmrc-dyspnea-symptoms-4\" value=\"3\" tabindex=\"4\" autocomplete=\"off\">\r\n                                                        Dyspn\u00e9e obligeant \u00e0 s'arr\u00eater pour reprendre son souffle apr\u00e8s quelques minutes ou une centaine de m\u00e8tres \r\n                            sur terrain plat.\r\n                                                    <\/label>\r\n                        <label class=\"btn btn-outline-secondary btn-block\">\r\n                            <input type=\"radio\" name=\"symptoms\" id=\"medical-calculator-mmrc-dyspnea-symptoms-5\" value=\"4\" tabindex=\"5\" autocomplete=\"off\">\r\n                                                        Dyspn\u00e9e ne permettant plus de quitter le domicile, dyspn\u00e9e lors de l\u2019habillage ou du d\u00e9shabillage.\r\n                                                    <\/label>\r\n                    <\/div>\r\n                <\/div>\r\n            <\/div>\r\n        <\/form>\r\n        <div class=\"row\">\r\n            <div class=\"col-sm-12\">\r\n                <div id=\"medical-calculator-mmrc-dyspnea-result-text\" class=\"result-text\">\r\n                    <p><h5>\r\n                                                mMRC : stade\r\n                         <span id=\"medical-calculator-mmrc-dyspnea-result-value\"><\/span><\/h5><\/p>\r\n                    <p id=\"medical-calculator-mmrc-dyspnea-result-interpretation\"><\/p>\r\n                <\/div>\r\n            <\/div>\r\n        <\/div>\r\n\r\n        <div class=\"row\">\r\n            <div class=\"col-sm-12 mt-3\">\r\n                <h5>\r\n                                            Interpr\u00e9tation\r\n                                    <\/h5>\r\n                <div class=\"table-responsive-sm\">\r\n                    <table class=\"table table-bordered\">\r\n                        <thead>\r\n                            <tr>\r\n                                <th>\r\n                                                                            Stade\r\n                                                                    <\/th>\r\n                                <th>\r\n                                                                            Sympt\u00f4mes\r\n                                                                    <\/th>\r\n                                <th>\r\n                                                                            Description\r\n                                                                    <\/th>\r\n                            <\/tr>\r\n                        <\/thead>\r\n                        <tbody>\r\n                            <tr class=\"table-row-a\">\r\n                                <td>\r\n                                                                            0\r\n                                                                        \r\n                                <\/td>\r\n                                <td>\r\n                                                                            rares\r\n                                                                    <\/td>\r\n                                <td>\r\n                                                                            Pas de dyspn\u00e9e, sauf en cas d\u2019effort physique important.\r\n                                                                    <\/td>\r\n                            <\/tr>\r\n                            <tr class=\"table-row-b\">\r\n                                <td>\r\n                                                                            1\r\n                                                                        \r\n                                <\/td>\r\n                                <td>\r\n                                                                            l\u00e9gers\r\n                                                                    <\/td>\r\n                                <td>\r\n                                                                            Dyspn\u00e9e lors de la marche rapide \u00e0 plat ou en pente l\u00e9g\u00e8re.\r\n                                                                    <\/td>\r\n                            <\/tr>\r\n                            <tr class=\"table-row-c\">\r\n                                <td>\r\n                                                                            2\r\n                                                                        \r\n                                <\/td>\r\n                                <td>\r\n                                                                            mod\u00e9r\u00e9s\r\n                                                                    <\/td>\r\n                                <td>\r\n                                                                            Dyspn\u00e9e lors de la marche sur terrain plat en suivant quelqu\u2019un de son \u00e2ge ou obligeant \u00e0 s'arr\u00eater pour reprendre son souffle en marchant sur terrain plat \u00e0 son propre rythme.\r\n                                                                    <\/td>\r\n                            <\/tr>\r\n                            <tr class=\"table-row-d\">\r\n                                <td>\r\n                                                                            3\r\n                                                                        \r\n                                <\/td>\r\n                                <td>\r\n                                                                            s\u00e9v\u00e8res\r\n                                                                    <\/td>\r\n                                <td>\r\n                                                                            Dyspn\u00e9e obligeant \u00e0 s'arr\u00eater pour reprendre son souffle apr\u00e8s quelques minutes ou une centaine de m\u00e8tres sur terrain plat.\r\n                                                                    <\/td>\r\n                            <\/tr>\r\n                            <tr class=\"table-row-e\">\r\n                                <td>\r\n                                                                            4\r\n                                                                        \r\n                                <\/td>\r\n                                <td>\r\n                                                                            tr\u00e8s s\u00e9v\u00e8res\r\n                                                                    <\/td>\r\n                                <td>\r\n                                                                            Dyspn\u00e9e ne permettant plus de quitter le domicile, dyspn\u00e9e lors de l\u2019habillage ou du d\u00e9shabillage.\r\n                                                                    <\/td>\r\n                            <\/tr>\r\n                        <\/tbody>\r\n                    <\/table>\r\n                <\/div>\r\n            <\/div>\r\n        <\/div>\r\n\r\n        <div class=\"row\">\r\n            <div class=\"col-sm-12 mt-3\">\r\n                <h5>\r\n                                            R\u00e9f\u00e9rence\r\n                                    <\/h5>\r\n                <ol class=\"references\">\r\n                    <li id=\"mmrc-dyspnea-cite-note-1\">Mahler DA, Wells CK. Evaluation of clinical methods for rating dyspnea. Chest 1988; 93: 580-586<\/li>\r\n                <\/ol>\r\n            <\/div>\r\n        <\/div>\r\n    <\/div>\r\n    <script type=\"text\/javascript\">\r\n                var medical_calculator_mmrc_dyspnea_messages = {\r\n            'interpretation_0' : 'Sympt\u00f4mes rares : pas de dyspn\u00e9e, sauf en cas d\u2019effort physique important.',\r\n            'interpretation_1' : 'Sympt\u00f4mes l\u00e9gers : dyspn\u00e9e lors de la marche rapide \u00e0 plat ou en pente l\u00e9g\u00e8re.',\r\n            'interpretation_2' : 'Sympt\u00f4mes mod\u00e9r\u00e9s : dyspn\u00e9e lors de la marche sur terrain plat en suivant quelqu\u2019un de son \u00e2ge ou obligeant \u00e0 s\\'arr\u00eater pour reprendre son souffle en marchant sur terrain plat \u00e0 son propre rythme.',\r\n            'interpretation_3' : 'Sympt\u00f4mes s\u00e9v\u00e8res : dyspn\u00e9e obligeant \u00e0 s\\'arr\u00eater pour reprendre son souffle apr\u00e8s quelques minutes ou une centaine de m\u00e8tres sur terrain plat.',\r\n            'interpretation_4' : 'Sympt\u00f4mes tr\u00e8s s\u00e9v\u00e8res : dyspn\u00e9e ne permettant plus de quitter le domicile, dyspn\u00e9e lors de l\u2019habillage ou du d\u00e9shabillage.'\r\n        };\r\n            <\/script>\r\n\n","protected":false},"excerpt":{"rendered":"<p>L\u2019\u00e9chelle de dyspn\u00e9e modifi\u00e9e du Medical Research Council (mMRC) permet de classer subjectivement la s\u00e9v\u00e9rit\u00e9 de la dyspn\u00e9e chez les patient\u00b7e\u00b7s atteint\u00b7e\u00b7s de bronchopneumopathie chronique obstructive (BPCO). Plus le stade est \u00e9lev\u00e9, plus la dyspn\u00e9e est s\u00e9v\u00e8re. Cela permet d\u2019\u00e9valuer le risque d\u2019exacerbation de la BPCO. Comme alternative, le COPD Assessment Test\u2122 (CAT) propose une [&hellip;]<\/p>\n","protected":false},"author":3,"featured_media":0,"parent":7598,"menu_order":555,"comment_status":"closed","ping_status":"closed","template":"","meta":{"_acf_changed":false,"inline_featured_image":false,"footnotes":""},"class_list":["post-14032","page","type-page","status-publish","hentry"],"acf":[],"_links":{"self":[{"href":"https:\/\/www.inanutshell.ch\/fr\/wp-json\/wp\/v2\/pages\/14032","targetHints":{"allow":["GET"]}}],"collection":[{"href":"https:\/\/www.inanutshell.ch\/fr\/wp-json\/wp\/v2\/pages"}],"about":[{"href":"https:\/\/www.inanutshell.ch\/fr\/wp-json\/wp\/v2\/types\/page"}],"author":[{"embeddable":true,"href":"https:\/\/www.inanutshell.ch\/fr\/wp-json\/wp\/v2\/users\/3"}],"replies":[{"embeddable":true,"href":"https:\/\/www.inanutshell.ch\/fr\/wp-json\/wp\/v2\/comments?post=14032"}],"version-history":[{"count":1,"href":"https:\/\/www.inanutshell.ch\/fr\/wp-json\/wp\/v2\/pages\/14032\/revisions"}],"predecessor-version":[{"id":14033,"href":"https:\/\/www.inanutshell.ch\/fr\/wp-json\/wp\/v2\/pages\/14032\/revisions\/14033"}],"up":[{"embeddable":true,"href":"https:\/\/www.inanutshell.ch\/fr\/wp-json\/wp\/v2\/pages\/7598"}],"wp:attachment":[{"href":"https:\/\/www.inanutshell.ch\/fr\/wp-json\/wp\/v2\/media?parent=14032"}],"curies":[{"name":"wp","href":"https:\/\/api.w.org\/{rel}","templated":true}]}}