{"id":14037,"date":"2020-11-06T09:40:33","date_gmt":"2020-11-06T08:40:33","guid":{"rendered":"https:\/\/www.inanutshell.ch\/?page_id=14037"},"modified":"2020-11-06T09:40:33","modified_gmt":"2020-11-06T08:40:33","slug":"asthma-control-test","status":"publish","type":"page","link":"https:\/\/www.inanutshell.ch\/fr\/calculateurs\/asthma-control-test\/","title":{"rendered":"Asthma Control Test\u2122"},"content":{"rendered":"<p>L\u2019Asthma Control Test\u2122 (ACT) a pour objectif d\u2019\u00e9valuer le niveau de contr\u00f4le de l\u2019asthme des patients. Le r\u00e9sultat peut servir \u00e0 optimiser le traitement. L\u2019Asthma Control Test\u2122 est une marque d\u00e9pos\u00e9e de QualityMetric Incorporated.<\/p>\n    <div class=\"medical-calculator asthma-control\" id=\"medical-calculator-asthma-control\">\r\n        <form>\r\n            <div class=\"row\">\r\n                <div class=\"col-sm-12 col-form-label\">\r\n                                        <strong>G\u00eane<\/strong>\r\n                                    <\/div>\r\n            <\/div>\r\n            <div class=\"form-group row\">\r\n                <div class=\"col-sm-8 col-form-label\">\r\n                                            Au cours des <strong>4 derni\u00e8res semaines<\/strong>, votre asthme vous a-t-il g\u00ean\u00e9\u00b7e dans vos activit\u00e9s au travail, \u00e0 l\u2019\u00e9cole\/universit\u00e9 ou chez vous?\r\n                                    <\/div>\r\n                <div class=\"col-sm-4\">\r\n                    <div class=\"btn-group-toggle\" data-toggle=\"buttons\">\r\n                        <label class=\"btn btn-outline-secondary btn-block\">\r\n                            <input type=\"radio\" name=\"hindrance\" id=\"medical-calculator-asthma-control-hindrance-1\" value=\"1\" tabindex=\"1\" autocomplete=\"off\">\r\n                                                        Tout le temps (+1)\r\n                                                    <\/label>\r\n                        <label class=\"btn btn-outline-secondary btn-block\">\r\n                            <input type=\"radio\" name=\"hindrance\" id=\"medical-calculator-asthma-control-hindrance-2\" value=\"2\" tabindex=\"2\" autocomplete=\"off\">\r\n                                                        La plupart du temps\r\n                                                    <\/label>\r\n                        <label class=\"btn btn-outline-secondary btn-block\">\r\n                            <input type=\"radio\" name=\"hindrance\" id=\"medical-calculator-asthma-control-hindrance-3\" value=\"3\" tabindex=\"3\" autocomplete=\"off\">\r\n                                                        Parfois\r\n                                                    <\/label>\r\n                        <label class=\"btn btn-outline-secondary btn-block\">\r\n                            <input type=\"radio\" name=\"hindrance\" id=\"medical-calculator-asthma-control-hindrance-4\" value=\"4\" tabindex=\"4\" autocomplete=\"off\">\r\n                                                        Rarement\r\n                                                    <\/label>\r\n                        <label class=\"btn btn-outline-secondary btn-block\">\r\n                            <input type=\"radio\" name=\"hindrance\" id=\"medical-calculator-asthma-control-hindrance-5\" value=\"5\" tabindex=\"5\" autocomplete=\"off\">\r\n                                                        Jamais (+5)\r\n                                                    <\/label>\r\n                    <\/div>\r\n                <\/div>\r\n            <\/div>\r\n            <div class=\"row\">\r\n                <div class=\"col-sm-12 col-form-label\">\r\n                                        <strong>Essoufflement<\/strong>\r\n                                    <\/div>\r\n            <\/div>\r\n            <div class=\"form-group row\">\r\n                <div class=\"col-sm-8 col-form-label\">\r\n                                            Au cours des <strong>4 derni\u00e8res semaines<\/strong>, avez-vous \u00e9t\u00e9 essouffl\u00e9\u00b7e?\r\n                                    <\/div>\r\n                <div class=\"col-sm-4\">\r\n                    <div class=\"btn-group-toggle\" data-toggle=\"buttons\">\r\n                        <label class=\"btn btn-outline-secondary btn-block\">\r\n                            <input type=\"radio\" name=\"breathlessness\" id=\"medical-calculator-asthma-control-breathlessness-1\" value=\"1\" tabindex=\"6\" autocomplete=\"off\">\r\n                                                        Plus d\u2019une fois par jour ou plus (+1)\r\n                                                    <\/label>\r\n                        <label class=\"btn btn-outline-secondary btn-block\">\r\n                            <input type=\"radio\" name=\"breathlessness\" id=\"medical-calculator-asthma-control-breathlessness-2\" value=\"2\" tabindex=\"7\" autocomplete=\"off\">\r\n                                                        1x par jour\r\n                                                    <\/label>\r\n                        <label class=\"btn btn-outline-secondary btn-block\">\r\n                            <input type=\"radio\" name=\"breathlessness\" id=\"medical-calculator-asthma-control-breathlessness-3\" value=\"3\" tabindex=\"8\" autocomplete=\"off\">\r\n                                                        3 - 6x par semaine\r\n                                                    <\/label>\r\n                        <label class=\"btn btn-outline-secondary btn-block\">\r\n                            <input type=\"radio\" name=\"breathlessness\" id=\"medical-calculator-asthma-control-breathlessness-4\" value=\"4\" tabindex=\"9\" autocomplete=\"off\">\r\n                                                        1 - 2x par semaine\r\n                                                    <\/label>\r\n                        <label class=\"btn btn-outline-secondary btn-block\">\r\n                            <input type=\"radio\" name=\"breathlessness\" id=\"medical-calculator-asthma-control-breathlessness-5\" value=\"5\" tabindex=\"10\" autocomplete=\"off\">\r\n                                                        Jamais (+5)\r\n                                                    <\/label>\r\n                    <\/div>\r\n                <\/div>\r\n            <\/div>\r\n            <div class=\"row\">\r\n                <div class=\"col-sm-12 col-form-label\">\r\n                                        <strong>R\u00e9veil<\/strong>\r\n                                    <\/div>\r\n            <\/div>\r\n            <div class=\"form-group row\">\r\n                <div class=\"col-sm-8 col-form-label\">\r\n                                            Au cours des <strong>4 derni\u00e8res semaines<\/strong>, les sympt\u00f4mes de l\u2019asthme (sifflements dans la poitrine, toux, essoufflement, oppression ou douleur dans la poitrine) vous ont-ils r\u00e9veill\u00e9\u00b7e la nuit ou plus t\u00f4t que d\u2019habitude le matin?\r\n                                    <\/div>\r\n                <div class=\"col-sm-4\">\r\n                    <div class=\"btn-group-toggle\" data-toggle=\"buttons\">\r\n                        <label class=\"btn btn-outline-secondary btn-block\">\r\n                            <input type=\"radio\" name=\"awakening\" id=\"medical-calculator-asthma-control-awakening-1\" value=\"1\" tabindex=\"11\" autocomplete=\"off\">\r\n                                                        4 nuits ou plus par semaine (+1)\r\n                                                    <\/label>\r\n                        <label class=\"btn btn-outline-secondary btn-block\">\r\n                            <input type=\"radio\" name=\"awakening\" id=\"medical-calculator-asthma-control-awakening-2\" value=\"2\" tabindex=\"12\" autocomplete=\"off\">\r\n                                                        2 - 3 nuits par semaine\r\n                                                    <\/label>\r\n                        <label class=\"btn btn-outline-secondary btn-block\">\r\n                            <input type=\"radio\" name=\"awakening\" id=\"medical-calculator-asthma-control-awakening-3\" value=\"3\" tabindex=\"13\" autocomplete=\"off\">\r\n                                                        1x par semaine\r\n                                                    <\/label>\r\n                        <label class=\"btn btn-outline-secondary btn-block\">\r\n                            <input type=\"radio\" name=\"awakening\" id=\"medical-calculator-asthma-control-awakening-4\" value=\"4\" tabindex=\"14\" autocomplete=\"off\">\r\n                                                        1 - 2x au cours du mois dernier\r\n                                                    <\/label>\r\n                        <label class=\"btn btn-outline-secondary btn-block\">\r\n                            <input type=\"radio\" name=\"awakening\" id=\"medical-calculator-asthma-control-awakening-5\" value=\"5\" tabindex=\"15\" autocomplete=\"off\">\r\n                                                        Jamais (+5)\r\n                                                    <\/label>\r\n                    <\/div>\r\n                <\/div>\r\n            <\/div>\r\n            <div class=\"row\">\r\n                <div class=\"col-sm-12 col-form-label\">\r\n                                        <strong>Inhalations<\/strong>\r\n                                    <\/div>\r\n            <\/div>\r\n            <div class=\"form-group row\">\r\n                <div class=\"col-sm-8 col-form-label\">\r\n                                            Au cours des <strong>4 derni\u00e8res semaines<\/strong>, avez-vous utilis\u00e9 votre inhalateur\/n\u00e9bulisateur de secours (par exemple salbutamol)?\r\n                                    <\/div>\r\n                <div class=\"col-sm-4\">\r\n                    <div class=\"btn-group-toggle\" data-toggle=\"buttons\">\r\n                        <label class=\"btn btn-outline-secondary btn-block\">\r\n                            <input type=\"radio\" name=\"inhalation\" id=\"medical-calculator-asthma-control-inhalation-1\" value=\"1\" tabindex=\"16\" autocomplete=\"off\">\r\n                                                        3 fois par jour ou plus (+1)\r\n                                                    <\/label>\r\n                        <label class=\"btn btn-outline-secondary btn-block\">\r\n                            <input type=\"radio\" name=\"inhalation\" id=\"medical-calculator-asthma-control-inhalation-2\" value=\"2\" tabindex=\"17\" autocomplete=\"off\">\r\n                                                        1 - 2x par jour\r\n                                                    <\/label>\r\n                        <label class=\"btn btn-outline-secondary btn-block\">\r\n                            <input type=\"radio\" name=\"inhalation\" id=\"medical-calculator-asthma-control-inhalation-3\" value=\"3\" tabindex=\"18\" autocomplete=\"off\">\r\n                                                        2 - 3x par semaine\r\n                                                    <\/label>\r\n                        <label class=\"btn btn-outline-secondary btn-block\">\r\n                            <input type=\"radio\" name=\"inhalation\" id=\"medical-calculator-asthma-control-inhalation-4\" value=\"4\" tabindex=\"19\" autocomplete=\"off\">\r\n                                                        Un fois par semaine ou moins\r\n                                                    <\/label>\r\n                        <label class=\"btn btn-outline-secondary btn-block\">\r\n                            <input type=\"radio\" name=\"inhalation\" id=\"medical-calculator-asthma-control-inhalation-5\" value=\"5\" tabindex=\"20\" autocomplete=\"off\">\r\n                                                        Jamais (+5)\r\n                                                    <\/label>                        \r\n                    <\/div>\r\n                <\/div>\r\n            <\/div>\r\n            <div class=\"row\">\r\n                <div class=\"col-sm-12 col-form-label\">\r\n                                        <strong>Contr\u00f4le<\/strong>\r\n                                    <\/div>\r\n            <\/div>\r\n            <div class=\"form-group row\" id=\"medical-calculator-mna-calf-circumference-wrapper\">\r\n                <div class=\"col-sm-8 col-form-label\">\r\n                                            Comment \u00e9valueriez-vous le contr\u00f4le de votre asthme au cours des <strong>4 derni\u00e8res semaines<\/strong>?\r\n                                    <\/div>\r\n                <div class=\"col-sm-4\">\r\n                    <div class=\"btn-group-toggle\" data-toggle=\"buttons\">\r\n                        <label class=\"btn btn-outline-secondary btn-block\">\r\n                            <input type=\"radio\" name=\"control\" id=\"medical-calculator-asthma-control-control-1\" value=\"1\" tabindex=\"21\" autocomplete=\"off\">\r\n                                                        Pas contr\u00f4l\u00e9 du tout (+1)\r\n                                                    <\/label>\r\n                        <label class=\"btn btn-outline-secondary btn-block\">\r\n                            <input type=\"radio\" name=\"control\" id=\"medical-calculator-asthma-control-control-2\" value=\"2\" tabindex=\"22\" autocomplete=\"off\">\r\n                                                        Tr\u00e8s peu contr\u00f4l\u00e9\r\n                                                    <\/label>\r\n                        <label class=\"btn btn-outline-secondary btn-block\">\r\n                            <input type=\"radio\" name=\"control\" id=\"medical-calculator-asthma-control-control-3\" value=\"3\" tabindex=\"23\" autocomplete=\"off\">\r\n                                                        Un peu contr\u00f4l\u00e9\r\n                                                    <\/label>\r\n                        <label class=\"btn btn-outline-secondary btn-block\">\r\n                            <input type=\"radio\" name=\"control\" id=\"medical-calculator-asthma-control-control-4\" value=\"4\" tabindex=\"24\" autocomplete=\"off\">\r\n                                                        Un peu contr\u00f4l\u00e9\r\n                                                    <\/label>\r\n                        <label class=\"btn btn-outline-secondary btn-block\">\r\n                            <input type=\"radio\" name=\"control\" id=\"medical-calculator-asthma-control-control-5\" value=\"5\" tabindex=\"25\" autocomplete=\"off\">\r\n                                                        Totalement contr\u00f4l\u00e9 (+5)\r\n                                                    <\/label>\r\n                    <\/div>\r\n                <\/div>\r\n            <\/div>\r\n        <\/form>\r\n\r\n        <div class=\"row\">\r\n            <div class=\"col-sm-12\">\r\n                <div id=\"medical-calculator-asthma-control-result-text\" class=\"result-text\">\r\n                    <p><h5>\r\n                                                Score ACT:\r\n                         <span id=\"medical-calculator-asthma-control-result-value\"><\/span><\/h5><\/p>\r\n                    <p id=\"medical-calculator-asthma-control-result-interpretation\"><\/p>\r\n                <\/div>\r\n            <\/div>\r\n        <\/div>\r\n\r\n        <div class=\"row\">\r\n            <div class=\"col-sm-12 mt-3\">\r\n                <h5>\r\n                                            Interpr\u00e9tation\r\n                                    <\/h5>\r\n                <div class=\"table-responsive-sm\">\r\n                    <table class=\"table table-bordered\">\r\n                        <thead>\r\n                            <tr>\r\n                                <th>\r\n                                                                            Points\r\n                                                                    <\/th>\r\n                                <th>\r\n                                                                            Contr\u00f4le de l\u2019asthme\r\n                                                                    <\/th>\r\n                            <\/tr>\r\n                        <\/thead>\r\n                        <tbody>\r\n                            <tr class=\"table-row-a\">\r\n                                <td>\r\n                                                                            25\r\n                                                                        \r\n                                <\/td>\r\n                                <td>\r\n                                                                            Asthme bien contr\u00f4l\u00e9\r\n                                                                    <\/td>\r\n                            <\/tr>\r\n                            <tr class=\"table-row-b\">\r\n                                <td>\r\n                                                                            20\u201324\r\n                                                                        \r\n                                <\/td>\r\n                                <td>\r\n                                                                            Asthme contr\u00f4l\u00e9, mais pas compl\u00e8tement\r\n                                                                    <\/td>\r\n                            <\/tr>\r\n                            <tr class=\"table-row-c\">\r\n                                <td>\r\n                                                                            16\u201319\r\n                                                                        \r\n                                <\/td>\r\n                                <td>\r\n                                                                            Asthme partiellement contr\u00f4l\u00e9\r\n                                                                    <\/td>\r\n                            <\/tr>\r\n                            <tr class=\"table-row-d\">\r\n                                <td>\r\n                                                                            &le;15\r\n                                                                        \r\n                                <\/td>\r\n                                <td>\r\n                                                                            Asthme non contr\u00f4l\u00e9\r\n                                                                    <\/td>\r\n                            <\/tr>\r\n                        <\/tbody>\r\n                    <\/table>\r\n                <\/div>\r\n            <\/div>\r\n        <\/div>\r\n\r\n        <div class=\"row\">\r\n            <div class=\"col-sm-12 mt-3\">\r\n                <h5>\r\n                                            R\u00e9f\u00e9rence\r\n                                    <\/h5>\r\n                <ol class=\"references\">\r\n                    <li id=\"asthma-control-cite-note-1\">Nathan RA, Sorkness CA, Kosinski M et al. Development of the asthma control test: a survey for assessing asthma control. J Allergy Clin Immunol 2004; 113: 59-65<\/li>\r\n                <\/ol>\r\n            <\/div>\r\n        <\/div>\r\n    <\/div>\r\n    <script type=\"text\/javascript\">\r\n                var medical_calculator_asthma_control_messages = {\r\n            'interpretation_25' : 'Asthme bien contr\u00f4l\u00e9.',\r\n            'interpretation_20_24' : 'Asthme contr\u00f4l\u00e9, mais pas compl\u00e8tement.',\r\n            'interpretation_16_19' : 'Asthme partiellement contr\u00f4l\u00e9.',\r\n            'interpretation_le15' : 'Asthme non contr\u00f4l\u00e9.',\r\n            'point' : 'point',\r\n            'points' : 'points'\r\n        };\r\n            <\/script>\r\n\n","protected":false},"excerpt":{"rendered":"<p>L\u2019Asthma Control Test\u2122 (ACT) a pour objectif d\u2019\u00e9valuer le niveau de contr\u00f4le de l\u2019asthme des patients. Le r\u00e9sultat peut servir \u00e0 optimiser le traitement. L\u2019Asthma Control Test\u2122 est une marque d\u00e9pos\u00e9e de QualityMetric Incorporated.<\/p>\n","protected":false},"author":3,"featured_media":0,"parent":7598,"menu_order":554,"comment_status":"closed","ping_status":"closed","template":"","meta":{"_acf_changed":false,"inline_featured_image":false,"footnotes":""},"class_list":["post-14037","page","type-page","status-publish","hentry"],"acf":[],"_links":{"self":[{"href":"https:\/\/www.inanutshell.ch\/fr\/wp-json\/wp\/v2\/pages\/14037","targetHints":{"allow":["GET"]}}],"collection":[{"href":"https:\/\/www.inanutshell.ch\/fr\/wp-json\/wp\/v2\/pages"}],"about":[{"href":"https:\/\/www.inanutshell.ch\/fr\/wp-json\/wp\/v2\/types\/page"}],"author":[{"embeddable":true,"href":"https:\/\/www.inanutshell.ch\/fr\/wp-json\/wp\/v2\/users\/3"}],"replies":[{"embeddable":true,"href":"https:\/\/www.inanutshell.ch\/fr\/wp-json\/wp\/v2\/comments?post=14037"}],"version-history":[{"count":1,"href":"https:\/\/www.inanutshell.ch\/fr\/wp-json\/wp\/v2\/pages\/14037\/revisions"}],"predecessor-version":[{"id":14038,"href":"https:\/\/www.inanutshell.ch\/fr\/wp-json\/wp\/v2\/pages\/14037\/revisions\/14038"}],"up":[{"embeddable":true,"href":"https:\/\/www.inanutshell.ch\/fr\/wp-json\/wp\/v2\/pages\/7598"}],"wp:attachment":[{"href":"https:\/\/www.inanutshell.ch\/fr\/wp-json\/wp\/v2\/media?parent=14037"}],"curies":[{"name":"wp","href":"https:\/\/api.w.org\/{rel}","templated":true}]}}