{"id":18822,"date":"2021-06-02T11:05:42","date_gmt":"2021-06-02T09:05:42","guid":{"rendered":"https:\/\/www.inanutshell.ch\/?page_id=18822"},"modified":"2021-06-02T11:05:42","modified_gmt":"2021-06-02T09:05:42","slug":"score-scp-syndrome-de-congestion-pelvienne","status":"publish","type":"page","link":"https:\/\/www.inanutshell.ch\/fr\/calculateurs\/score-scp-syndrome-de-congestion-pelvienne\/","title":{"rendered":"Score SCP (Syndrome de congestion pelvienne)"},"content":{"rendered":"<p>Le syndrome de congestion pelvienne (SCP) se caract\u00e9rise par d&rsquo;importantes douleurs pelviennes chroniques dues \u00e0 une insuffisance veineuse pelvi-p\u00e9rin\u00e9ale. Le score PCS a \u00e9t\u00e9 d\u00e9velopp\u00e9 par le Prof. N. Kucher. Il est utilis\u00e9 pour d\u00e9terminer la probabilit\u00e9 d\u2019un SCP. Actuellement, ce score se fonde sur des valeurs empiriques et n&rsquo;a pas encore \u00e9t\u00e9 valid\u00e9 scientifiquement.<\/p>\n    <div class=\"medical-calculator pcs\" id=\"medical-calculator-pcs\">\r\n        <form>\r\n            <div class=\"form-group row\">\r\n                <div class=\"col-sm-8 col-form-label\">\r\n                                    Douleurs pelviennes depuis plus de 3 mois\r\n                                <\/div>\r\n                <div class=\"col-sm-4 mt-3\">\r\n                    <div class=\"d-flex btn-group btn-group-toggle\" data-toggle=\"buttons\">\r\n                        <label class=\"btn btn-outline-secondary\">\r\n                            <input type=\"radio\" name=\"lower-abdomen-pain-gt-3mon\" id=\"lower-abdomen-pain-gt-3mon-n\" value=\"N\" tabindex=\"1\" autocomplete=\"off\">\r\n                                                        Non\r\n                                                    <\/label>\r\n                        <label class=\"btn btn-outline-secondary\">\r\n                            <input type=\"radio\" name=\"lower-abdomen-pain-gt-3mon\" id=\"lower-abdomen-pain-gt-3mon-y\" value=\"Y\" tabindex=\"2\" autocomplete=\"off\">\r\n                                                        Oui (+3)\r\n                                                    <\/label>\r\n                    <\/div>\r\n                <\/div>\r\n            <\/div>\r\n            <div class=\"form-group row\">\r\n                <div class=\"col-sm-8 col-form-label\">\r\n                                    Varices vulvo-vaginales\r\n                                <\/div>\r\n                <div class=\"col-sm-4 mt-3\">\r\n                    <div class=\"d-flex btn-group btn-group-toggle\" data-toggle=\"buttons\">\r\n                        <label class=\"btn btn-outline-secondary\">\r\n                            <input type=\"radio\" name=\"varices-vag-introitus\" id=\"varices-vag-introitus-n\" value=\"N\" tabindex=\"3\" autocomplete=\"off\">\r\n                                                        Non\r\n                                                    <\/label>\r\n                        <label class=\"btn btn-outline-secondary\">\r\n                            <input type=\"radio\" name=\"varices-vag-introitus\" id=\"varices-vag-introitus-y\" value=\"Y\" tabindex=\"4\" autocomplete=\"off\">\r\n                                                        Oui (+2)\r\n                                                    <\/label>\r\n                    <\/div>\r\n                <\/div>\r\n            <\/div>\r\n            <div class=\"form-group row\">\r\n                <div class=\"col-sm-8 col-form-label\">\r\n                                    Varices de la cuisse (trait\u00e9es ou non)\r\n                                <\/div>\r\n                <div class=\"col-sm-4 mt-3\">\r\n                    <div class=\"d-flex btn-group btn-group-toggle\" data-toggle=\"buttons\">\r\n                        <label class=\"btn btn-outline-secondary\">\r\n                            <input type=\"radio\" name=\"varices-legs\" id=\"varices-legs-n\" value=\"N\" tabindex=\"5\" autocomplete=\"off\">\r\n                                                        Non\r\n                                                    <\/label>\r\n                        <label class=\"btn btn-outline-secondary\">\r\n                            <input type=\"radio\" name=\"varices-legs\" id=\"varices-legs-y\" value=\"Y\" tabindex=\"6\" autocomplete=\"off\">\r\n                                                        Oui (+2)\r\n                                                    <\/label>\r\n                    <\/div>\r\n                <\/div>\r\n            <\/div>\r\n            <div class=\"form-group row\">\r\n                <div class=\"col-sm-8 col-form-label\">\r\n                                    Intensification de la douleur en position verticale ou pendant les rapports sexuels ou les menstruations\r\n                                <\/div>\r\n                <div class=\"col-sm-4 mt-3\">\r\n                    <div class=\"d-flex btn-group btn-group-toggle\" data-toggle=\"buttons\">\r\n                        <label class=\"btn btn-outline-secondary\">\r\n                            <input type=\"radio\" name=\"pain-amp-bodyupright-intcourse-period\" id=\"pain-amp-bodyupright-intcourse-period-n\" value=\"N\" tabindex=\"7\" autocomplete=\"off\">\r\n                                                        Non\r\n                                                    <\/label>\r\n                        <label class=\"btn btn-outline-secondary\">\r\n                            <input type=\"radio\" name=\"pain-amp-bodyupright-intcourse-period\" id=\"pain-amp-bodyupright-intcourse-period-y\" value=\"Y\" tabindex=\"8\" autocomplete=\"off\">\r\n                                                        Oui (+1)\r\n                                                    <\/label>\r\n                    <\/div>\r\n                <\/div>\r\n            <\/div>\r\n            <div class=\"form-group row\">\r\n                <div class=\"col-sm-8 col-form-label\">\r\n                                    Une ou plusieurs naissances\r\n                                <\/div>\r\n                <div class=\"col-sm-4 mt-3\">\r\n                    <div class=\"d-flex btn-group btn-group-toggle\" data-toggle=\"buttons\">\r\n                        <label class=\"btn btn-outline-secondary\">\r\n                            <input type=\"radio\" name=\"gave-births\" id=\"gave-births-n\" value=\"N\" tabindex=\"9\" autocomplete=\"off\">\r\n                                                        Non\r\n                                                    <\/label>\r\n                        <label class=\"btn btn-outline-secondary\">\r\n                            <input type=\"radio\" name=\"gave-births\" id=\"gave-births-y\" value=\"Y\" tabindex=\"10\" autocomplete=\"off\">\r\n                                                        Oui (+1)\r\n                                                    <\/label>\r\n                    <\/div>\r\n                <\/div>\r\n            <\/div>\r\n            <div class=\"form-group row\">\r\n                <div class=\"col-sm-8 col-form-label\">\r\n                                    Improbabilit\u00e9 d\u2019une maladie ut\u00e9rine, ovarienne, v\u00e9sicale ou intestinale\r\n                                <\/div>\r\n                <div class=\"col-sm-4 mt-3\">\r\n                    <div class=\"d-flex btn-group btn-group-toggle\" data-toggle=\"buttons\">\r\n                        <label class=\"btn btn-outline-secondary\">\r\n                            <input type=\"radio\" name=\"diseases-uterus-ovaries-bladder-intestinal-unlikely\" id=\"disease-uterus-ovaries-bladder-intestinal-unlikely-n\" value=\"N\" tabindex=\"11\" autocomplete=\"off\">\r\n                                                        Non\r\n                                                    <\/label>\r\n                        <label class=\"btn btn-outline-secondary\">\r\n                            <input type=\"radio\" name=\"diseases-uterus-ovaries-bladder-intestinal-unlikely\" id=\"disease-uterus-ovaries-bladder-intestinal-unlikely-y\" value=\"Y\" tabindex=\"12\" autocomplete=\"off\">\r\n                                                        Oui (+1)\r\n                                                    <\/label>\r\n                    <\/div>\r\n                <\/div>\r\n            <\/div>\r\n        <\/form>\r\n\r\n        <div class=\"row\">\r\n            <div class=\"col-sm-12\">\r\n                <div id=\"medical-calculator-pcs-result-text\" class=\"result-text\">\r\n                    <p><h5>\r\n                                                Score SCP:\r\n                         <span id=\"medical-calculator-pcs-result-value\"><\/span><\/h5><\/p>\r\n                    <p id=\"medical-calculator-pcs-result-interpretation\"><\/p>\r\n                <\/div>\r\n            <\/div>\r\n        <\/div>\r\n\r\n        <div class=\"row\">\r\n            <div class=\"col-sm-12 mt-3\">\r\n                <h5>\r\n                                            Interpr\u00e9tation\r\n                                    <\/h5>\r\n                <div class=\"table-responsive-sm\">\r\n                    <table class=\"table table-bordered\">\r\n                        <thead>\r\n                            <tr>\r\n                                <th>\r\n                                                                            Score\r\n                                                                    <\/th>\r\n                                <th>\r\n                                                                            Interpr\u00e9tation\r\n                                                                    <\/th>\r\n                            <\/tr>\r\n                        <\/thead>\r\n                        <tbody>\r\n                            <tr class=\"table-row-a\">\r\n                                <td>\r\n                                                                            &lt; 3\r\n                                                                        \r\n                                <\/td>\r\n                                <td>\r\n                                                                            Syndrome de congestion pelvienne peu probable\r\n                                                                    <\/td>\r\n                            <\/tr>\r\n                            <tr class=\"table-row-b\">\r\n                                <td>\r\n                                                                            3-5\r\n                                                                        \r\n                                <\/td>\r\n                                <td>\r\n                                                                            Syndrome de congestion pelvienne possible\r\n                                                                    <\/td>\r\n                            <\/tr>\r\n                            <tr class=\"table-row-c\">\r\n                                <td>\r\n                                                                            &gt; 5\r\n                                                                        \r\n                                <\/td>\r\n                                <td>\r\n                                                                            Syndrome de congestion pelvienne probable\r\n                                                                    <\/td>\r\n                            <\/tr>\r\n                        <\/tbody>\r\n                    <\/table>\r\n                <\/div>\r\n            <\/div>\r\n        <\/div>\r\n\r\n        <div class=\"row\">\r\n            <div class=\"col-sm-12 mt-3\">\r\n                <h5>\r\n                                            R\u00e9f\u00e9rences\r\n                                    <\/h5>\r\n                <ol class=\"references\">\r\n                    <li id=\"pcs-cite-note-1\">Kucher N, Nosetti D. Pelvic Congestion Syndrom \u2013 chronische Unterbauchschmerzen bei Frauen aufgrund von Krampfadern im Beckenbereich. Frauenheilkunde aktuell 2020; 4: 21-27<\/li>\r\n                <\/ol>\r\n            <\/div>\r\n        <\/div>\r\n    <\/div>\r\n    <script type=\"text\/javascript\">\r\n                var medical_calculator_pcs_messages = {\r\n            'interpretation_lt_3' : 'Syndrome de congestion pelvienne peu probable',\r\n            'interpretation_3_5' : 'Syndrome de congestion pelvienne possible',\r\n            'interpretation_gt_5' : 'Syndrome de congestion pelvienne probable',\r\n            'point' : 'point',\r\n            'points' : 'points'\r\n        };\r\n            <\/script>\r\n\n","protected":false},"excerpt":{"rendered":"<p>Le syndrome de congestion pelvienne (SCP) se caract\u00e9rise par d&rsquo;importantes douleurs pelviennes chroniques dues \u00e0 une insuffisance veineuse pelvi-p\u00e9rin\u00e9ale. Le score PCS a \u00e9t\u00e9 d\u00e9velopp\u00e9 par le Prof. N. Kucher. Il est utilis\u00e9 pour d\u00e9terminer la probabilit\u00e9 d\u2019un SCP. Actuellement, ce score se fonde sur des valeurs empiriques et n&rsquo;a pas encore \u00e9t\u00e9 valid\u00e9 scientifiquement.<\/p>\n","protected":false},"author":3,"featured_media":0,"parent":7598,"menu_order":480,"comment_status":"closed","ping_status":"closed","template":"","meta":{"_acf_changed":false,"inline_featured_image":false,"footnotes":""},"class_list":["post-18822","page","type-page","status-publish","hentry"],"acf":[],"_links":{"self":[{"href":"https:\/\/www.inanutshell.ch\/fr\/wp-json\/wp\/v2\/pages\/18822","targetHints":{"allow":["GET"]}}],"collection":[{"href":"https:\/\/www.inanutshell.ch\/fr\/wp-json\/wp\/v2\/pages"}],"about":[{"href":"https:\/\/www.inanutshell.ch\/fr\/wp-json\/wp\/v2\/types\/page"}],"author":[{"embeddable":true,"href":"https:\/\/www.inanutshell.ch\/fr\/wp-json\/wp\/v2\/users\/3"}],"replies":[{"embeddable":true,"href":"https:\/\/www.inanutshell.ch\/fr\/wp-json\/wp\/v2\/comments?post=18822"}],"version-history":[{"count":1,"href":"https:\/\/www.inanutshell.ch\/fr\/wp-json\/wp\/v2\/pages\/18822\/revisions"}],"predecessor-version":[{"id":18823,"href":"https:\/\/www.inanutshell.ch\/fr\/wp-json\/wp\/v2\/pages\/18822\/revisions\/18823"}],"up":[{"embeddable":true,"href":"https:\/\/www.inanutshell.ch\/fr\/wp-json\/wp\/v2\/pages\/7598"}],"wp:attachment":[{"href":"https:\/\/www.inanutshell.ch\/fr\/wp-json\/wp\/v2\/media?parent=18822"}],"curies":[{"name":"wp","href":"https:\/\/api.w.org\/{rel}","templated":true}]}}