{"id":21606,"date":"2021-09-03T09:40:27","date_gmt":"2021-09-03T07:40:27","guid":{"rendered":"https:\/\/www.inanutshell.ch\/?page_id=21606"},"modified":"2021-09-03T09:40:27","modified_gmt":"2021-09-03T07:40:27","slug":"questionnaire-gepard","status":"publish","type":"page","link":"https:\/\/www.inanutshell.ch\/fr\/calculateurs\/questionnaire-gepard\/","title":{"rendered":"Questionnaire GEPARD"},"content":{"rendered":"<p>Le questionnaire GEPARD (GErman Psoriasis ARthritis Diagnostic) vise \u00e0 d\u00e9pister un rhumatisme psoriasique chez les patient\u00b7e\u00b7s psoriasiques en se basant sur des \u00e9l\u00e9ments cliniques. Il est facilement rempli par les patient\u00b7e\u00b7s en cabinet m\u00e9dical. Si le r\u00e9sultat est de 4 points ou plus, la pr\u00e9sence d\u2019un rhumatisme psoriasique est probable avec une sp\u00e9cificit\u00e9 de 89%.<\/p>\n    <div class=\"medical-calculator gepard\" id=\"medical-calculator-gepard\">\r\n        <form>\r\n            <div class=\"form-group row\">\r\n                <div class=\"col-sm-8 col-form-label\">\r\n                                    1. Avez-vous d\u00e9j\u00e0 pr\u00e9sent\u00e9 des <strong>douleurs articulaires<\/strong> avec l\u2019articulation <strong>enfl\u00e9e<\/strong> ?\r\n                                <\/div>\r\n                <div class=\"col-sm-4 mt-sm-2\">\r\n                    <div class=\"d-flex btn-group btn-group-toggle\" data-toggle=\"buttons\">\r\n                        <label class=\"btn btn-outline-secondary\">\r\n                            <input type=\"radio\" name=\"joint-pain-swelling\" id=\"medical-calculator-gepard-joint-pain-swelling-n\" value=\"N\" tabindex=\"1\" autocomplete=\"off\">\r\n                                                        Non\r\n                                                    <\/label>\r\n                        <label class=\"btn btn-outline-secondary\">\r\n                            <input type=\"radio\" name=\"joint-pain-swelling\" id=\"medical-calculator-gepard-joint-pain-swelling-y\" value=\"Y\" tabindex=\"2\" autocomplete=\"off\">\r\n                                                        Oui (+1)\r\n                                                    <\/label>\r\n                    <\/div>\r\n                <\/div>\r\n            <\/div>\r\n            <div class=\"form-group row\">\r\n                <div class=\"col-sm-8 col-form-label\">\r\n                                    2. Avez-vous d\u00e9j\u00e0 pr\u00e9sent\u00e9 tout un doigt ou un orteil enfl\u00e9 ?\r\n                                <\/div>\r\n                <div class=\"col-sm-4 mt-sm-2\">\r\n                    <div class=\"d-flex btn-group btn-group-toggle\" data-toggle=\"buttons\">\r\n                        <label class=\"btn btn-outline-secondary\">\r\n                            <input type=\"radio\" name=\"finger-toe-swollen\" id=\"medical-calculator-gepard-finger-toe-swollen-n\" value=\"N\" tabindex=\"3\" autocomplete=\"off\">\r\n                                                        Non\r\n                                                    <\/label>\r\n                        <label class=\"btn btn-outline-secondary\">\r\n                            <input type=\"radio\" name=\"finger-toe-swollen\" id=\"medical-calculator-gepard-finger-toe-swollen-y\" value=\"Y\" tabindex=\"4\" autocomplete=\"off\">\r\n                                                        Oui (+1)\r\n                                                    <\/label>\r\n                    <\/div>\r\n                <\/div>\r\n            <\/div>\r\n            <div class=\"form-group row\">\r\n                <div class=\"col-sm-8 col-form-label\">\r\n                                    3. Avez-vous d\u00e9j\u00e0 pr\u00e9sent\u00e9 des <strong>douleurs articulaires<\/strong> avec une <strong>rougeur<\/strong> de l\u2019articulation ?\r\n                                <\/div>\r\n                <div class=\"col-sm-4 mt-sm-2\">\r\n                    <div class=\"d-flex btn-group btn-group-toggle\" data-toggle=\"buttons\">\r\n                        <label class=\"btn btn-outline-secondary\">\r\n                            <input type=\"radio\" name=\"joint-pain-flush\" id=\"medical-calculator-gepard-joint-pain-flush-n\" value=\"N\" tabindex=\"5\" autocomplete=\"off\">\r\n                                                        Non\r\n                                                    <\/label>\r\n                        <label class=\"btn btn-outline-secondary\">\r\n                            <input type=\"radio\" name=\"joint-pain-flush\" id=\"medical-calculator-gepard-joint-pain-flush-y\" value=\"Y\" tabindex=\"6\" autocomplete=\"off\">\r\n                                                        Oui (+1)\r\n                                                    <\/label>\r\n                    <\/div>\r\n                <\/div>\r\n            <\/div>\r\n            <div class=\"form-group row\">\r\n                <div class=\"col-sm-8 col-form-label\">\r\n                                    4. Avez-vous d\u00e9j\u00e0 ressenti une <strong>raideur articulaire en vous r\u00e9veillant<\/strong> un matin ?<br \/>Info pour le m\u00e9decin : si la r\u00e9ponse est oui, demander : combien de temps cette raideur dure-t-elle ou a-t-elle dur\u00e9 ?\r\n                                <\/div>\r\n                <div class=\"col-sm-4 mt-sm-2\">\r\n                    <div class=\"d-flex btn-group btn-group-toggle\" data-toggle=\"buttons\">\r\n                        <label class=\"btn btn-outline-secondary\">\r\n                            <input type=\"radio\" name=\"awakening-stiff-joints\" id=\"medical-calculator-gepard-awakening-stiff-joints-n\" value=\"N\" tabindex=\"7\" autocomplete=\"off\">\r\n                                                        Non\r\n                                                    <\/label>\r\n                        <label class=\"btn btn-outline-secondary\">\r\n                            <input type=\"radio\" name=\"awakening-stiff-joints\" id=\"medical-calculator-gepard-awakening-stiff-joints-y\" value=\"Y\" tabindex=\"8\" autocomplete=\"off\">\r\n                                                        Oui (+1)\r\n                                                    <\/label>\r\n                    <\/div>\r\n                <\/div>\r\n            <\/div>\r\n            <div class=\"form-group row\">\r\n                <div class=\"col-sm-8 col-form-label\">\r\n                                    5. Avez-vous d\u00e9j\u00e0 pens\u00e9 une fois que vous souffrez peut-\u00eatre d'une <strong>maladie articulaire<\/strong> ?\r\n                                <\/div>\r\n                <div class=\"col-sm-4 mt-sm-2\">\r\n                    <div class=\"d-flex btn-group btn-group-toggle\" data-toggle=\"buttons\">\r\n                        <label class=\"btn btn-outline-secondary\">\r\n                            <input type=\"radio\" name=\"joint-disease-thoughts\" id=\"medical-calculator-gepard-joint-disease-thoughts-n\" value=\"N\" tabindex=\"9\" autocomplete=\"off\">\r\n                                                        Non\r\n                                                    <\/label>\r\n                        <label class=\"btn btn-outline-secondary\">\r\n                            <input type=\"radio\" name=\"joint-disease-thoughts\" id=\"medical-calculator-gepard-joint-disease-thoughts-y\" value=\"Y\" tabindex=\"10\" autocomplete=\"off\">\r\n                                                        Oui (+1)\r\n                                                    <\/label>\r\n                    <\/div>\r\n                <\/div>\r\n            <\/div>\r\n            <div class=\"form-group row\">\r\n                <div class=\"col-sm-8 col-form-label\">\r\n                                    6. Avez-vous d\u00e9j\u00e0 consult\u00e9 votre m\u00e9decin pour des <strong>probl\u00e8mes articulaires<\/strong>?\r\n                                <\/div>\r\n                <div class=\"col-sm-4 mt-sm-2\">\r\n                    <div class=\"d-flex btn-group btn-group-toggle\" data-toggle=\"buttons\">\r\n                        <label class=\"btn btn-outline-secondary\">\r\n                            <input type=\"radio\" name=\"joint-trouble-doc-contact\" id=\"medical-calculator-gepard-joint-trouble-doc-contact-n\" value=\"N\" tabindex=\"11\" autocomplete=\"off\">\r\n                                                        Non\r\n                                                    <\/label>\r\n                        <label class=\"btn btn-outline-secondary\">\r\n                            <input type=\"radio\" name=\"joint-trouble-doc-contact\" id=\"medical-calculator-gepard-joint-trouble-doc-contact-y\" value=\"Y\" tabindex=\"12\" autocomplete=\"off\">\r\n                                                        Oui (+1)\r\n                                                    <\/label>\r\n                    <\/div>\r\n                <\/div>\r\n            <\/div>\r\n            <div class=\"form-group row\">\r\n                <div class=\"col-sm-8 col-form-label\">\r\n                                    7. Vous a-t-on d\u00e9j\u00e0 <strong>diagnostiqu\u00e9 une arthrite<\/strong> ?\r\n                                <\/div>\r\n                <div class=\"col-sm-4 mt-sm-2\">\r\n                    <div class=\"d-flex btn-group btn-group-toggle\" data-toggle=\"buttons\">\r\n                        <label class=\"btn btn-outline-secondary\">\r\n                            <input type=\"radio\" name=\"arthritis-diagnosis\" id=\"medical-calculator-gepard-arthritis-diagnosis-n\" value=\"N\" tabindex=\"13\" autocomplete=\"off\">\r\n                                                        Non\r\n                                                    <\/label>\r\n                        <label class=\"btn btn-outline-secondary\">\r\n                            <input type=\"radio\" name=\"arthritis-diagnosis\" id=\"medical-calculator-gepard-arthritis-diagnosis-y\" value=\"Y\" tabindex=\"14\" autocomplete=\"off\">\r\n                                                        Oui (+1)\r\n                                                    <\/label>\r\n                    <\/div>\r\n                <\/div>\r\n            <\/div>\r\n            <div class=\"form-group row\">\r\n                <div class=\"col-sm-8 col-form-label\">\r\n                                    8. Avez-vous d\u00e9j\u00e0 pris des m\u00e9dicaments contre les <strong>douleurs articulaires<\/strong> ?  \r\n                                <\/div>\r\n                <div class=\"col-sm-4 mt-sm-2\">\r\n                    <div class=\"d-flex btn-group btn-group-toggle\" data-toggle=\"buttons\">\r\n                        <label class=\"btn btn-outline-secondary\">\r\n                            <input type=\"radio\" name=\"joint-pain-medication\" id=\"medical-calculator-gepard-joint-pain-medication-n\" value=\"N\" tabindex=\"16\" autocomplete=\"off\">\r\n                                                        Non\r\n                                                    <\/label>\r\n                        <label class=\"btn btn-outline-secondary\">\r\n                            <input type=\"radio\" name=\"joint-pain-medication\" id=\"medical-calculator-gepard-joint-pain-medication-y\" value=\"Y\" tabindex=\"16\" autocomplete=\"off\">\r\n                                                        Oui (+1)\r\n                                                    <\/label>\r\n                    <\/div>\r\n                <\/div>\r\n            <\/div>\r\n            <div class=\"form-group row\">\r\n                <div class=\"col-sm-8 col-form-label\">\r\n                                    9. Avez-vous d\u00e9j\u00e0 souffert de douleurs dans la <strong>r\u00e9gion du dos ou des fesses au moins 3 jours par semaine<\/strong> ?\r\n                                <\/div>\r\n                <div class=\"col-sm-4 mt-sm-2\">\r\n                    <div class=\"d-flex btn-group btn-group-toggle\" data-toggle=\"buttons\">\r\n                        <label class=\"btn btn-outline-secondary\">\r\n                            <input type=\"radio\" name=\"gluteal-back-pain-3days\" id=\"medical-calculator-gepard-gluteal-back-pain-3days-n\" value=\"N\" tabindex=\"17\" autocomplete=\"off\">\r\n                                                        Non\r\n                                                    <\/label>\r\n                        <label class=\"btn btn-outline-secondary\">\r\n                            <input type=\"radio\" name=\"gluteal-back-pain-3days\" id=\"medical-calculator-gepard-gluteal-back-pain-3days-y\" value=\"Y\" tabindex=\"18\" autocomplete=\"off\">\r\n                                                        Oui (+1)\r\n                                                    <\/label>\r\n                    <\/div>\r\n                <\/div>\r\n            <\/div>\r\n            <div id=\"medical-calculator-gepard-gluteal-back-pain-wrapper\" class=\"d-none\">\r\n                <div class=\"form-group row\">\r\n                    <div class=\"col-sm-8 col-form-label\">\r\n                                            9. A. Est-ce <strong>au matin<\/strong> que ces douleurs dans la r\u00e9gion du dos ou des fesses sont\/ont \u00e9t\u00e9 <strong>les plus intenses<\/strong> ?\r\n                                        <\/div>\r\n                    <div class=\"col-sm-4 mt-sm-2\">\r\n                        <div class=\"d-flex btn-group btn-group-toggle\" data-toggle=\"buttons\">\r\n                            <label class=\"btn btn-outline-secondary\">\r\n                                <input type=\"radio\" name=\"gluteal-back-pain-morning\" id=\"medical-calculator-gepard-gluteal-back-pain-morning-n\" value=\"N\" tabindex=\"19\" autocomplete=\"off\">\r\n                                                                Non\r\n                                                            <\/label>\r\n                            <label class=\"btn btn-outline-secondary\">\r\n                                <input type=\"radio\" name=\"gluteal-back-pain-morning\" id=\"medical-calculator-gepard-gluteal-back-pain-morning-y\" value=\"Y\" tabindex=\"20\" autocomplete=\"off\">\r\n                                                                Oui (+1)\r\n                                                            <\/label>\r\n                        <\/div>\r\n                    <\/div>\r\n                <\/div>\r\n                <div class=\"form-group row\">\r\n                    <div class=\"col-sm-8 col-form-label\">\r\n                                            9. B. Ces douleurs dans la r\u00e9gion du dos ou des fesses <strong>diminuent-elles lorsque vous bougez<\/strong> ?\r\n                                        <\/div>\r\n                    <div class=\"col-sm-4 mt-sm-2\">\r\n                        <div class=\"d-flex btn-group btn-group-toggle\" data-toggle=\"buttons\">\r\n                            <label class=\"btn btn-outline-secondary\">\r\n                                <input type=\"radio\" name=\"gluteal-back-pain-motion\" id=\"medical-calculator-gepard-gluteal-back-pain-motion-n\" value=\"N\" tabindex=\"21\" autocomplete=\"off\">\r\n                                                                Non\r\n                                                            <\/label>\r\n                            <label class=\"btn btn-outline-secondary\">\r\n                                <input type=\"radio\" name=\"gluteal-back-pain-motion\" id=\"medical-calculator-gepard-gluteal-back-pain-motion-y\" value=\"Y\" tabindex=\"22\" autocomplete=\"off\">\r\n                                                                Oui (+1)\r\n                                                            <\/label>\r\n                        <\/div>\r\n                    <\/div>\r\n                <\/div>\r\n                <div class=\"form-group row\">\r\n                    <div class=\"col-sm-8 col-form-label\">\r\n                                            9. C. Ces douleurs dans la r\u00e9gion du dos ou des fesses se poursuivent-elles lorsque vous restez <strong>immobile<\/strong> ?\r\n                                        <\/div>\r\n                    <div class=\"col-sm-4 mt-sm-2\">\r\n                        <div class=\"d-flex btn-group btn-group-toggle\" data-toggle=\"buttons\">\r\n                            <label class=\"btn btn-outline-secondary\">\r\n                                <input type=\"radio\" name=\"gluteal-back-pain-rest\" id=\"medical-calculator-gepard-gluteal-back-pain-rest-n\" value=\"N\" tabindex=\"23\" autocomplete=\"off\">\r\n                                                                Non\r\n                                                            <\/label>\r\n                            <label class=\"btn btn-outline-secondary\">\r\n                                <input type=\"radio\" name=\"gluteal-back-pain-rest\" id=\"medical-calculator-gepard-gluteal-back-pain-rest-y\" value=\"Y\" tabindex=\"24\" autocomplete=\"off\">\r\n                                                                Oui (+1)\r\n                                                            <\/label>\r\n                        <\/div>\r\n                    <\/div>\r\n                <\/div>\r\n                <div class=\"form-group row\">\r\n                    <div class=\"col-sm-8 col-form-label\">\r\n                                            9. D. Ces douleurs dans la r\u00e9gion du dos ou des fesses s\u2019accompagnent-elles d\u2019une <strong>raideur matinale<\/strong> ? \r\n                                        <\/div>\r\n                    <div class=\"col-sm-4 mt-sm-2\">\r\n                        <div class=\"d-flex btn-group btn-group-toggle\" data-toggle=\"buttons\">\r\n                            <label class=\"btn btn-outline-secondary\">\r\n                                <input type=\"radio\" name=\"gluteal-back-pain-morning-stiffness\" id=\"medical-calculator-gepard-gluteal-back-pain-morning-stiffness-n\" value=\"N\" tabindex=\"25\" autocomplete=\"off\">\r\n                                                                Non\r\n                                                            <\/label>\r\n                            <label class=\"btn btn-outline-secondary\">\r\n                                <input type=\"radio\" name=\"gluteal-back-pain-morning-stiffness\" id=\"medical-calculator-gepard-gluteal-back-pain-morning-stiffness-y\" value=\"Y\" tabindex=\"26\" autocomplete=\"off\">\r\n                                                                Oui (+1)\r\n                                                            <\/label>\r\n                        <\/div>\r\n                    <\/div>\r\n                <\/div>\r\n            <\/div>\r\n            <div class=\"form-group row d-none\" id=\"medical-calculator-gepard-problems-duration-wrapper\">\r\n                <div class=\"col-sm-8 col-form-label\">\r\n                                            10. Depuis quand avez-vous ces probl\u00e8mes ? \r\n                                    <\/div>\r\n                <div class=\"col-sm-4\">\r\n                    <div class=\"btn-group-toggle\" data-toggle=\"buttons\">\r\n                        <label class=\"btn btn-outline-secondary btn-block\">\r\n                            <input type=\"radio\" name=\"problems-duration\" id=\"medical-calculator-gepard-problems-duration-1\" value=\"1\" tabindex=\"27\" autocomplete=\"off\">\r\n                                                        Plus d\u2019une semaine\r\n                                                    <\/label>\r\n                        <label class=\"btn btn-outline-secondary btn-block\">\r\n                            <input type=\"radio\" name=\"problems-duration\" id=\"medical-calculator-gepard-problems-duration-2\" value=\"2\" tabindex=\"28\" autocomplete=\"off\">\r\n                                                        Plus d\u2019un mois\r\n                                                    <\/label>\r\n                        <label class=\"btn btn-outline-secondary btn-block\">\r\n                            <input type=\"radio\" name=\"problems-duration\" id=\"medical-calculator-gepard-problems-duration-3\" value=\"3\" tabindex=\"29\" autocomplete=\"off\">\r\n                                                        Plus de 3 mois\r\n                                                    <\/label>\r\n                        <label class=\"btn btn-outline-secondary btn-block\">\r\n                            <input type=\"radio\" name=\"problems-duration\" id=\"medical-calculator-gepard-problems-duration-4\" value=\"4\" tabindex=\"30\" autocomplete=\"off\">\r\n                                                        Plus de 6 mois\r\n                                                    <\/label>\r\n                        <label class=\"btn btn-outline-secondary btn-block\">\r\n                            <input type=\"radio\" name=\"problems-duration\" id=\"medical-calculator-gepard-problems-duration-5\" value=\"5\" tabindex=\"31\" autocomplete=\"off\">\r\n                                                        Plus d\u2019un an\r\n                                                    <\/label>                        \r\n                        <label class=\"btn btn-outline-secondary btn-block\">\r\n                            <input type=\"radio\" name=\"problems-duration\" id=\"medical-calculator-gepard-problems-duration-6\" value=\"6\" tabindex=\"32\" autocomplete=\"off\">\r\n                                                        Plus de 3 ans\r\n                                                    <\/label>                        \r\n                        <label class=\"btn btn-outline-secondary btn-block\">\r\n                            <input type=\"radio\" name=\"problems-duration\" id=\"medical-calculator-gepard-problems-duration-7\" value=\"7\" tabindex=\"33\" autocomplete=\"off\">\r\n                                                        Plus de 5 ans\r\n                                                    <\/label>                        \r\n                    <\/div>\r\n                <\/div>\r\n            <\/div>\r\n        <\/form>\r\n\r\n        <div class=\"row\">\r\n            <div class=\"col-sm-12\">\r\n                <div id=\"medical-calculator-gepard-result-text\" class=\"result-text\">\r\n                    <p><h5><span id=\"medical-calculator-gepard-result-value\"><\/span><\/h5><\/p>\r\n                    <p id=\"medical-calculator-gepard-result-interpretation\"><\/p>\r\n                <\/div>\r\n            <\/div>\r\n        <\/div>\r\n\r\n        <div class=\"row\">\r\n            <div class=\"col-sm-12 mt-3\">\r\n                <h5>\r\n                                            Interpr\u00e9tation\r\n                                    <\/h5>\r\n                <div class=\"table-responsive-sm\">\r\n                    <table class=\"table table-bordered\">\r\n                        <thead>\r\n                            <tr>\r\n                                <th>\r\n                                                                            Points\r\n                                                                    <\/th>\r\n                                <th>\r\n                                                                            Interpr\u00e9tation\r\n                                                                    <\/th>\r\n                            <\/tr>\r\n                        <\/thead>\r\n                        <tbody>\r\n                            <tr class=\"table-row-a\">\r\n                                <td>\r\n                                                                            &ge; 4\r\n                                                                        \r\n                                <\/td>\r\n                                <td>\r\n                                                                            La probabilit\u00e9 d\u2019un rhumatisme psoriasique est \u00e9lev\u00e9e\r\n                                                                    <\/td>\r\n                            <\/tr>\r\n                            <tr class=\"table-row-b\">\r\n                                <td>\r\n                                                                            &le; 3\r\n                                                                        \r\n                                <\/td>\r\n                                <td>\r\n                                                                            La probabilit\u00e9 d\u2019un rhumatisme psoriasique est faible\r\n                                                                    <\/td>\r\n                            <\/tr>\r\n                        <\/tbody>\r\n                    <\/table>\r\n                <\/div>\r\n            <\/div>\r\n        <\/div>\r\n\r\n        <div class=\"row\">\r\n            <div class=\"col-sm-12 mt-3\">\r\n                <h5>\r\n                                            R\u00e9f\u00e9rence\r\n                                    <\/h5>\r\n                <ol class=\"references\">\r\n                    <li id=\"gepard-cite-note-1\">H\u00e4rle P, Hartung W, Lehmann P, et al. GEPARD-Patientenfragebogen: Erfassung von Patienten mit Psoriasisarthritis aus einem ambulanten dermatologischen Patientenpool. Z Rheumatol. 2010;69(2):157-163. doi:10.1007\/s00393-009-0462-2<\/li>\r\n                <\/ol>\r\n            <\/div>\r\n        <\/div>\r\n    <\/div>\r\n    <script type=\"text\/javascript\">\r\n                var medical_calculator_gepard_messages = {\r\n            'interpretation_ge_4' : 'La probabilit\u00e9 d\u2019un rhumatisme psoriasique est \u00e9lev\u00e9e',\r\n            'interpretation_le_3' : 'La probabilit\u00e9 d\u2019un rhumatisme psoriasique est faible',\r\n            'point' : 'point',\r\n            'points' : 'points'\r\n        };\r\n            <\/script>\r\n\n","protected":false},"excerpt":{"rendered":"<p>Le questionnaire GEPARD (GErman Psoriasis ARthritis Diagnostic) vise \u00e0 d\u00e9pister un rhumatisme psoriasique chez les patient\u00b7e\u00b7s psoriasiques en se basant sur des \u00e9l\u00e9ments cliniques. Il est facilement rempli par les patient\u00b7e\u00b7s en cabinet m\u00e9dical. Si le r\u00e9sultat est de 4 points ou plus, la pr\u00e9sence d\u2019un rhumatisme psoriasique est probable avec une sp\u00e9cificit\u00e9 de 89%.<\/p>\n","protected":false},"author":3,"featured_media":0,"parent":7598,"menu_order":322,"comment_status":"closed","ping_status":"closed","template":"","meta":{"_acf_changed":false,"inline_featured_image":false,"footnotes":""},"class_list":["post-21606","page","type-page","status-publish","hentry"],"acf":[],"_links":{"self":[{"href":"https:\/\/www.inanutshell.ch\/fr\/wp-json\/wp\/v2\/pages\/21606","targetHints":{"allow":["GET"]}}],"collection":[{"href":"https:\/\/www.inanutshell.ch\/fr\/wp-json\/wp\/v2\/pages"}],"about":[{"href":"https:\/\/www.inanutshell.ch\/fr\/wp-json\/wp\/v2\/types\/page"}],"author":[{"embeddable":true,"href":"https:\/\/www.inanutshell.ch\/fr\/wp-json\/wp\/v2\/users\/3"}],"replies":[{"embeddable":true,"href":"https:\/\/www.inanutshell.ch\/fr\/wp-json\/wp\/v2\/comments?post=21606"}],"version-history":[{"count":1,"href":"https:\/\/www.inanutshell.ch\/fr\/wp-json\/wp\/v2\/pages\/21606\/revisions"}],"predecessor-version":[{"id":21607,"href":"https:\/\/www.inanutshell.ch\/fr\/wp-json\/wp\/v2\/pages\/21606\/revisions\/21607"}],"up":[{"embeddable":true,"href":"https:\/\/www.inanutshell.ch\/fr\/wp-json\/wp\/v2\/pages\/7598"}],"wp:attachment":[{"href":"https:\/\/www.inanutshell.ch\/fr\/wp-json\/wp\/v2\/media?parent=21606"}],"curies":[{"name":"wp","href":"https:\/\/api.w.org\/{rel}","templated":true}]}}