{"id":3046,"date":"2018-06-05T08:41:21","date_gmt":"2018-06-05T06:41:21","guid":{"rendered":"https:\/\/www.inanutshell.ch\/?page_id=3046"},"modified":"2019-03-14T11:06:59","modified_gmt":"2019-03-14T10:06:59","slug":"startseite-fr","status":"publish","type":"page","link":"https:\/\/www.inanutshell.ch\/fr\/","title":{"rendered":"Startseite fr"},"content":{"rendered":"\r\n\r\n<div class=\"drnuts_wrap\">\r\n<div class=\"drnuts_box start_nuts\">\u00ab\u00a0<strong>S\u2019inscrire ? Commander des livrets gratuits ?<\/strong> <a href=\"\/fr\/sinscrire\/\">Vous pouvez vous inscrire gratuitement et commander vos livrets ici !<\/a>\u00a0\u00bb<\/div>\r\n<\/div>\r\n<\/div>\r\nS\u00e9lectionnez le module d\u00e9sir\u00e9 :\r\n<div class=\"section group\">\r\n<div class=\"col span_1_of_2 same-height\" style=\"background-color: #e1e1e1;\">\r\n<div class=\"boxtop\"><span class=\"head_modul\">MODULE 2<\/span><\/div>\r\n<div class=\"modulbox box02\">\r\n<div class=\"boxtitel\">Le psoriasis chez le g\u00e9n\u00e9raliste<\/div>\r\n<span class=\"boxcontent\">Cet ouvrage d\u2019aide au diagnostic et au traitement du psoriasis a \u00e9t\u00e9 d\u00e9velopp\u00e9 dans le cadre d\u2019une \u00e9troite collaboration entre dermatologues, rhumatologues et m\u00e9decins g\u00e9n\u00e9ralistes.\r\n<br>\r\n<br>\r\n<a href=\"\/fr\/livret\/\"><img class=\"alignnone wp-image-4201 size-full\" style=\"width: 150px; padding-top: 0px; float: right;\" src=\"\/wp-content\/uploads\/stoerer-fr-02-01.svg\" alt=\"\" width=\"150\" height=\"150\" \/><\/a>Son but est de vous faciliter le diagnostic du psoriasis dans votre pratique de m\u00e9decine g\u00e9n\u00e9rale et de vous donner des indications th\u00e9rapeutiques concr\u00e8tes et claires que vous pourrez ais\u00e9ment mettre en \u0153uvre.<br>\r\n\u00a0<br>\r\n\u00a0<br>\r\n\u00a0<br>\r\n&nbsp;<br>\r\n\u00a0<\/span>\r\n<\/div>\r\n<\/div>\r\n<div class=\"col span_1_of_2 same-height\" style=\"background-color: #cbcbcb;\">\r\n<div class=\"boxtop\"><span class=\"head_modul\">News<\/span><\/div>\r\n<div class=\"newsbox\"><style>.wp-show-posts-columns#wpsp-2380 {margin-left: -2em; }.wp-show-posts-columns#wpsp-2380 .wp-show-posts-inner {margin: 0 0 2em 2em; }<\/style><section id=\"wpsp-2380\" class=\" wp-show-posts\" style=\"\"><article class=\" wp-show-posts-single wpsp-clearfix post-3377 post type-post status-publish format-standard hentry category-non-classifiee\" itemtype=\"http:\/\/schema.org\/CreativeWork\" itemscope><div class=\"wp-show-posts-inner\" style=\"\">\t\t\t\t\t\t<header class=\"wp-show-posts-entry-header\">\n\t\t\t\t\t\t\t<span class=\"wp-show-posts-entry-title\" itemprop=\"headline\"><a href=\"https:\/\/www.inanutshell.ch\/fr\/special-lecture\/\" rel=\"bookmark\">Special Lecture<\/a><\/span>\t\t\t\t\t\t<\/header><!-- .entry-header -->\n\t\t\t\t\t\t\t\t\t\t\t<div class=\"wp-show-posts-entry-content\" itemprop=\"text\">\n\t\t\t\t\t\t\t<p><strong>Dr. Nuts \u2013 Die Nuss, der die \u00c4rzte vertrauen<br \/>\nEpisode 3<\/strong><\/p>\n<p><strong>Congr\u00e8s de printemps<br \/>\n<\/strong><strong>06.06.2019, 12:15 \u2013 13:15 \/ <b>Congress Center Basel<\/b><\/strong><\/p>\n<p>Update zu \u201ein a nutshell\u201c &#8211; Praxisrelevante Informationen und Hilfsmittel, jederzeit griffbereit.<\/p>\n\t\t\t\t\t\t<\/div><!-- .entry-content -->\n\t\t\t\t\t<\/div><!-- wp-show-posts-inner --><div class=\"wpsp-clear\"><\/div><\/article><article class=\" wp-show-posts-single wpsp-clearfix post-3056 post type-post status-publish format-standard hentry category-non-classifiee\" itemtype=\"http:\/\/schema.org\/CreativeWork\" itemscope><div class=\"wp-show-posts-inner\" style=\"\">\t\t\t\t\t\t<header class=\"wp-show-posts-entry-header\">\n\t\t\t\t\t\t\t<span class=\"wp-show-posts-entry-title\" itemprop=\"headline\"><a href=\"https:\/\/www.inanutshell.ch\/fr\/precommande-du-livret-gratuit\/\" rel=\"bookmark\">Pr\u00e9commande du livret gratuit<\/a><\/span>\t\t\t\t\t\t<\/header><!-- .entry-header -->\n\t\t\t\t\t\t\t\t\t\t\t<div class=\"wp-show-posts-entry-content\" itemprop=\"text\">\n\t\t\t\t\t\t\t<p>Les informations du site \u00ab in a nutshell \u00bb sont \u00e9galement disponibles hors ligne : gardez-les \u00e0 port\u00e9e de main et <a href=\"https:\/\/www.inanutshell.ch\/fr\/livret\/\">commandez gratuitement<\/a> le module \u00ab R\u00e9duction du risque cardiovasculaire dans le diab\u00e8te de type 2 \u00bb dans sa version imprim\u00e9e en livret de format A5 .<\/p>\n\t\t\t\t\t\t<\/div><!-- .entry-content -->\n\t\t\t\t\t<\/div><!-- wp-show-posts-inner --><div class=\"wpsp-clear\"><\/div><\/article><\/section><!-- .wp-show-posts --><\/div>\r\n<\/div>\r\n<\/div>\r\n<div class=\"boxlog\"><a class=\"white\" href=\"\/fr\/sinscrire\/\">POUR VOUS INSCRIRE GRATUITEMENT C\u2019EST ICI \u2192<\/a><\/div>\r\n\u00a0\r\n<div class=\"section group\">\r\n\t<div class=\"col span_1_of_2\" style=\"background-color: #e1e1e1;\">\r\n<div class=\"boxtop\"><span class=\"head_modul\">MODULE 1<\/span><\/div>\r\n<div class=\"modulbox box01\">\r\n<div class=\"boxtitel\">R\u00e9duction du risque cardiovasculaire dans le diab\u00e8te de type 2<\/div>\r\n<span class=\"boxcontent\">Dans deux cas sur trois encore, les patients atteints de diab\u00e8te de type 2 meurent de maladie cardiovasculaire. Cela ne devrait plus arriver aujourd\u2019hui, car il existe d\u00e9sormais des traitements efficaces qui r\u00e9duisent consid\u00e9rablement ce risque.\r\n<\/span>\r\n<\/div>\r\n<\/div>\r\n\t<div class=\"col span_1_of_2\">\r\n\t\u00a0\r\n\t<\/div>\r\n<\/div>\r\n\r\n\r\n\n","protected":false},"excerpt":{"rendered":"","protected":false},"author":7,"featured_media":0,"parent":0,"menu_order":985,"comment_status":"closed","ping_status":"closed","template":"page_nomenu.php","meta":{"_acf_changed":false,"inline_featured_image":false,"footnotes":""},"class_list":["post-3046","page","type-page","status-publish","hentry"],"acf":[],"_links":{"self":[{"href":"https:\/\/www.inanutshell.ch\/fr\/wp-json\/wp\/v2\/pages\/3046","targetHints":{"allow":["GET"]}}],"collection":[{"href":"https:\/\/www.inanutshell.ch\/fr\/wp-json\/wp\/v2\/pages"}],"about":[{"href":"https:\/\/www.inanutshell.ch\/fr\/wp-json\/wp\/v2\/types\/page"}],"author":[{"embeddable":true,"href":"https:\/\/www.inanutshell.ch\/fr\/wp-json\/wp\/v2\/users\/7"}],"replies":[{"embeddable":true,"href":"https:\/\/www.inanutshell.ch\/fr\/wp-json\/wp\/v2\/comments?post=3046"}],"version-history":[{"count":30,"href":"https:\/\/www.inanutshell.ch\/fr\/wp-json\/wp\/v2\/pages\/3046\/revisions"}],"predecessor-version":[{"id":4202,"href":"https:\/\/www.inanutshell.ch\/fr\/wp-json\/wp\/v2\/pages\/3046\/revisions\/4202"}],"wp:attachment":[{"href":"https:\/\/www.inanutshell.ch\/fr\/wp-json\/wp\/v2\/media?parent=3046"}],"curies":[{"name":"wp","href":"https:\/\/api.w.org\/{rel}","templated":true}]}}