{"id":3070,"date":"2018-06-05T09:13:54","date_gmt":"2018-06-05T07:13:54","guid":{"rendered":"https:\/\/www.inanutshell.ch\/?page_id=3070"},"modified":"2018-06-05T09:14:13","modified_gmt":"2018-06-05T07:14:13","slug":"livret","status":"publish","type":"page","link":"https:\/\/www.inanutshell.ch\/fr\/livret\/","title":{"rendered":"Livret"},"content":{"rendered":"<div id=\"signup-gln-user-form-wrapper\">\n\t<form action=\"https:\/\/www.inanutshell.ch\/fr\/wp-json\/wp\/v2\/pages\/3070\/\" method=\"post\" id=\"signup-gln-user-form\">\n\t<input type=\"hidden\" id=\"action\" name=\"action\" value=\"57da4d8b76\" \/><input type=\"hidden\" name=\"_wp_http_referer\" value=\"\/fr\/wp-json\/wp\/v2\/pages\/3070\" \/>\t<h3>Trois \u00e9tapes simples<\/h3>\n\n\t<div class=\"progress-bar-wrapper\">\n\t\t<div class=\"progress-bar\" style=\"width:0%;\"><\/div>\n\t\t<div class=\"progress-bar-text\">Enregistrement \u2014 \u00e9tape 1\/3 - 0%<\/div>\n\t<\/div>\n\n\t<div class=\"row\">\n\t\t<div class=\"form-group col-md-6\">\n\t\t\t<label for=\"signup-gln-user-gln\">Num\u00e9ro GLN *<span class=\"tooltips  bubblebgcolor_#054857 bubbleopacity_1 bubbleposition_left bubblecolor_#ffffff custom_m_bubble\" style=\"\" title=\"Chaque m\u00e9decin poss\u00e8de son GLN personnel. Si vous ne trouvez pas votre GLN dans le registre des professions m\u00e9dicales (&lt;a href=&quot;http:\/\/www.medregom.admin.ch&quot; target=&quot;_blank&quot;&gt;www.medregom.admin.ch&lt;\/a&gt;), vous pouvez le demander aupr\u00e8s de l\u2019OFSP.\"><strong>&#9432;<\/strong><\/span>\t\t\t<\/label>\n\t\t\t<input type=\"text\" name=\"GLN\" value=\"\" id=\"signup-gln-user-gln\" class=\"form-control\" aria-required=\"true\" aria-invalid=\"false\" aria-describedby=\"signup-gln-user-gln-feedback\" \/>\n\t\t\t<div id=\"signup-gln-user-gln-feedback\" class=\"invalid-feedback\">\n\t\t\t\t\t\t\t<\/div>\n\t\t<\/div>\n\t<\/div>\n\t<div class=\"row\">\n\t\t<div class=\"form-group col-12\">\n\t\t\t<label for=\"signup-gln-user-email\">Courriel *<\/label>\n\t\t\t<input type=\"email\" name=\"email\" value=\"\" id=\"signup-gln-user-email\" class=\"form-control\" aria-required=\"true\" aria-invalid=\"false\" \/>\n\t\t\t<div id=\"signup-gln-user-email-feedback\" class=\"invalid-feedback\">\n\t\t\t\t\t\t\t<\/div>\n\t\t<\/div>\n\t<\/div>\n\t<div class=\"row\">\n\t\t<div class=\"form-group col-12\">\n\t\t\t<label for=\"signup-gln-user-email2\">R\u00e9p\u00e9ter le courriel *<\/label>\n\t\t\t<input type=\"email\" name=\"email2\" value=\"\" id=\"signup-gln-user-email2\" class=\"form-control\" aria-required=\"true\" aria-invalid=\"false\" \/>\n\t\t\t<div id=\"signup-gln-user-email2-feedback\" class=\"invalid-feedback\">\n\t\t\t\t\t\t\t<\/div>\n\t\t<\/div>\n\t<\/div>\n\t<button type=\"submit\" class=\"btn btn-shuttle-gray\" \/>SUIVANT<\/button>\n\t<p>* obligatoire<\/p>\n\t<\/form>\n<\/div>\n<script>\njQuery(function() {\n\tsignup_form_messages = {\n\t\t'required' : 'Merci de remplir ces champs obligatoires !',\n\t\t'required_email' : 'Cette adresse e-mail n\u2019est pas valide',\n\t\t'global_error' : 'Erreur de saisie dans le formulaire ! Merci de v\u00e9rifier les donn\u00e9es saisies et de cliquer \u00e0 nouveau sur \u00ab SUIVANT \u00bb'\n\t};\n});\n<\/script>\n","protected":false},"excerpt":{"rendered":"","protected":false},"author":7,"featured_media":0,"parent":0,"menu_order":982,"comment_status":"closed","ping_status":"closed","template":"page_fullwidth.php","meta":{"_acf_changed":false,"inline_featured_image":false,"footnotes":""},"class_list":["post-3070","page","type-page","status-publish","hentry"],"acf":[],"_links":{"self":[{"href":"https:\/\/www.inanutshell.ch\/fr\/wp-json\/wp\/v2\/pages\/3070","targetHints":{"allow":["GET"]}}],"collection":[{"href":"https:\/\/www.inanutshell.ch\/fr\/wp-json\/wp\/v2\/pages"}],"about":[{"href":"https:\/\/www.inanutshell.ch\/fr\/wp-json\/wp\/v2\/types\/page"}],"author":[{"embeddable":true,"href":"https:\/\/www.inanutshell.ch\/fr\/wp-json\/wp\/v2\/users\/7"}],"replies":[{"embeddable":true,"href":"https:\/\/www.inanutshell.ch\/fr\/wp-json\/wp\/v2\/comments?post=3070"}],"version-history":[{"count":2,"href":"https:\/\/www.inanutshell.ch\/fr\/wp-json\/wp\/v2\/pages\/3070\/revisions"}],"predecessor-version":[{"id":3073,"href":"https:\/\/www.inanutshell.ch\/fr\/wp-json\/wp\/v2\/pages\/3070\/revisions\/3073"}],"wp:attachment":[{"href":"https:\/\/www.inanutshell.ch\/fr\/wp-json\/wp\/v2\/media?parent=3070"}],"curies":[{"name":"wp","href":"https:\/\/api.w.org\/{rel}","templated":true}]}}