{"id":33424,"date":"2022-11-30T12:29:51","date_gmt":"2022-11-30T11:29:51","guid":{"rendered":"https:\/\/www.inanutshell.ch\/?page_id=33424"},"modified":"2022-11-30T12:29:51","modified_gmt":"2022-11-30T11:29:51","slug":"carence-en-fer-dapres-ganzoni","status":"publish","type":"page","link":"https:\/\/www.inanutshell.ch\/fr\/calculateurs\/carence-en-fer-dapres-ganzoni\/","title":{"rendered":"Carence en fer d\u2019apr\u00e8s Ganzoni"},"content":{"rendered":"<p>La formule du m\u00e9decin suisse Ganzoni calcule la dose de fer \u00e0 substituer pour corriger un d\u00e9ficit martial d\u00fb \u00e0 l\u2019an\u00e9mie.<\/p>\n<p>Le taux d&rsquo;h\u00e9moglobine cible recommand\u00e9 par l&rsquo;OMS d\u00e9pend du sexe : 120 g\/l  pour les femmes et 130 g\/l pour les hommes. Par ailleurs, la carence en fer se classe en trois stades : le d\u00e9ficit des r\u00e9serves (stade I), l\u2019\u00e9rythropo\u00ef\u00e8se d\u00e9ficiente (stade II, avec p. ex. des \u00e9rythrocytes hypochromes sur h\u00e9moglobin\u00e9mie normale) et l\u2019an\u00e9mie ferriprive (stade III). La substitution martiale est g\u00e9n\u00e9ralement indiqu\u00e9e \u00e0 partir du stade II, mais il faut \u00e9galement tenir compte du contexte comme la grossesse ou des comorbidit\u00e9s comme l&rsquo;insuffisance r\u00e9nale dialys\u00e9e.<\/p>\n    <div class=\"medical-calculator iron-deficit\" id=\"medical-calculator-iron-deficit\">\r\n        <form>\r\n            <div class=\"form-group row\">\r\n                <label for=\"medical-calculator-iron-deficit-curr-hemo\" class=\"col-sm-3 col-form-label\">\r\n                                    H\u00e9moglobine r\u00e9elle\r\n                                <\/label>\r\n                <div class=\"col-sm-9\">\r\n                    <div class=\"input-group mb-2\">\r\n                        <input type=\"text\" name=\"current-hemoglobin\" id=\"medical-calculator-iron-deficit-curr-hemo\" class=\"form-control\" placeholder=\"\" aria-label=\"H\u00e9moglobine r\u00e9elle\" aria-describedby=\"medical-calculator-iron-deficit-curr-hemo-unit\" tabindex=\"1\" inputmode=\"decimal\">\r\n                        <div class=\"input-group-append\">\r\n                            <button class=\"btn btn-unit\" type=\"button\" id=\"medical-calculator-iron-deficit-curr-hemo-unit\">g\/l \u21cc<\/button>\r\n                        <\/div>\r\n                        <div class=\"invalid-feedback\" id=\"medical-calculator-iron-deficit-curr-hemo-error\"><\/div>\r\n                    <\/div>\r\n                <\/div>\r\n            <\/div>\r\n            <div class=\"form-group row\">\r\n                <label for=\"medical-calculator-iron-deficit-target-hemo\" class=\"col-sm-3 col-form-label\">\r\n                                    H\u00e9moglobine cible\r\n                                <\/label>\r\n                <div class=\"col-sm-9\">\r\n                    <div class=\"input-group mb-2\">\r\n                        <input type=\"text\" name=\"target-hemoglobin\" id=\"medical-calculator-iron-deficit-target-hemo\" class=\"form-control\" placeholder=\"\" aria-label=\"H\u00e9moglobine cible\" aria-describedby=\"medical-calculator-iron-deficit-target-hemo-unit\" tabindex=\"2\" inputmode=\"decimal\">\r\n                        <div class=\"input-group-append\">\r\n                            <button class=\"btn btn-unit\" type=\"button\" id=\"medical-calculator-iron-deficit-target-hemo-unit\">g\/l \u21cc<\/button>\r\n                        <\/div>\r\n                        <div class=\"invalid-feedback\" id=\"medical-calculator-iron-deficit-target-hemo-error\"><\/div>\r\n                    <\/div>\r\n                <\/div>\r\n            <\/div>\r\n            <div class=\"form-group row\">\r\n                <label for=\"medical-calculator-iron-deficit-weight\" class=\"col-sm-3 col-form-label\">\r\n                                    Poids\r\n                                <\/label>\r\n                <div class=\"col-sm-9\">\r\n                    <div class=\"input-group mb-2\">\r\n                        <input type=\"text\" name=\"weight\" id=\"medical-calculator-iron-deficit-weight\" class=\"form-control\" placeholder=\"\" aria-label=\"Poids\" aria-describedby=\"medical-calculator-iron-deficit-weight-unit\" tabindex=\"3\" inputmode=\"decimal\">\r\n                        <div class=\"input-group-append\">\r\n                            <button class=\"btn btn-unit\" type=\"button\" id=\"medical-calculator-iron-deficit-weight-unit\">kg \u21cc<\/button>\r\n                        <\/div>\r\n                        <div class=\"invalid-feedback\" id=\"medical-calculator-iron-deficit-weight-error\"><\/div>\r\n                    <\/div>\r\n                <\/div>\r\n            <\/div>\r\n        <\/form>\r\n\r\n        <div class=\"row\">\r\n            <div class=\"col-sm-12\">\r\n                <div id=\"medical-calculator-iron-deficit-result-text\" class=\"result-text\">\r\n                    <p><h5>D\u00e9ficit en fer d\u2019apr\u00e8s Ganzoni: <span id=\"medical-calculator-iron-deficit-result-value\"><\/span> mg<\/h5><\/p>\r\n                <\/div>\r\n            <\/div>\r\n        <\/div>\r\n\r\n        <div class=\"row\">\r\n            <div class=\"col-sm-12 mt-3\">\r\n                <h5>\r\n                                            R\u00e9f\u00e9rence\r\n                                    <\/h5>\r\n                <ol class=\"references\">\r\n                    <li id=\"iron-deficit-cite-note-1\">Ganzoni AM. Eisen-Dextran intraven\u00f6s: therapeutische und experimentelle M\u00f6glichkeiten.\r\n                     Schweiz Med Wochenschr. 1970;100(7):301-303.<\/li>\r\n                    <li id=\"iron-deficit-cite-note-2\">Soci\u00e9t\u00e9s m\u00e9dicales DGHO, OeGHO, SSH, SSOM. Carence en fer et an\u00e9mie ferriprive (an allemand). Onkopedia. Consult\u00e9 le 23.10.2022. <a href=\"https:\/\/www.onkopedia.com\/de\/onkopedia\/guidelines\/eisenmangel-und-eisenmangelanaemie\" target=\"_blank\">https:\/\/www.onkopedia.com\/de\/onkopedia\/guidelines\/eisenmangel-und-eisenmangelanaemie<\/a>.<\/li>\r\n                <\/ol>\r\n            <\/div>\r\n        <\/div>\r\n    <\/div>\r\n    <script type=\"text\/javascript\">\r\n                var medical_calculator_iron_deficit_messages = {\r\n            'curr_hemo_gl_out_of_range' : 'Valeur improbable (H\u00e9moglobine r\u00e9elle): Seules les valeurs comprises entre 20 et 190 g\/l sont autoris\u00e9es.',\r\n            'curr_hemo_gdl_out_of_range' : 'Valeur improbable (H\u00e9moglobine r\u00e9elle): Seules les valeurs comprises entre 2 et 19 g\/dl sont autoris\u00e9es.',\r\n            'target_hemo_gl_out_of_range' : 'Valeur improbable (H\u00e9moglobine cible): Seules les valeurs comprises entre 20 et 190 g\/l sont autoris\u00e9es.',\r\n            'target_hemo_gdl_out_of_range' : 'Valeur improbable (H\u00e9moglobine cible): Seules les valeurs comprises entre 2 et 19 g\/dl sont autoris\u00e9es.',\r\n            'weight_kg_out_of_range' : 'Valeur improbable (Poids): Seules les valeurs comprises entre 15 et 300 kg sont autoris\u00e9es.',\r\n            'weight_lbs_out_of_range' : 'Valeur improbable (Poids): Seules les valeurs comprises entre 33.075 et 661.5 lbs sont autoris\u00e9es.',\r\n            'target_lower_than_curr_hemo' : 'L\\'h\u00e9moglobine cible doit \u00eatre plus \u00e9lev\u00e9e que l\\'h\u00e9moglobine actuelle.',\r\n        };\r\n        var hemo_units_lang = { \"grams_per_l\": \"g\/l \u21cc\", \"grams_per_dl\": \"g\/dl \u21cc\"};\r\n\r\n            <\/script>\r\n\n","protected":false},"excerpt":{"rendered":"<p>La formule du m\u00e9decin suisse Ganzoni calcule la dose de fer \u00e0 substituer pour corriger un d\u00e9ficit martial d\u00fb \u00e0 l\u2019an\u00e9mie. Le taux d&rsquo;h\u00e9moglobine cible recommand\u00e9 par l&rsquo;OMS d\u00e9pend du sexe : 120 g\/l pour les femmes et 130 g\/l pour les hommes. Par ailleurs, la carence en fer se classe en trois stades : [&hellip;]<\/p>\n","protected":false},"author":3,"featured_media":0,"parent":7598,"menu_order":0,"comment_status":"closed","ping_status":"closed","template":"","meta":{"_acf_changed":false,"inline_featured_image":false,"footnotes":""},"class_list":["post-33424","page","type-page","status-publish","hentry"],"acf":[],"_links":{"self":[{"href":"https:\/\/www.inanutshell.ch\/fr\/wp-json\/wp\/v2\/pages\/33424","targetHints":{"allow":["GET"]}}],"collection":[{"href":"https:\/\/www.inanutshell.ch\/fr\/wp-json\/wp\/v2\/pages"}],"about":[{"href":"https:\/\/www.inanutshell.ch\/fr\/wp-json\/wp\/v2\/types\/page"}],"author":[{"embeddable":true,"href":"https:\/\/www.inanutshell.ch\/fr\/wp-json\/wp\/v2\/users\/3"}],"replies":[{"embeddable":true,"href":"https:\/\/www.inanutshell.ch\/fr\/wp-json\/wp\/v2\/comments?post=33424"}],"version-history":[{"count":1,"href":"https:\/\/www.inanutshell.ch\/fr\/wp-json\/wp\/v2\/pages\/33424\/revisions"}],"predecessor-version":[{"id":33425,"href":"https:\/\/www.inanutshell.ch\/fr\/wp-json\/wp\/v2\/pages\/33424\/revisions\/33425"}],"up":[{"embeddable":true,"href":"https:\/\/www.inanutshell.ch\/fr\/wp-json\/wp\/v2\/pages\/7598"}],"wp:attachment":[{"href":"https:\/\/www.inanutshell.ch\/fr\/wp-json\/wp\/v2\/media?parent=33424"}],"curies":[{"name":"wp","href":"https:\/\/api.w.org\/{rel}","templated":true}]}}