{"id":7598,"date":"2020-03-27T13:05:44","date_gmt":"2020-03-27T12:05:44","guid":{"rendered":"https:\/\/www.inanutshell.ch\/?page_id=7598"},"modified":"2023-02-09T15:53:39","modified_gmt":"2023-02-09T14:53:39","slug":"calculateurs","status":"publish","type":"page","link":"https:\/\/www.inanutshell.ch\/fr\/calculateurs\/","title":{"rendered":"Mallette digitale"},"content":{"rendered":"<div class=\"row\">\n<div class=\"col-sm-6 mt-3\"><a class=\"btn btn-secondary btn-block\" href=\"\/fr\/calculateurs\/asthma-control-test\/\">Asthma Control Test\u2122<\/a><\/div>\n<div class=\"col-sm-6 mt-3\"><a class=\"btn btn-secondary btn-block\" href=\"\/fr\/calculateur\/calculateur-de-risque-frax\">Calculateur de risque FRAX\u00ae<\/a><\/div>\n<\/div>\n<div class=\"row\">\n<div class=\"col-sm-6 mt-3\"><a class=\"btn btn-secondary btn-block\" href=\"\/fr\/calculateurs\/carence-en-fer-dapres-ganzoni\/\">Carence en fer d\u2019apr\u00e8s Ganzoni<\/a><\/div>\n<div class=\"col-sm-6 mt-3\"><a class=\"btn btn-secondary btn-block\" href=\"\/fr\/calculateurs\/copd-assessment-test\/\">COPD Assessment Test\u2122<\/a><\/div>\n<\/div>\n<div class=\"row\">\n<div class=\"col-sm-6 mt-3\"><a class=\"btn btn-secondary btn-block\" href=\"\/fr\/calculateur\/debit-de-filtration-glomerulaire-dfg\">D\u00e9bit de filtration glom\u00e9rulaire (DFG)<\/a><\/div>\n<div class=\"col-sm-6 mt-3\"><a class=\"btn btn-secondary btn-block\" href=\"\/fr\/calculateurs\/echelle-de-dyspnee-mmrc\/\">\u00c9chelle de dyspn\u00e9e mMRC<\/a><\/div>\n<\/div>\n<div class=\"row\">\n<div class=\"col-sm-6 mt-3\"><a class=\"btn btn-secondary btn-block\" href=\"\/fr\/calculateur\/indice-de-masse-corporelle-imc\">Indice de masse corporelle (IMC)<\/a><\/div>\n<div class=\"col-sm-6 mt-3\"><a class=\"btn btn-secondary btn-block\" href=\"\/fr\/calculateurs\/malnutrition-universal-screening-tool-must\/\">Malnutrition Universal Screening Tool (MUST)<\/a><\/div>\n<\/div>\n<div class=\"row\">\n<div class=\"col-sm-6 mt-3\"><a class=\"btn btn-secondary btn-block\" href=\"\/fr\/calculateurs\/mini-mental-status\/\">Mini-Mental Status<\/a><\/div>\n<div class=\"col-sm-6 mt-3\"><a class=\"btn btn-secondary btn-block\" href=\"\/fr\/calculateurs\/mini-nutritional-assessment-version-courte\/\">Mini Nutritional Assessment\u00ae (version courte)<\/a><\/div>\n<\/div>\n<div class=\"row\">\n<div class=\"col-sm-6 mt-3\"><a class=\"btn btn-secondary btn-block\" href=\"\/fr\/calculateurs\/montreal-cognitive-assessment-moca\/\">Montreal Cognitive Assessment (MoCA)<\/a><\/div>\n<div class=\"col-sm-6 mt-3\"><a class=\"btn btn-secondary btn-block\" href=\"\/fr\/calculateurs\/nutritional-risk-screening\/\">Nutritional Risk Screening<\/a><\/div>\n<\/div>\n<div class=\"row\">\n<div class=\"col-sm-6 mt-3\"><a class=\"btn btn-secondary btn-block\" href=\"\/fr\/calculateurs\/objectif-nutritionnel\/\">Objectif nutritionnel<\/a><\/div>\n<div class=\"col-sm-6 mt-3\"><a class=\"btn btn-secondary btn-block\" href=\"\/fr\/calculateurs\/phq-9\/\">PHQ-9<\/a><\/div>\n<\/div>\n<div class=\"row\">\n<div class=\"col-sm-6 mt-3\"><a class=\"btn btn-secondary btn-block\" href=\"\/fr\/calculateur\/questionnaire-cage-pour-labus-dalcool\">Questionnaire CAGE pour l\u2019abus d\u2019alcool<\/a><\/div>\n<div class=\"col-sm-6 mt-3\"><a class=\"btn btn-secondary btn-block\" href=\"\/fr\/calculateurs\/questionnaire-gepard\/\">Questionnaire GEPARD<\/a><\/div>\n<\/div>\n<div class=\"row\">\n<div class=\"col-sm-6 mt-3\"><a class=\"btn btn-secondary btn-block\" href=\"\/fr\/calculateurs\/score-audit\/\">Score AUDIT<\/a><\/div>\n<div class=\"col-sm-6 mt-3\"><a class=\"btn btn-secondary btn-block\" href=\"\/fr\/calculateur\/score-centor-modifie-dapres-mcisaac\">Score Centor (modifi\u00e9 d\u2019apr\u00e8s McIsaac)<\/a><\/div>\n<\/div>\n<div class=\"row\">\n<div class=\"col-sm-6 mt-3\"><a class=\"btn btn-secondary btn-block\" href=\"\/fr\/calculateurs\/score-cha2ds2-vasc\/\">Score CHA<sub>2<\/sub>DS<sub>2<\/sub>-VASc<\/a><\/div>\n<div class=\"col-sm-6 mt-3\"><a class=\"btn btn-secondary btn-block\" href=\"\/fr\/calculateurs\/scores-curb-65-et-crb-65\/\">Scores CURB-65 et CRB-65<\/a><\/div>\n<\/div>\n<div class=\"row\">\n<div class=\"col-sm-6 mt-3\"><a class=\"btn btn-secondary btn-block\" href=\"\/fr\/calculateur\/score-de-child-pugh\">Score de Child-Pugh<\/a><\/div>\n<div class=\"col-sm-6 mt-3\"><a class=\"btn btn-secondary btn-block\" href=\"\/fr\/calculateurs\/score-de-clarke\/\">Score de Clarke<\/a><\/div>\n<\/div>\n<div class=\"row\">\n<div class=\"col-sm-6 mt-3\"><a class=\"btn btn-secondary btn-block\" href=\"\/fr\/calculateurs\/score-has-bled\/\">Score HAS-BLED<\/a><\/div>\n<div class=\"col-sm-6 mt-3\"><a class=\"btn btn-secondary btn-block\" href=\"\/fr\/calculateur\/score-meld-2016\">Score MELD (2016)<\/a><\/div>\n<\/div>\n<div class=\"row\">\n<div class=\"col-sm-6 mt-3\"><a class=\"btn btn-secondary btn-block\" href=\"\/fr\/calculateur\/score-nafld-de-fibrose\">Score NAFLD de fibrose<\/a><\/div>\n<div class=\"col-sm-6 mt-3\"><a class=\"btn btn-secondary btn-block\" href=\"\/fr\/calculateurs\/score-scp-syndrome-de-congestion-pelvienne\/\">Score SCP (Syndrome de congestion pelvienne)<\/a><\/div>\n<\/div>\n<div class=\"row\">\n<div class=\"col-sm-6 mt-3\"><a class=\"btn btn-secondary btn-block\" href=\"\/fr\/calculateurs\/score-de-wells-pour-lembolie-pulmonaire\/\">Score de Wells pour l&#8217;embolie pulmonaire<\/a><\/div>\n<div class=\"col-sm-6 mt-3\"><a class=\"btn btn-secondary btn-block\" href=\"\/fr\/calculateurs\/score-de-wells-pour-la-thrombose-veineuse-profonde\/\">Score de Wells pour la thrombose veineuse profonde<\/a><\/div>\n<\/div>\n<div class=\"row\">\n<div class=\"col-sm-6 mt-3\"><a class=\"btn btn-secondary btn-block\" href=\"\/fr\/calculateurs\/swiss-diabetes-guide\/\">Swiss Diabetes Guide<\/a><\/div>\n<div class=\"col-sm-6 mt-3\"><a class=\"btn btn-secondary btn-block\" href=\"\/fr\/calculateurs\/test-de-lhorloge\/\">Test de l&rsquo;horloge<\/a><\/div>\n<\/div>\n<div class=\"row\">\n<div class=\"col-sm-6 mt-3\"><a class=\"btn btn-secondary btn-block\" href=\"\/fr\/calculateur\/table-de-risque-score\">Table de risque SCORE2 et SCORE2-OP<\/a><\/div>\n<\/div>\n<div class=\"row\">\n<div class=\"col-12 mt-3\">\n<p>Les calculatrices, tableaux (scores), guidelines et autres informations m\u00e9dicales contenus dans la Mallette digitale\u2122 sont destin\u00e9s \u00e0 \u00eatre utilis\u00e9s exclusivement par des professionnels de la sant\u00e9. La Mallette digitale\u2122 comprend des fonctions similaires \u00e0 celles d\u2019outils g\u00e9n\u00e9raux simples, tels que des calculs \u00e9crits bas\u00e9s sur des tableaux scientifiques (scores) ou de simples calculatrices. Elles servent \u00e0 effectuer des calculs m\u00e9dicaux simples, qui sont enseign\u00e9s dans la formation m\u00e9dicale et utilis\u00e9s de mani\u00e8re routini\u00e8re dans la pratique clinique. Les informations mises \u00e0 disposition se basent sur des \u00e9tudes et des r\u00e9sultats de recherche publi\u00e9s et accessibles \u00e0 tous et ont \u00e9t\u00e9 soigneusement v\u00e9rifi\u00e9es. Toutefois, nous n\u2019assumons aucune responsabilit\u00e9 quant aux r\u00e9sultats obtenus au moyen de la Mallette digitale\u2122 ou aux bases scientifiques sur lesquelles reposent les informations mises \u00e0 disposition.<\/p>\n<\/div>\n<\/div>\n","protected":false},"excerpt":{"rendered":"<p>Asthma Control Test\u2122 Calculateur de risque FRAX\u00ae Carence en fer d\u2019apr\u00e8s Ganzoni COPD Assessment Test\u2122 D\u00e9bit de filtration glom\u00e9rulaire (DFG) \u00c9chelle de dyspn\u00e9e mMRC Indice de masse corporelle (IMC) Malnutrition Universal Screening Tool (MUST) Mini-Mental Status Mini Nutritional Assessment\u00ae (version courte) Montreal Cognitive Assessment (MoCA) Nutritional Risk Screening Objectif nutritionnel PHQ-9 Questionnaire CAGE pour l\u2019abus [&hellip;]<\/p>\n","protected":false},"author":3,"featured_media":0,"parent":0,"menu_order":795,"comment_status":"closed","ping_status":"closed","template":"","meta":{"_acf_changed":false,"inline_featured_image":false,"footnotes":""},"class_list":["post-7598","page","type-page","status-publish","hentry"],"acf":[],"_links":{"self":[{"href":"https:\/\/www.inanutshell.ch\/fr\/wp-json\/wp\/v2\/pages\/7598","targetHints":{"allow":["GET"]}}],"collection":[{"href":"https:\/\/www.inanutshell.ch\/fr\/wp-json\/wp\/v2\/pages"}],"about":[{"href":"https:\/\/www.inanutshell.ch\/fr\/wp-json\/wp\/v2\/types\/page"}],"author":[{"embeddable":true,"href":"https:\/\/www.inanutshell.ch\/fr\/wp-json\/wp\/v2\/users\/3"}],"replies":[{"embeddable":true,"href":"https:\/\/www.inanutshell.ch\/fr\/wp-json\/wp\/v2\/comments?post=7598"}],"version-history":[{"count":16,"href":"https:\/\/www.inanutshell.ch\/fr\/wp-json\/wp\/v2\/pages\/7598\/revisions"}],"predecessor-version":[{"id":34981,"href":"https:\/\/www.inanutshell.ch\/fr\/wp-json\/wp\/v2\/pages\/7598\/revisions\/34981"}],"wp:attachment":[{"href":"https:\/\/www.inanutshell.ch\/fr\/wp-json\/wp\/v2\/media?parent=7598"}],"curies":[{"name":"wp","href":"https:\/\/api.w.org\/{rel}","templated":true}]}}