{"id":7602,"date":"2020-03-27T13:10:13","date_gmt":"2020-03-27T12:10:13","guid":{"rendered":"https:\/\/www.inanutshell.ch\/?page_id=7602"},"modified":"2020-03-27T13:56:50","modified_gmt":"2020-03-27T12:56:50","slug":"calculateur-de-risque-frax","status":"publish","type":"page","link":"https:\/\/www.inanutshell.ch\/fr\/calculateurs\/calculateur-de-risque-frax\/","title":{"rendered":"Calculateur de risque FRAX\u00ae"},"content":{"rendered":"<p>Le calculateur de risque FRAX\u00ae de l&rsquo;Universit\u00e9 de Sheffield permet d&rsquo;estimer la probabilit\u00e9 \u00e0 10 ans d\u2019une fracture de la hanche ou d&rsquo;une fracture ost\u00e9oporotique ; il prend en compte certains facteurs de risque cliniques et la densit\u00e9 osseuse du col du f\u00e9mur.<\/p>\n    <div class=\"medical-calculator frax\" id=\"medical-calculator-frax\">\r\n\r\n        <div class=\"row\">\r\n            <div class=\"col-sm-12 mt-3 mb-3\">\r\n                <a href=\"https:\/\/www.sheffield.ac.uk\/FRAX\/tool.aspx?country=15\" class=\"btn btn-secondary btn-lg btn-frax\" target=\"_blank\">\r\n                                     Aller au calculateur de risque FRAX&reg;\r\n                                   \r\n                <\/a>\r\n            <\/div>\r\n        <\/div>\r\n\r\n        <div class=\"row\">\r\n            <div class=\"col-sm-12 mt-4\">\r\n                <h5>\r\n                                    R\u00e9f\u00e9rences\r\n                                <\/h5>\r\n                <ol class=\"references\">\r\n                    <li id=\"frax-cite-note-1\">FRAX&reg;: <a href=\"https:\/\/www.sheffield.ac.uk\/FRAX\" target=\"_blank\">https:\/\/www.sheffield.ac.uk\/FRAX<\/a><\/li>\r\n                <\/ol>\r\n            <\/div>\r\n        <\/div>\r\n    <\/div>\r\n\n","protected":false},"excerpt":{"rendered":"<p>Le calculateur de risque FRAX\u00ae de l&rsquo;Universit\u00e9 de Sheffield permet d&rsquo;estimer la probabilit\u00e9 \u00e0 10 ans d\u2019une fracture de la hanche ou d&rsquo;une fracture ost\u00e9oporotique ; il prend en compte certains facteurs de risque cliniques et la densit\u00e9 osseuse du col du f\u00e9mur.<\/p>\n","protected":false},"author":3,"featured_media":0,"parent":7598,"menu_order":793,"comment_status":"closed","ping_status":"closed","template":"","meta":{"_acf_changed":false,"inline_featured_image":false,"footnotes":""},"class_list":["post-7602","page","type-page","status-publish","hentry"],"acf":[],"_links":{"self":[{"href":"https:\/\/www.inanutshell.ch\/fr\/wp-json\/wp\/v2\/pages\/7602","targetHints":{"allow":["GET"]}}],"collection":[{"href":"https:\/\/www.inanutshell.ch\/fr\/wp-json\/wp\/v2\/pages"}],"about":[{"href":"https:\/\/www.inanutshell.ch\/fr\/wp-json\/wp\/v2\/types\/page"}],"author":[{"embeddable":true,"href":"https:\/\/www.inanutshell.ch\/fr\/wp-json\/wp\/v2\/users\/3"}],"replies":[{"embeddable":true,"href":"https:\/\/www.inanutshell.ch\/fr\/wp-json\/wp\/v2\/comments?post=7602"}],"version-history":[{"count":2,"href":"https:\/\/www.inanutshell.ch\/fr\/wp-json\/wp\/v2\/pages\/7602\/revisions"}],"predecessor-version":[{"id":7888,"href":"https:\/\/www.inanutshell.ch\/fr\/wp-json\/wp\/v2\/pages\/7602\/revisions\/7888"}],"up":[{"embeddable":true,"href":"https:\/\/www.inanutshell.ch\/fr\/wp-json\/wp\/v2\/pages\/7598"}],"wp:attachment":[{"href":"https:\/\/www.inanutshell.ch\/fr\/wp-json\/wp\/v2\/media?parent=7602"}],"curies":[{"name":"wp","href":"https:\/\/api.w.org\/{rel}","templated":true}]}}