{"id":7606,"date":"2020-03-27T13:12:42","date_gmt":"2020-03-27T12:12:42","guid":{"rendered":"https:\/\/www.inanutshell.ch\/?page_id=7606"},"modified":"2020-03-27T13:56:06","modified_gmt":"2020-03-27T12:56:06","slug":"questionnaire-cage-pour-labus-dalcool","status":"publish","type":"page","link":"https:\/\/www.inanutshell.ch\/fr\/calculateurs\/questionnaire-cage-pour-labus-dalcool\/","title":{"rendered":"Questionnaire CAGE pour l\u2019abus d\u2019alcool"},"content":{"rendered":"<p>Le questionnaire CAGE est utilis\u00e9 pour d\u00e9pister l&rsquo;abus d&rsquo;alcool. CAGE est l\u2019acronyme de \u00ab Cut down drinking \u00bb, \u00ab Annoyed by criticism \u00bb, \u00ab Guilty feelings \u00bb et \u00ab Eye-opener \u00bb.<\/p>\n    <div class=\"medical-calculator cage\" id=\"medical-calculator-cage\">\r\n        <form>\r\n            <div class=\"form-group row\">\r\n                <div class=\"col-sm-9 col-form-label\">\r\n                                    <strong>Cut down drinking<\/strong><br \/>\r\n                    Avez-vous d\u00e9j\u00e0 pens\u00e9 que vous devriez diminuer votre consommation d'alcool?\r\n                                <\/div>\r\n                <div class=\"col-sm-3 mt-3\">\r\n                    <div class=\"d-flex btn-group btn-group-toggle\" data-toggle=\"buttons\">\r\n                        <label class=\"btn btn-outline-secondary\">\r\n                            <input type=\"radio\" name=\"cut-down-drinking\" id=\"medical-calculator-cage-cut-down-drinking-y\" value=\"Y\" tabindex=\"1\" autocomplete=\"off\">\r\n                                                        Oui\r\n                                                    <\/label>\r\n                        <label class=\"btn btn-outline-secondary\">\r\n                            <input type=\"radio\" name=\"cut-down-drinking\" id=\"medical-calculator-cage-cut-down-drinking-n\" value=\"N\" tabindex=\"2\" autocomplete=\"off\">\r\n                                                        Non\r\n                                                    <\/label>\r\n                    <\/div>\r\n                <\/div>\r\n            <\/div>\r\n            <div class=\"form-group row\">\r\n                <div class=\"col-sm-9 col-form-label\">\r\n                                    <strong>Annoyed by criticism<\/strong><br \/>\r\n                    Avez-vous d\u00e9j\u00e0 \u00e9t\u00e9 ennuy\u00e9(e) par des critiques concernant votre consommation d'alcool?\r\n                                <\/div>\r\n                <div class=\"col-sm-3 mt-3\">\r\n                    <div class=\"d-flex btn-group btn-group-toggle\" data-toggle=\"buttons\">\r\n                        <label class=\"btn btn-outline-secondary\">\r\n                            <input type=\"radio\" name=\"annoyed-by-criticism\" id=\"medical-calculator-cage-annoyed-by-criticism-y\" value=\"Y\" tabindex=\"3\" autocomplete=\"off\">\r\n                                                        Oui\r\n                                                    <\/label>\r\n                        <label class=\"btn btn-outline-secondary\">\r\n                            <input type=\"radio\" name=\"annoyed-by-criticism\" id=\"medical-calculator-cage-annoyed-by-criticism-n\" value=\"N\" tabindex=\"4\" autocomplete=\"off\"> \r\n                                                        Non\r\n                                                    <\/label>\r\n                    <\/div>\r\n                <\/div>\r\n            <\/div>\r\n            <div class=\"form-group row\">\r\n                <div class=\"col-sm-9 col-form-label\">\r\n                                    <strong>Guilty feelings<\/strong><br \/>\r\n                    Vous \u00eates-vous d\u00e9j\u00e0 senti(e) coupable \u00e0 propos de votre consommation d'alcool?\r\n                                <\/div>\r\n                <div class=\"col-sm-3 mt-3\">\r\n                    <div class=\"d-flex btn-group btn-group-toggle\" data-toggle=\"buttons\">\r\n                        <label class=\"btn btn-outline-secondary\">\r\n                            <input type=\"radio\" name=\"guilty-feelings\" id=\"medical-calculator-cage-guilty-feelings-y\" value=\"Y\" tabindex=\"5\" autocomplete=\"off\">\r\n                                                        Oui\r\n                                                    <\/label>\r\n                        <label class=\"btn btn-outline-secondary\">\r\n                            <input type=\"radio\" name=\"guilty-feelings\" id=\"medical-calculator-cage-guilty-feelings-n\" value=\"N\" tabindex=\"6\" autocomplete=\"off\"> \r\n                                                        Non\r\n                                                    <\/label>\r\n                    <\/div>\r\n                <\/div>\r\n            <\/div>\r\n            <div class=\"form-group row\">\r\n                <div class=\"col-sm-9 col-form-label\">\r\n                                    <strong>Eye-opener<\/strong><br \/>\r\n                    Avez-vous d\u00e9j\u00e0 pris un verre d\u2019alcool le matin pour vous calmer ou vous d\u00e9barrasser d'une \u00ab gueule de bois \u00bb?\r\n                                <\/div>\r\n                <div class=\"col-sm-3 mt-3\">\r\n                    <div class=\"d-flex btn-group btn-group-toggle\" data-toggle=\"buttons\">\r\n                        <label class=\"btn btn-outline-secondary\">\r\n                            <input type=\"radio\" name=\"eye-opener\" id=\"medical-calculator-cage-eye-opener-y\" value=\"Y\" tabindex=\"7\" autocomplete=\"off\"> \r\n                                                        Oui\r\n                                                    <\/label>\r\n                        <label class=\"btn btn-outline-secondary\">\r\n                            <input type=\"radio\" name=\"eye-opener\" id=\"medical-calculator-cage-eye-opener-n\" value=\"N\" tabindex=\"8\" autocomplete=\"off\"> \r\n                                                        Non\r\n                                                    <\/label>\r\n                    <\/div>\r\n                <\/div>\r\n            <\/div>\r\n        <\/form>\r\n\r\n        <div class=\"row\">\r\n            <div class=\"col-sm-12\">\r\n                <div id=\"medical-calculator-cage-result-text\" class=\"result-text\">\r\n                    <p><h5><span id=\"medical-calculator-cage-result-value\"><\/span> CAGE<\/h5><\/p>\r\n                    <p id=\"medical-calculator-cage-result-interpretation\"><\/p>\r\n                <\/div>\r\n            <\/div>\r\n        <\/div>\r\n\r\n        <div class=\"row\">\r\n            <div class=\"col-sm-12 mt-3\">\r\n                <h5>\r\n                                            Interpr\u00e9tation\r\n                                    <\/h5>\r\n                <div class=\"table-responsive-sm\">\r\n                    <table class=\"table table-bordered\">\r\n                        <thead>\r\n                            <tr>\r\n                                <th>\r\n                                                                            Points CAGE\r\n                                                                    <\/th>\r\n                                <th><\/th>\r\n                            <\/tr>\r\n                        <\/thead>\r\n                        <tbody>\r\n                            <tr class=\"table-row-a\">\r\n                                <td>0-1<\/td>\r\n                                <td>\r\n                                                                            Abus d\u2019alcool peu probable\r\n                                                                    <\/td>\r\n                            <\/tr>\r\n                            <tr class=\"table-row-b\">\r\n                                <td>2-4<\/td>\r\n                                <td rowspan=\"2\">\r\n                                                                            Abus d\u2019alcool ou d\u00e9pendance \u00e0 l\u2019alcool probable\r\n                                                                    <\/td>\r\n                            <\/tr>\r\n                        <\/tbody>\r\n                    <\/table>\r\n                <\/div>\r\n            <\/div>\r\n        <\/div>\r\n\r\n        <div class=\"row\">\r\n            <div class=\"col-sm-12 mt-3\">\r\n                <h5>\r\n                                            R\u00e9f\u00e9rence\r\n                                    <\/h5>\r\n                <ol class=\"references\">\r\n                    <li id=\"cage-cite-note-1\">Ewing JA. Detecting alcoholism. The CAGE questionnaire. JAMA 1984; 252: 1905-1907<\/li>\r\n                <\/ol>\r\n            <\/div>\r\n        <\/div>\r\n    <\/div>\r\n    <script type=\"text\/javascript\">\r\n                var medical_calculator_cage_messages = {\r\n            'interpretation_0_to_1' : 'Abus d\u2019alcool peu probable',\r\n            'interpretation_2_to_4' : 'Abus d\u2019alcool ou d\u00e9pendance \u00e0 l\u2019alcool probable',\r\n            'point' : 'point',\r\n            'points' : 'points'\r\n        };\r\n            <\/script>\r\n\n","protected":false},"excerpt":{"rendered":"<p>Le questionnaire CAGE est utilis\u00e9 pour d\u00e9pister l&rsquo;abus d&rsquo;alcool. CAGE est l\u2019acronyme de \u00ab Cut down drinking \u00bb, \u00ab Annoyed by criticism \u00bb, \u00ab Guilty feelings \u00bb et \u00ab Eye-opener \u00bb.<\/p>\n","protected":false},"author":3,"featured_media":0,"parent":7598,"menu_order":791,"comment_status":"closed","ping_status":"closed","template":"","meta":{"_acf_changed":false,"inline_featured_image":false,"footnotes":""},"class_list":["post-7606","page","type-page","status-publish","hentry"],"acf":[],"_links":{"self":[{"href":"https:\/\/www.inanutshell.ch\/fr\/wp-json\/wp\/v2\/pages\/7606","targetHints":{"allow":["GET"]}}],"collection":[{"href":"https:\/\/www.inanutshell.ch\/fr\/wp-json\/wp\/v2\/pages"}],"about":[{"href":"https:\/\/www.inanutshell.ch\/fr\/wp-json\/wp\/v2\/types\/page"}],"author":[{"embeddable":true,"href":"https:\/\/www.inanutshell.ch\/fr\/wp-json\/wp\/v2\/users\/3"}],"replies":[{"embeddable":true,"href":"https:\/\/www.inanutshell.ch\/fr\/wp-json\/wp\/v2\/comments?post=7606"}],"version-history":[{"count":2,"href":"https:\/\/www.inanutshell.ch\/fr\/wp-json\/wp\/v2\/pages\/7606\/revisions"}],"predecessor-version":[{"id":7887,"href":"https:\/\/www.inanutshell.ch\/fr\/wp-json\/wp\/v2\/pages\/7606\/revisions\/7887"}],"up":[{"embeddable":true,"href":"https:\/\/www.inanutshell.ch\/fr\/wp-json\/wp\/v2\/pages\/7598"}],"wp:attachment":[{"href":"https:\/\/www.inanutshell.ch\/fr\/wp-json\/wp\/v2\/media?parent=7606"}],"curies":[{"name":"wp","href":"https:\/\/api.w.org\/{rel}","templated":true}]}}