{"id":7610,"date":"2020-03-27T13:14:43","date_gmt":"2020-03-27T12:14:43","guid":{"rendered":"https:\/\/www.inanutshell.ch\/?page_id=7610"},"modified":"2020-03-27T13:55:34","modified_gmt":"2020-03-27T12:55:34","slug":"score-nafld-de-fibrose","status":"publish","type":"page","link":"https:\/\/www.inanutshell.ch\/fr\/calculateurs\/score-nafld-de-fibrose\/","title":{"rendered":"Score NAFLD de fibrose"},"content":{"rendered":"<p>Le score NAFLD Fibrosis Score est un score de pr\u00e9diction de fibrose en cas de st\u00e9atose h\u00e9patique non alcoolique (NAFLD, non-alcoholic fatty liver disease). Il permet donc d\u2019identifier une fibrose h\u00e9patique avanc\u00e9e sans avoir \u00e0 recourir \u00e0 la biopsie.<\/p>\n    <div class=\"medical-calculator nafld\" id=\"medical-calculator-nafld\">\r\n        <form>\r\n            <div class=\"form-group row\">\r\n                <label for=\"medical-calculator-nafld-age\" class=\"col-sm-4 col-form-label\">\r\n                                    \u00c2ge\r\n                                <\/label>\r\n                <div class=\"col-sm-8\">\r\n                    <div class=\"input-group mb-2\">\r\n                        <input type=\"text\" name=\"age\" id=\"medical-calculator-nafld-age\" class=\"form-control\" aria-label=\"\u00c2ge\" aria-describedby=\"medical-calculator-nafld-age-unit\" tabindex=\"1\" inputmode=\"numeric\">\r\n                        <div class=\"input-group-append\">\r\n                            <span class=\"input-group-text\" id=\"medical-calculator-nafld-age-unit\">\r\n                                                            ans\r\n                                                        <\/span>\r\n                        <\/div>\r\n                        <div class=\"invalid-feedback\" id=\"medical-calculator-nafld-age-error\"><\/div>\r\n                    <\/div>\r\n                <\/div>\r\n            <\/div>\r\n            <div class=\"form-group row\">\r\n                <div class=\"col-sm-4 col-form-label\">\r\n                                    IMC (<a href=\"\/fr\/calculateurs\/indice-de-masse-corporelle-imc\" target=\"_blank\">calculer<\/a>)\r\n                                <\/div>\r\n                <div class=\"col-sm-8\">\r\n                    <div class=\"input-group mb-2\">\r\n                        <input type=\"text\" name=\"bmi\" id=\"medical-calculator-nafld-bmi\" class=\"form-control\" aria-label=\"IMC\" aria-describedby=\"medical-calculator-nafld-bmi-unit\" tabindex=\"2\" placeholder=\"18.5-25\" inputmode=\"decimal\">\r\n                        <div class=\"input-group-append\">\r\n                            <span class=\"input-group-text\" id=\"medical-calculator-nafld-bmi-unit\">kg\/m\u00b2<\/span>\r\n                        <\/div>\r\n                        <div class=\"invalid-feedback\" id=\"medical-calculator-nafld-bmi-error\"><\/div>\r\n                    <\/div>\r\n                <\/div>\r\n            <\/div>\r\n            <div class=\"form-group row\">\r\n                <div class=\"col-sm-4 col-form-label\">\r\n                                    AST\r\n                                <\/div>\r\n                <div class=\"col-sm-8\">\r\n                    <div class=\"input-group mb-2\">\r\n                        <input type=\"text\" name=\"ast\" id=\"medical-calculator-nafld-ast\" class=\"form-control\" aria-label=\"AST\" aria-describedby=\"medical-calculator-nafld-ast-unit\" tabindex=\"3\" placeholder=\"< 35\" inputmode=\"decimal\">\r\n                        <div class=\"input-group-append\">\r\n                            <span class=\"input-group-text\" id=\"medical-calculator-nafld-ast-unit\">U\/l<\/span>\r\n                        <\/div>\r\n                        <div class=\"invalid-feedback\" id=\"medical-calculator-nafld-ast-error\"><\/div>\r\n                    <\/div>\r\n                <\/div>\r\n            <\/div>\r\n            <div class=\"form-group row\">\r\n                <div class=\"col-sm-4 col-form-label\">\r\n                                    ALT\r\n                                <\/div>\r\n                <div class=\"col-sm-8\">\r\n                    <div class=\"input-group mb-2\">\r\n                        <input type=\"text\" name=\"alt\" id=\"medical-calculator-nafld-alt\" class=\"form-control\" aria-label=\"ALT\" aria-describedby=\"medical-calculator-nafld-alt-unit\" tabindex=\"4\" placeholder=\"< 35\" inputmode=\"decimal\">\r\n                        <div class=\"input-group-append\">\r\n                            <span class=\"input-group-text\" id=\"medical-calculator-nafld-alt-unit\">U\/l<\/span>\r\n                        <\/div>\r\n                        <div class=\"invalid-feedback\" id=\"medical-calculator-nafld-alt-error\"><\/div>\r\n                    <\/div>\r\n                <\/div>\r\n            <\/div>\r\n            <div class=\"form-group row\">\r\n                <div class=\"col-sm-4 col-form-label\">\r\n                                    Plaquettes\r\n                                <\/div>\r\n                <div class=\"col-sm-8\">\r\n                    <div class=\"input-group mb-2\">\r\n                        <input type=\"text\" name=\"thrombocytes\" id=\"medical-calculator-nafld-thrombocytes\" class=\"form-control\" aria-label=\"Plaquettes\" aria-describedby=\"medical-calculator-nafld-thrombocytes-unit\" tabindex=\"5\" placeholder=\"130-400\" inputmode=\"decimal\">\r\n                        <div class=\"input-group-append\">\r\n                            <span class=\"input-group-text\" id=\"medical-calculator-nafld-thrombocytes-unit\">G\/l<\/span>\r\n                        <\/div>\r\n                        <div class=\"invalid-feedback\" id=\"medical-calculator-nafld-thrombocytes-error\"><\/div>\r\n                    <\/div>\r\n                <\/div>\r\n            <\/div>\r\n            <div class=\"form-group row\">\r\n                <label for=\"medical-calculator-nafld-albumin\" class=\"col-sm-4 col-form-label\">\r\n                                    Albumine\r\n                                <\/label>\r\n                <div class=\"col-sm-8\">\r\n                    <div class=\"input-group mb-2\">\r\n                        <input type=\"text\" name=\"albumin\" id=\"medical-calculator-nafld-albumin\" class=\"form-control\" placeholder=\"40-49\" aria-label=\"Albumine\" aria-describedby=\"medical-calculator-nafld-albumin-unit\" tabindex=\"6\" inputmode=\"decimal\">\r\n                        <div class=\"input-group-append\">\r\n                            <button class=\"btn btn-unit\" type=\"button\" id=\"medical-calculator-nafld-albumin-unit\">g\/l \u21cc<\/button>\r\n                        <\/div>\r\n                        <div class=\"invalid-feedback\" id=\"medical-calculator-nafld-albumin-error\"><\/div>\r\n                    <\/div>\r\n                <\/div>\r\n            <\/div>\r\n            <div class=\"form-group row\">\r\n                <div class=\"col-sm-4 col-form-label\">\r\n                                    Intol\u00e9rance au glucose ou diab\u00e8te de type 2\r\n                                <\/div>\r\n                <div class=\"col-sm-8\">\r\n                    <div class=\"d-flex btn-group btn-group-toggle\" data-toggle=\"buttons\">\r\n                        <label class=\"btn btn-outline-secondary\">\r\n                            <input type=\"radio\" name=\"ifg\" id=\"medical-calculator-nafld-ifg-y\" value=\"Y\" tabindex=\"7\" autocomplete=\"off\">\r\n                                                        Oui\r\n                                                    <\/label>\r\n                        <label class=\"btn btn-outline-secondary\">\r\n                            <input type=\"radio\" name=\"ifg\" id=\"medical-calculator-nafld-ifg-n\" value=\"N\" tabindex=\"8\" autocomplete=\"off\">                              Non\r\n                                                    <\/label>\r\n                    <\/div>\r\n                <\/div>\r\n            <\/div>\r\n        <\/form>\r\n\r\n        <div class=\"row\">\r\n            <div class=\"col-sm-12\">\r\n                <div id=\"medical-calculator-nafld-result-text\" class=\"result-text\">\r\n                    <p><h5>                        NAFLD Fibrose: \r\n                        <span id=\"medical-calculator-nafld-result-value\"><\/span><\/h5><\/p>\r\n                    <p id=\"medical-calculator-nafld-result-interpretation\"><\/p>\r\n                <\/div>\r\n            <\/div>\r\n        <\/div>\r\n\r\n        <div class=\"row\">\r\n            <div class=\"col-sm-12 mt-3\">\r\n                <h5>\r\n                                    Interpr\u00e9tation\r\n                                <\/h5>\r\n                <div class=\"table-responsive-sm\">\r\n                    <table class=\"table table-bordered\">\r\n                        <thead>\r\n                            <tr>\r\n                                <th>\r\n                                                                            Score de fibrose NAFLD\r\n                                                                    <\/th>\r\n                                <th>\r\n                                                                            Grade de la fibrose\r\n                                                                    <\/th>\r\n                                <th>\r\n                                                                            Interpr\u00e9tation\r\n                                                                    <\/th>\r\n                            <\/tr>\r\n                        <\/thead>\r\n                        <tbody>\r\n                            <tr class=\"table-row-a\">\r\n                                <td>&lt; -1.455<\/td>\r\n                                <td>F0-F2<\/td>\r\n                                <td>\r\n                                                                            Pas de fibrose significative (probabilit\u00e9 93%)\r\n                                                                    <\/td>\r\n                            <\/tr>\r\n                            <tr class=\"table-row-b\">\r\n                                <td>-1.455 \u00e0 0.676<\/td>\r\n                                <td>\r\n                                                                            ambigu\r\n                                                                    <\/td>\r\n                                <td>\r\n                                                                            Envisager une biopsie\r\n                                                                    <\/td>\r\n                            <\/tr>\r\n                            <tr class=\"table-row-c\">\r\n                                <td>&gt; 0.676<\/td>\r\n                                <td>F3-F4<\/td>\r\n                                <td>\r\n                                                                            Fibrose significative (probabilit\u00e9 90 %)\r\n                                                                    <\/td>\r\n                            <\/tr>\r\n                        <\/tbody>\r\n                    <\/table>\r\n                <\/div>\r\n            <\/div>\r\n        <\/div>\r\n\r\n        <div class=\"row\">\r\n            <div class=\"col-sm-12 mt-3\">\r\n                <h5>\r\n                                    R\u00e9f\u00e9rences\r\n                                <\/h5>\r\n                <ol class=\"references\">\r\n                    <li id=\"cite-note-1\">Angulo P, Hui JM, Marchesini G et al. The NAFLD fibrosis score: a noninvasive system that identifies liver fibrosis in patients with NAFLD. Hepatology 2007; 45: 846-854<\/li>\r\n                <\/ol>\r\n            <\/div>\r\n        <\/div>\r\n    <\/div>\r\n    <script type=\"text\/javascript\">\r\n                var medical_calculator_nafld_messages = {\r\n            'age_out_of_range' : 'Valeur improbable (\u00c2ge): Seules les valeurs comprises entre 1 et 120 ans sont autoris\u00e9es.',\r\n            'bmi_out_of_range' : 'Valeur improbable (IMC): Seules les valeurs comprises entre 5 et 100 kg\/m\u00b2 sont autoris\u00e9es.',\r\n            'ast_out_of_range' : 'Valeur improbable (AST): Seules les valeurs comprises entre 1 et 10.000 U\/l sont autoris\u00e9es.',\r\n            'alt_out_of_range' : 'Valeur improbable (ALT): Seules les valeurs comprises entre 1 et 10.000 U\/l sont autoris\u00e9es.',\r\n            'thrombocytes_out_of_range' : 'Valeur improbable (Plaquettes): Seules les valeurs comprises entre 0 et 2.000 G\/l sont autoris\u00e9es.',\r\n            'albumin_grams_per_l_out_of_range' : 'Valeur improbable (Albumine): Seules les valeurs comprises entre 0.7 et 70 g\/l sont autoris\u00e9es.',\r\n            'albumin_grams_per_dl_out_of_range' : 'Valeur improbable (Albumine): Seules les valeurs comprises entre 0.07 et 7 g\/dl sont autoris\u00e9es.',\r\n            'interpretation_green' : 'Pas de fibrose significative (probabilit\u00e9 93%)',\r\n            'interpretation_orange' : 'Envisager une biopsie',\r\n            'interpretation_red' : 'Fibrose significative (probabilit\u00e9 90 %)',\r\n            'points' : 'points',\r\n            'indeterminate' : 'ambigu'\r\n        };\r\n            <\/script>\r\n\n","protected":false},"excerpt":{"rendered":"<p>Le score NAFLD Fibrosis Score est un score de pr\u00e9diction de fibrose en cas de st\u00e9atose h\u00e9patique non alcoolique (NAFLD, non-alcoholic fatty liver disease). Il permet donc d\u2019identifier une fibrose h\u00e9patique avanc\u00e9e sans avoir \u00e0 recourir \u00e0 la biopsie.<\/p>\n","protected":false},"author":3,"featured_media":0,"parent":7598,"menu_order":789,"comment_status":"closed","ping_status":"closed","template":"","meta":{"_acf_changed":false,"inline_featured_image":false,"footnotes":""},"class_list":["post-7610","page","type-page","status-publish","hentry"],"acf":[],"_links":{"self":[{"href":"https:\/\/www.inanutshell.ch\/fr\/wp-json\/wp\/v2\/pages\/7610","targetHints":{"allow":["GET"]}}],"collection":[{"href":"https:\/\/www.inanutshell.ch\/fr\/wp-json\/wp\/v2\/pages"}],"about":[{"href":"https:\/\/www.inanutshell.ch\/fr\/wp-json\/wp\/v2\/types\/page"}],"author":[{"embeddable":true,"href":"https:\/\/www.inanutshell.ch\/fr\/wp-json\/wp\/v2\/users\/3"}],"replies":[{"embeddable":true,"href":"https:\/\/www.inanutshell.ch\/fr\/wp-json\/wp\/v2\/comments?post=7610"}],"version-history":[{"count":2,"href":"https:\/\/www.inanutshell.ch\/fr\/wp-json\/wp\/v2\/pages\/7610\/revisions"}],"predecessor-version":[{"id":7886,"href":"https:\/\/www.inanutshell.ch\/fr\/wp-json\/wp\/v2\/pages\/7610\/revisions\/7886"}],"up":[{"embeddable":true,"href":"https:\/\/www.inanutshell.ch\/fr\/wp-json\/wp\/v2\/pages\/7598"}],"wp:attachment":[{"href":"https:\/\/www.inanutshell.ch\/fr\/wp-json\/wp\/v2\/media?parent=7610"}],"curies":[{"name":"wp","href":"https:\/\/api.w.org\/{rel}","templated":true}]}}