{"id":7618,"date":"2020-03-27T13:19:23","date_gmt":"2020-03-27T12:19:23","guid":{"rendered":"https:\/\/www.inanutshell.ch\/?page_id=7618"},"modified":"2020-03-27T13:53:47","modified_gmt":"2020-03-27T12:53:47","slug":"indice-de-masse-corporelle-imc","status":"publish","type":"page","link":"https:\/\/www.inanutshell.ch\/fr\/calculateurs\/indice-de-masse-corporelle-imc\/","title":{"rendered":"Indice de masse corporelle (IMC)"},"content":{"rendered":"<p>L&rsquo;IMC est une mesure de la corpulence des sujets adultes (20 ans et plus). Sur la base de la taille et du poids, une classification peut \u00eatre \u00e9tablie entre maigreur, poids normal, exc\u00e8s pond\u00e9ral (pr\u00e9-ob\u00e9sit\u00e9) et ob\u00e9sit\u00e9.<\/p>\n    <div class=\"medical-calculator bmi\" id=\"medical-calculator-bmi\">\r\n        <form>\r\n            <div class=\"form-group row\">\r\n                <label for=\"medical-calculator-bmi-weight\" class=\"col-sm-3 col-form-label\">\r\n                                    Poids\r\n                                <\/label>\r\n                <div class=\"col-sm-9\">\r\n                    <div class=\"input-group mb-2\">\r\n                        <input type=\"text\" name=\"weight\" id=\"medical-calculator-bmi-weight\" class=\"form-control\" placeholder=\"\" aria-label=\"Poids\" aria-describedby=\"medical-calculator-bmi-weight-unit\" tabindex=\"1\" inputmode=\"decimal\">\r\n                        <div class=\"input-group-append\">\r\n                            <button class=\"btn btn-unit\" type=\"button\" id=\"medical-calculator-bmi-weight-unit\">kg \u21cc<\/button>\r\n                        <\/div>\r\n                        <div class=\"invalid-feedback\" id=\"medical-calculator-bmi-weight-error\"><\/div>\r\n                    <\/div>\r\n                <\/div>\r\n            <\/div>\r\n            <div class=\"form-group row\">\r\n                <label for=\"medical-calculator-bmi-size\" class=\"col-sm-3 col-form-label\">\r\n                                    Taille\r\n                                <\/label>\r\n                <div class=\"col-sm-9\">\r\n                    <div class=\"input-group mb-2\">\r\n                        <input type=\"text\" name=\"weight\" id=\"medical-calculator-bmi-size\" class=\"form-control\" placeholder=\"\" aria-label=\"Taille\" aria-describedby=\"medical-calculator-bmi-size-unit\" tabindex=\"2\" inputmode=\"decimal\">\r\n                        <div class=\"input-group-append\">\r\n                            <button class=\"btn btn-unit\" type=\"button\" id=\"medical-calculator-bmi-size-unit\">cm \u21cc<\/button>\r\n                        <\/div>\r\n                        <div class=\"invalid-feedback\" id=\"medical-calculator-bmi-size-error\"><\/div>\r\n                    <\/div>\r\n                <\/div>\r\n            <\/div>\r\n        <\/form>\r\n\r\n        <div class=\"row\">\r\n            <div class=\"col-sm-12\">\r\n                <div id=\"medical-calculator-bmi-result-text\" class=\"result-text\">\r\n                    <p><h5>IMC <span id=\"medical-calculator-bmi-result-value\"><\/span> kg\/m\u00b2<\/h5><\/p>\r\n                    <p id=\"medical-calculator-bmi-result-interpretation\"><\/p>\r\n                <\/div>\r\n            <\/div>\r\n        <\/div>\r\n\r\n        <div class=\"row\">\r\n            <div class=\"col-sm-12 mt-3\">\r\n                <h5>\r\n                                            Interpr\u00e9tation\r\n                                    <\/h5>\r\n                <div class=\"table-responsive-sm\">\r\n                    <table class=\"table table-bordered\">\r\n                        <thead>\r\n                            <tr>\r\n                                <th>\r\n                                                                            IMC (kg\/m\u00b2)\r\n                                                                    <\/th>\r\n                                <th>\r\n                                                                            Corpulence\r\n                                                                    <\/th>\r\n                            <\/tr>\r\n                        <\/thead>\r\n                        <tbody>\r\n                            <tr class=\"table-row-a\">\r\n                                <td>&lt; 18.5<\/td>\r\n                                <td>\r\n                                                                            Maigreur\r\n                                                                    <\/td>\r\n                            <\/tr>\r\n                            <tr class=\"table-row-b\">\r\n                                <td>18.5 \u00e0 &lt; 25<\/td>\r\n                                <td>\r\n                                                                            Poids normal\r\n                                                                    <\/td>\r\n                            <\/tr>\r\n                            <tr class=\"table-row-c\">\r\n                                <td>25 \u00e0 &lt; 30<\/td>\r\n                                <td>\r\n                                                                            Pr\u00e9-ob\u00e9sit\u00e9\r\n                                                                    <\/td>\r\n                            <\/tr>\r\n                            <tr class=\"table-row-d\">\r\n                                <td>30 \u00e0 &lt; 35<\/td>\r\n                                <td>\r\n                                                                            Ob\u00e9sit\u00e9 de grade I\r\n                                                                    <\/td>\r\n                            <\/tr>\r\n                            <tr class=\"table-row-e\">\r\n                                <td>35 \u00e0 &lt; 40<\/td>\r\n                                <td>\r\n                                                                            Ob\u00e9sit\u00e9 de grade II\r\n                                                                    <\/td>\r\n                            <\/tr>\r\n                            <tr class=\"table-row-f\">\r\n                                <td>&ge; 40<\/td>\r\n                                <td>\r\n                                                                            Ob\u00e9sit\u00e9 de grade III\r\n                                                                    <\/td>\r\n                            <\/tr>\r\n                        <\/tbody>\r\n                    <\/table>\r\n                <\/div>\r\n            <\/div>\r\n        <\/div>\r\n\r\n        <div class=\"row\">\r\n            <div class=\"col-sm-12 mt-3\">\r\n                <h5>\r\n                                            R\u00e9f\u00e9rence\r\n                                    <\/h5>\r\n                <ol class=\"references\">\r\n                    <li id=\"bmi-cite-note-1\">Garrow JS, Webster J. Quetelet's index (W\/H2) as a measure of fatness. Int J Obes 1985; 9: 147-153<\/li>\r\n                    <li id=\"bmi-cite-note-2\">World Health Organization. Body mass index. <a href=\"http:\/\/www.euro.who.int\/en\/health-topics\/disease-prevention\/nutrition\/a-healthy-lifestyle\/body-mass-index-bmi\" target=\"_blank\">http:\/\/www.euro.who.int\/en\/health-topics\/disease-prevention\/nutrition\/a-healthy-lifestyle\/body-mass-index-bmi<\/a>.<\/li>\r\n                <\/ol>\r\n            <\/div>\r\n        <\/div>\r\n    <\/div>\r\n    <script type=\"text\/javascript\">\r\n                var medical_calculator_bmi_messages = {\r\n            'weight_kg_out_of_range' : 'Valeur improbable (Poids): Seules les valeurs comprises entre 15 et 300 kg sont autoris\u00e9es.',\r\n            'weight_lbs_out_of_range' : 'Valeur improbable (Poids): Seules les valeurs comprises entre 33.075 et 661.5 lbs sont autoris\u00e9es.',\r\n            'size_cm_out_of_range' : 'Valeur improbable (Taille): Seules les valeurs comprises entre 40 et 250 cm sont autoris\u00e9es.',\r\n            'size_zoll_out_of_range' : 'Valeur improbable (Taille): Seules les valeurs comprises entre 15.748 et 98.425 pouces sont autoris\u00e9es.',\r\n            'interpretation_lt_18pt5' : 'Maigreur',\r\n            'interpretation_18pt5_to_lt_25' : 'Poids normal',\r\n            'interpretation_25_to_lt_30' : 'Pr\u00e9-ob\u00e9sit\u00e9',\r\n            'interpretation_30_to_lt_35' : 'Ob\u00e9sit\u00e9 de grade I',\r\n            'interpretation_35_to_lt_40' : 'Ob\u00e9sit\u00e9 de grade II',\r\n            'interpretation_ge_40' : 'Ob\u00e9sit\u00e9 de grade III'\r\n        };\r\n        var size_units_lang = { \"cm\": \"cm \u21cc\", \"zoll\": \"Zoll \u21cc\"};\r\n\r\n            <\/script>\r\n\n","protected":false},"excerpt":{"rendered":"<p>L&rsquo;IMC est une mesure de la corpulence des sujets adultes (20 ans et plus). Sur la base de la taille et du poids, une classification peut \u00eatre \u00e9tablie entre maigreur, poids normal, exc\u00e8s pond\u00e9ral (pr\u00e9-ob\u00e9sit\u00e9) et ob\u00e9sit\u00e9.<\/p>\n","protected":false},"author":3,"featured_media":0,"parent":7598,"menu_order":785,"comment_status":"closed","ping_status":"closed","template":"","meta":{"_acf_changed":false,"inline_featured_image":false,"footnotes":""},"class_list":["post-7618","page","type-page","status-publish","hentry"],"acf":[],"_links":{"self":[{"href":"https:\/\/www.inanutshell.ch\/fr\/wp-json\/wp\/v2\/pages\/7618","targetHints":{"allow":["GET"]}}],"collection":[{"href":"https:\/\/www.inanutshell.ch\/fr\/wp-json\/wp\/v2\/pages"}],"about":[{"href":"https:\/\/www.inanutshell.ch\/fr\/wp-json\/wp\/v2\/types\/page"}],"author":[{"embeddable":true,"href":"https:\/\/www.inanutshell.ch\/fr\/wp-json\/wp\/v2\/users\/3"}],"replies":[{"embeddable":true,"href":"https:\/\/www.inanutshell.ch\/fr\/wp-json\/wp\/v2\/comments?post=7618"}],"version-history":[{"count":2,"href":"https:\/\/www.inanutshell.ch\/fr\/wp-json\/wp\/v2\/pages\/7618\/revisions"}],"predecessor-version":[{"id":7884,"href":"https:\/\/www.inanutshell.ch\/fr\/wp-json\/wp\/v2\/pages\/7618\/revisions\/7884"}],"up":[{"embeddable":true,"href":"https:\/\/www.inanutshell.ch\/fr\/wp-json\/wp\/v2\/pages\/7598"}],"wp:attachment":[{"href":"https:\/\/www.inanutshell.ch\/fr\/wp-json\/wp\/v2\/media?parent=7618"}],"curies":[{"name":"wp","href":"https:\/\/api.w.org\/{rel}","templated":true}]}}