{"id":7627,"date":"2020-03-27T13:22:55","date_gmt":"2020-03-27T12:22:55","guid":{"rendered":"https:\/\/www.inanutshell.ch\/?page_id=7627"},"modified":"2020-03-27T13:51:44","modified_gmt":"2020-03-27T12:51:44","slug":"score-centor-modifie-dapres-mcisaac","status":"publish","type":"page","link":"https:\/\/www.inanutshell.ch\/fr\/calculateurs\/score-centor-modifie-dapres-mcisaac\/","title":{"rendered":"Score Centor (modifi\u00e9 d\u2019apr\u00e8s McIsaac)"},"content":{"rendered":"<p>Le score Centor a \u00e9t\u00e9 d\u00e9velopp\u00e9 pour calculer la probabilit\u00e9 d&rsquo;une culture positive de streptocoque \u03b2-h\u00e9molytique du groupe A chez les patients pr\u00e9sentant une pharyngite. La modification d\u2019apr\u00e8s McIsaac et al. prend en compte l\u2019\u00e2ge du patient. Le score n\u2019est valable que dans les trois premiers jours d\u2019une pharyngite aigu\u00eb et pour les patients \u00e2g\u00e9s de 3 ans ou plus.<\/p>\n    <div class=\"medical-calculator centor\" id=\"medical-calculator-centor\">\r\n        <form>\r\n            <div class=\"form-group row\">\r\n                <label for=\"medical-calculator-centor-age\" class=\"col-sm-4 col-form-label\">\r\n                                    \u00c2ge\r\n                                <\/label>\r\n                <div class=\"col-sm-8\">\r\n                    <div class=\"input-group mb-2\">\r\n                        <input type=\"text\" name=\"age\" id=\"medical-calculator-centor-age\" class=\"form-control\" aria-label=\"\u00c2ge\" aria-describedby=\"medical-calculator-centor-age-unit\" tabindex=\"1\" inputmode=\"numeric\">\r\n                        <div class=\"input-group-append\">\r\n                            <span class=\"input-group-text\" id=\"medical-calculator-centor-age-unit\">ans<\/span>\r\n                        <\/div>\r\n                        <div class=\"invalid-feedback\" id=\"medical-calculator-centor-age-error\"><\/div>\r\n                    <\/div>\r\n                <\/div>\r\n            <\/div>\r\n            <div class=\"form-group row\">\r\n                <div class=\"col-sm-4 col-form-label\">\r\n                                    Fi\u00e8vre &ge; 38 &deg;C\r\n                                <\/div>\r\n                <div class=\"col-sm-8\">\r\n                    <div class=\"d-flex btn-group btn-group-toggle\" data-toggle=\"buttons\">\r\n                        <label class=\"btn btn-outline-secondary\">\r\n                            <input type=\"radio\" name=\"fever\" id=\"medical-calculator-centor-fever-y\" value=\"Y\" tabindex=\"2\" autocomplete=\"off\"> \r\n                                                            Oui\r\n                                                    <\/label>\r\n                        <label class=\"btn btn-outline-secondary\">\r\n                            <input type=\"radio\" name=\"fever\" id=\"medical-calculator-centor-fever-n\" value=\"N\" tabindex=\"3\" autocomplete=\"off\">\r\n                                                            Non\r\n                                                    <\/label>\r\n                    <\/div>\r\n                <\/div>\r\n            <\/div>\r\n            <div class=\"form-group row\">\r\n                <div class=\"col-sm-4 col-form-label\">\r\n                                    Toux\r\n                                <\/div>\r\n                <div class=\"col-sm-8\">\r\n                    <div class=\"d-flex btn-group btn-group-toggle\" data-toggle=\"buttons\">\r\n                        <label class=\"btn btn-outline-secondary\">\r\n                            <input type=\"radio\" name=\"no-coughing\" id=\"medical-calculator-centor-no-coughing-y\" value=\"Y\" tabindex=\"4\" autocomplete=\"off\">\r\n                                                            Oui\r\n                                                    <\/label>\r\n                        <label class=\"btn btn-outline-secondary\">\r\n                            <input type=\"radio\" name=\"no-coughing\" id=\"medical-calculator-centor-no-coughing-n\" value=\"N\" tabindex=\"5\" autocomplete=\"off\">\r\n                                                            Non\r\n                                                    <\/label>\r\n                    <\/div>\r\n                <\/div>\r\n            <\/div>\r\n            <div class=\"form-group row\">\r\n                <div class=\"col-sm-4 col-form-label\">\r\n                                    Ad\u00e9nopathie cervicale ant. douloureuse\r\n                                <\/div>\r\n                <div class=\"col-sm-8\">\r\n                    <div class=\"d-flex btn-group btn-group-toggle\" data-toggle=\"buttons\">\r\n                        <label class=\"btn btn-outline-secondary\">\r\n                            <input type=\"radio\" name=\"painful-lymph-nodes\" id=\"medical-calculator-centor-painful-lymph-nodes-y\" value=\"Y\" tabindex=\"6\" autocomplete=\"off\">\r\n                                                            Oui\r\n                                                    <\/label>\r\n                        <label class=\"btn btn-outline-secondary\">\r\n                            <input type=\"radio\" name=\"painful-lymph-nodes\" id=\"medical-calculator-centor-painful-lymph-nodes-n\" value=\"N\" tabindex=\"7\" autocomplete=\"off\">\r\n                                                            Non\r\n                                                    <\/label>\r\n                    <\/div>\r\n                <\/div>\r\n            <\/div>\r\n            <div class=\"form-group row\">\r\n                <div class=\"col-sm-4 col-form-label\">\r\n                                    Exsudats amygdaliens\r\n                                <\/div>\r\n                <div class=\"col-sm-8\">\r\n                    <div class=\"d-flex btn-group btn-group-toggle\" data-toggle=\"buttons\">\r\n                        <label class=\"btn btn-outline-secondary\">\r\n                            <input type=\"radio\" name=\"noticable-tonsils\" id=\"medical-calculator-centor-noticable-tonsils-y\" value=\"Y\" tabindex=\"8\" autocomplete=\"off\">\r\n                                                            Oui\r\n                                                    <\/label>\r\n                        <label class=\"btn btn-outline-secondary\">\r\n                            <input type=\"radio\" name=\"noticable-tonsils\" id=\"medical-calculator-centor-noticable-tonsils-n\" value=\"N\" tabindex=\"9\" autocomplete=\"off\">\r\n                                                            Non\r\n                                                    <\/label>\r\n                    <\/div>\r\n                <\/div>\r\n            <\/div>\r\n        <\/form>\r\n\r\n        <div class=\"row\">\r\n            <div class=\"col-sm-12\">\r\n                <div id=\"medical-calculator-centor-result-text\" class=\"result-text\">\r\n                    <p><h5> Score Centor: <span id=\"medical-calculator-centor-result-value\"><\/span> (modifi\u00e9 d\u2019apr\u00e8s McIsaac)<\/h5><\/p>\r\n                    <p id=\"medical-calculator-centor-result-recommendation\"><\/p>\r\n                    <p id=\"medical-calculator-centor-result-probability\"><\/p>\r\n                <\/div>\r\n            <\/div>\r\n        <\/div>\r\n\r\n        <div class=\"row\">\r\n            <div class=\"col-sm-12 mt-3\">\r\n                <h5>\r\n                                    Interpr\u00e9tation\r\n                                <\/h5>\r\n                <div class=\"table-responsive-sm\">\r\n                    <table class=\"table table-bordered\">\r\n                        <thead>\r\n                            <tr>\r\n                                <th>\r\n                                                                            Score\r\n                                                                    <\/th>\r\n                                <th>\r\n                                                                            Probabilit\u00e9 d\u2019infection \u00e0 streptocoque \u03b2-h\u00e9molytique du groupe A\r\n                                                                    <\/th>\r\n                                <th>\r\n                                                                            Recommandation\r\n                                                                    <\/th>\r\n                            <\/tr>\r\n                        <\/thead>\r\n                        <tbody>\r\n                            <tr class=\"table-row-a\">\r\n                                <td>&le; 0<\/td>\r\n                                <td>1-2.5 %<\/td>\r\n                                <td rowspan=\"2\">\r\n                                                                            Pas d\u2019autre test diagnostique requi ni d\u2019antibioth\u00e9rapie\r\n                                                                    <\/td>\r\n                            <\/tr>\r\n                            <tr class=\"table-row-b\">\r\n                                <td>1<\/td>\r\n                                <td>5-10 %<\/td>\r\n                            <\/tr>\r\n                            <tr class=\"table-row-c\">\r\n                                <td>2<\/td>\r\n                                <td>11-17 %<\/td>\r\n                                <td rowspan=\"2\">\r\n                                                                            Culture\/test rapide, antibioth\u00e9rapie si positif\r\n                                                                    <\/td>\r\n                            <\/tr>\r\n                            <tr class=\"table-row-d\">\r\n                                <td>3<\/td>\r\n                                <td>28-35 %<\/td>\r\n                            <\/tr>\r\n                            <tr class=\"table-row-e\">\r\n                                <td>&ge; 4<\/td>\r\n                                <td>51-53 %<\/td>\r\n                                <td>\r\n                                                                            Antibioth\u00e9rapie empirique recommand\u00e9e\r\n                                                                    <\/td>\r\n                            <\/tr>\r\n                        <\/tbody>\r\n                    <\/table>\r\n                <\/div>\r\n            <\/div>\r\n        <\/div>\r\n\r\n        <div class=\"row\">\r\n            <div class=\"col-sm-12 mt-3\">\r\n                <h5>\r\n                                            R\u00e9f\u00e9rences\r\n                                    <\/h5>\r\n                <ol class=\"references\">\r\n                    <li id=\"centor-cite-note-1\">Centor RM, Witherspoon JM, Dalton HP et al. The diagnosis of strep throat in adults in the emergency room. Med Decis Making 1981; 1: 239-246<\/li>\r\n                    <li id=\"centor-cite-note-2\">McIsaac WJ, White D, Tannenbaum D et al. A clinical score to reduce unnecessary antibiotic use in patients with sore throat. CMAJ 1998; 158: 75-83<\/li>\r\n                    <li id=\"centor-cite-note-3\">McIsaac WJ, Kellner JD, Aufricht P et al. Empirical validation of guidelines for the management of pharyngitis in children and adults. JAMA 2004; 291: 1587-1595<\/li>\r\n                <\/ol>\r\n            <\/div>\r\n        <\/div>\r\n    <\/div>\r\n    <script type=\"text\/javascript\">\r\n                var medical_calculator_centor_messages = {\r\n            'age_out_of_range' : 'Valeur improbable (\u00c2ge): Seules les valeurs comprises entre 3 et 120 ans sont autoris\u00e9es.',\r\n            'interpretation_le_0_and_1' : 'Pas d\u2019autre test diagnostique requi ni d\u2019antibioth\u00e9rapie',\r\n            'interpretation_2_and_3' : 'Culture\/test rapide, antibioth\u00e9rapie si positif',\r\n            'interpretation_ge_4' : 'Antibioth\u00e9rapie empirique recommand\u00e9e',\r\n            'interpretation_probability' : 'Probabilit\u00e9 d\u2019infection \u00e0 streptocoque \u03b2-h\u00e9molytique du groupe A',\r\n            'point' : 'point',\r\n            'points' : 'points'\r\n        };\r\n            <\/script>\r\n\n","protected":false},"excerpt":{"rendered":"<p>Le score Centor a \u00e9t\u00e9 d\u00e9velopp\u00e9 pour calculer la probabilit\u00e9 d&rsquo;une culture positive de streptocoque \u03b2-h\u00e9molytique du groupe A chez les patients pr\u00e9sentant une pharyngite. La modification d\u2019apr\u00e8s McIsaac et al. prend en compte l\u2019\u00e2ge du patient. Le score n\u2019est valable que dans les trois premiers jours d\u2019une pharyngite aigu\u00eb et pour les patients \u00e2g\u00e9s [&hellip;]<\/p>\n","protected":false},"author":3,"featured_media":0,"parent":7598,"menu_order":781,"comment_status":"closed","ping_status":"closed","template":"","meta":{"_acf_changed":false,"inline_featured_image":false,"footnotes":""},"class_list":["post-7627","page","type-page","status-publish","hentry"],"acf":[],"_links":{"self":[{"href":"https:\/\/www.inanutshell.ch\/fr\/wp-json\/wp\/v2\/pages\/7627","targetHints":{"allow":["GET"]}}],"collection":[{"href":"https:\/\/www.inanutshell.ch\/fr\/wp-json\/wp\/v2\/pages"}],"about":[{"href":"https:\/\/www.inanutshell.ch\/fr\/wp-json\/wp\/v2\/types\/page"}],"author":[{"embeddable":true,"href":"https:\/\/www.inanutshell.ch\/fr\/wp-json\/wp\/v2\/users\/3"}],"replies":[{"embeddable":true,"href":"https:\/\/www.inanutshell.ch\/fr\/wp-json\/wp\/v2\/comments?post=7627"}],"version-history":[{"count":2,"href":"https:\/\/www.inanutshell.ch\/fr\/wp-json\/wp\/v2\/pages\/7627\/revisions"}],"predecessor-version":[{"id":7882,"href":"https:\/\/www.inanutshell.ch\/fr\/wp-json\/wp\/v2\/pages\/7627\/revisions\/7882"}],"up":[{"embeddable":true,"href":"https:\/\/www.inanutshell.ch\/fr\/wp-json\/wp\/v2\/pages\/7598"}],"wp:attachment":[{"href":"https:\/\/www.inanutshell.ch\/fr\/wp-json\/wp\/v2\/media?parent=7627"}],"curies":[{"name":"wp","href":"https:\/\/api.w.org\/{rel}","templated":true}]}}