{"id":7631,"date":"2020-03-27T13:25:05","date_gmt":"2020-03-27T12:25:05","guid":{"rendered":"https:\/\/www.inanutshell.ch\/?page_id=7631"},"modified":"2020-03-27T13:50:48","modified_gmt":"2020-03-27T12:50:48","slug":"debit-de-filtration-glomerulaire-dfg","status":"publish","type":"page","link":"https:\/\/www.inanutshell.ch\/fr\/calculateurs\/debit-de-filtration-glomerulaire-dfg\/","title":{"rendered":"D\u00e9bit de filtration glom\u00e9rulaire (DFG)"},"content":{"rendered":"<p>Le d\u00e9bit de filtration glom\u00e9rulaire (DFG) est le volume de liquide filtr\u00e9 par le rein par unit\u00e9 de temps. Le d\u00e9bit de filtration glom\u00e9rulaire estim\u00e9 (eGFR, estimated glomerular filtration rate) peut se calculer par diverses formules ; c\u2019est une valeur cl\u00e9 dans l\u2019estimation de la fonction r\u00e9nale.<\/p>\n<p>L\u2019\u00e9quation du CKD-EPI a \u00e9t\u00e9 publi\u00e9e en 2009 ; elle est actuellement consid\u00e9r\u00e9e comme la plus fiable. Le calcul d\u2019apr\u00e8s Cockcroft-Gault prend en compte le poids et facilite l\u2019estimation de la fonction r\u00e9nale des patients en sous-poids ou pr\u00e9sentant une sarcop\u00e9nie.<\/p>\n    <div class=\"medical-calculator gfr\" id=\"medical-calculator-gfr\">\r\n        <form>\r\n            <div class=\"form-group row\">\r\n                <label for=\"medical-calculator-gfr-kreatinin\" class=\"col-sm-4 col-form-label\">\r\n                                    Cr\u00e9atinine\r\n                                <\/label>\r\n                <div class=\"col-sm-8\">\r\n                    <div class=\"input-group mb-2\">\r\n                        <input type=\"text\" name=\"kreatinin\" id=\"medical-calculator-gfr-kreatinin\" class=\"form-control\" placeholder=\"44-106\" aria-label=\"Cr\u00e9atinine\" aria-describedby=\"medical-calculator-gfr-kreatinin-unit\" tabindex=\"1\" inputmode=\"decimal\">\r\n                        <div class=\"input-group-append\">\r\n                            <button class=\"btn btn-unit\" type=\"button\" id=\"medical-calculator-gfr-kreatinin-unit\">mmol\/l \u21cc<\/button>\r\n                        <\/div>\r\n                        <div class=\"invalid-feedback\" id=\"medical-calculator-gfr-kreatinin-error\"><\/div>\r\n                    <\/div>\r\n                <\/div>\r\n            <\/div>\r\n            <div class=\"form-group row\">\r\n                <label for=\"medical-calculator-gfr-age\" class=\"col-sm-4 col-form-label\">\r\n                                    \u00c2ge\r\n                                <\/label>\r\n                <div class=\"col-sm-8\">\r\n                    <div class=\"input-group mb-2\">\r\n                        <input type=\"text\" name=\"age\" id=\"medical-calculator-gfr-age\" class=\"form-control\" aria-label=\"\u00c2ge\" aria-describedby=\"medical-calculator-gfr-age-unit\" tabindex=\"2\" inputmode=\"numeric\">\r\n                        <div class=\"input-group-append\">\r\n                            <span class=\"input-group-text\" id=\"medical-calculator-gfr-age-unit\">\r\n                                                            ans\r\n                                                        <\/span>\r\n                        <\/div>\r\n                        <div class=\"invalid-feedback\" id=\"medical-calculator-gfr-age-error\"><\/div>\r\n                    <\/div>\r\n                <\/div>\r\n            <\/div>\r\n            <div class=\"form-group row\">\r\n                <label for=\"medical-calculator-gfr-weight\" class=\"col-sm-4 col-form-label\">\r\n                                    Poids\r\n                                <\/label>\r\n                <div class=\"col-sm-8\">\r\n                    <div class=\"input-group mb-2\">\r\n                        <input type=\"text\" name=\"weight\" id=\"medical-calculator-gfr-weight\" class=\"form-control\" placeholder=\"\" aria-label=\"Poids\" aria-describedby=\"medical-calculator-gfr-weight-unit\" tabindex=\"3\" inputmode=\"decimal\">\r\n                        <div class=\"input-group-append\">\r\n                            <button class=\"btn btn-unit\" type=\"button\" id=\"medical-calculator-gfr-weight-unit\">kg \u21cc<\/button>\r\n                        <\/div>\r\n                        <div class=\"invalid-feedback\" id=\"medical-calculator-gfr-weight-error\"><\/div>\r\n                    <\/div>\r\n                <\/div>\r\n            <\/div>\r\n            <div class=\"form-group row\">\r\n                <div class=\"col-sm-4 col-form-label\">\r\n                                    Sexe\r\n                                <\/div>\r\n                <div class=\"col-sm-8\">\r\n                    <div class=\"d-flex btn-group btn-group-toggle\" data-toggle=\"buttons\">\r\n                        <label class=\"btn btn-outline-secondary\">\r\n                            <input type=\"radio\" name=\"gender\" id=\"medical-calculator-gfr-gender-m\" value=\"m\" tabindex=\"4\" autocomplete=\"off\">\r\n                                                            Homme\r\n                                                    <\/label>\r\n                        <label class=\"btn btn-outline-secondary\">\r\n                            <input type=\"radio\" name=\"gender\" id=\"medical-calculator-gfr-gender-f\" value=\"f\" tabindex=\"5\" autocomplete=\"off\">\r\n                                                            Femme\r\n                                                    <\/label>\r\n                    <\/div>\r\n                <\/div>\r\n            <\/div>\r\n            <div class=\"form-group row\">\r\n                <div class=\"col-sm-4 col-form-label\">\r\n                                    Couleur de peau noire\r\n                                <\/div>\r\n                <div class=\"col-sm-8\">\r\n                    <div class=\"d-flex btn-group btn-group-justified btn-group-toggle\" data-toggle=\"buttons\">\r\n                        <label class=\"btn btn-outline-secondary\">\r\n                            <input type=\"radio\" name=\"dark-skin\" id=\"medical-calculator-gfr-dark-skin-y\" value=\"Y\" tabindex=\"6\" autocomplete=\"off\"> \r\n                                                            Oui\r\n                                                    <\/label>\r\n                        <label class=\"btn btn-outline-secondary\">\r\n                            <input type=\"radio\" name=\"dark-skin\" id=\"medical-calculator-gfr-dark-skin-n\" value=\"N\" tabindex=\"7\" autocomplete=\"off\">\r\n                                                            Non\r\n                                                    <\/label>\r\n                    <\/div>\r\n                <\/div>\r\n            <\/div>\r\n        <\/form>\r\n\r\n        <div class=\"row no-gutters row-eq-height\">\r\n            <div class=\"col-12 col-md-4\">\r\n                <div id=\"medical-calculator-gfr-ckd-epi-result-text\" class=\"result-text\">\r\n                    <h5>CKD-EPI<\/h5>\r\n                    <h5><span id=\"medical-calculator-gfr-ckd-epi-result-value\"><\/span> ml\/min\/1.73m\u00b2<\/h5>\r\n                    <p id=\"medical-calculator-gfr-ckd-epi-interpretation\"><\/p>\r\n                <\/div>\r\n            <\/div>\r\n            <div class=\"col-12 col-md-4\">\r\n                <div id=\"medical-calculator-gfr-mdrd-result-text\" class=\"result-text\">\r\n                    <h5>MDRD<\/h5>\r\n                    <h5><span id=\"medical-calculator-gfr-mdrd-result-value\"><\/span> ml\/min\/1.73m\u00b2<\/h5>\r\n                    <p id=\"medical-calculator-gfr-mdrd-interpretation\"><\/p>\r\n                <\/div>\r\n            <\/div>\r\n            <div class=\"col-12 col-md-4\">\r\n                <div id=\"medical-calculator-gfr-cockcroft-result-text\" class=\"result-text\">\r\n                    <h5>Cockcroft-Gault<\/h5>\r\n                    <h5><span id=\"medical-calculator-gfr-cockcroft-result-value\"><\/span> ml\/min<\/h5>\r\n                    <p id=\"medical-calculator-gfr-cockcroft-interpretation\"><\/p>\r\n                <\/div>\r\n            <\/div>\r\n        <\/div>\r\n\r\n        <div class=\"row\">\r\n            <div class=\"col-sm-12 mt-3\">\r\n                <h5>\r\n                                    Interpr\u00e9tation\r\n                                <\/h5>\r\n                <div class=\"table-responsive-sm\">\r\n                    <table class=\"table table-bordered\">\r\n                        <thead>\r\n                            <tr>\r\n                                <th>\r\n                                                                            DFGe (ml\/min\/1.73m\u00b2)\r\n                                                                    <\/th>\r\n                                <th>\r\n                                                                            Cat\u00e9gorie\r\n                                                                    <\/th>\r\n                                <th>\r\n                                                                            Interpr\u00e9tation\r\n                                                                    <\/th>\r\n                            <\/tr>\r\n                        <\/thead>\r\n                        <tbody>\r\n                            <tr class=\"table-row-a\">\r\n                                <td>&ge; 90<\/td>\r\n                                <td>G1<\/td>\r\n                                <td>\r\n                                                                            Normale ou hyperfiltration\r\n                                                                    <\/td>\r\n                            <\/tr>\r\n                            <tr class=\"table-row-b\">\r\n                                <td>60-89<\/td>\r\n                                <td>G2<\/td>\r\n                                <td>\r\n                                                                            Fonction r\u00e9nale l\u00e9g\u00e8rement diminu\u00e9e\r\n                                                                    <\/td>\r\n                            <\/tr>\r\n                            <tr class=\"table-row-c\">\r\n                                <td>45-59<\/td>\r\n                                <td>G3a<\/td>\r\n                                <td>\r\n                                                                            Fonction r\u00e9nale l\u00e9g\u00e8rement \u00e0 mod\u00e9r\u00e9ment diminu\u00e9e\r\n                                                                    <\/td>\r\n                            <\/tr>\r\n                            <tr class=\"table-row-d\">\r\n                                <td>30-44<\/td>\r\n                                <td>G3b<\/td>\r\n                                <td>\r\n                                                                            Fonction r\u00e9nale mod\u00e9r\u00e9ment \u00e0 s\u00e9v\u00e8rement diminu\u00e9e\r\n                                                                    <\/td>\r\n                            <\/tr>\r\n                            <tr class=\"table-row-e\">\r\n                                <td>15-29<\/td>\r\n                                <td>G4<\/td>\r\n                                <td>\r\n                                                                            Fonction r\u00e9nale s\u00e9v\u00e8rement diminu\u00e9e\r\n                                                                    <\/td>\r\n                            <\/tr>\r\n                            <tr class=\"table-row-f\">\r\n                                <td>&lt; 15<\/td>\r\n                                <td>G5<\/td>\r\n                                <td>\r\n                                                                            Insuffisance r\u00e9nale terminale\r\n                                                                    <\/td>\r\n                            <\/tr>\r\n                        <\/tbody>\r\n                    <\/table>\r\n                <\/div>\r\n            <\/div>\r\n        <\/div>\r\n\r\n        <div class=\"row\">\r\n            <div class=\"col-sm-12 mt-3\">\r\n                <h5>\r\n                                    R\u00e9f\u00e9rences\r\n                                <\/h5>\r\n                <ol class=\"references\">\r\n                    <li id=\"gfr-cite-note-1\">Levey AS, Stevens LA, Schmid CH et al. A new equation to estimate glomerular filtration rate. Ann Intern Med 2009; 150: 604-612<\/li>\r\n                    <li id=\"gfr-cite-note-2\">Levey AS, Bosch JP, Lewis JB et al. A more accurate method to estimate glomerular filtration rate from serum creatinine: a new prediction equation. Modification of Diet in Renal Disease Study Group. Ann Intern Med 1999; 130: 461-470<\/li>\r\n                    <li id=\"gfr-cite-note-3\">Levey AS, Coresh J, Greene T et al. Using standardized serum creatinine values in the modification of diet in renal disease study equation for estimating glomerular filtration rate. Ann Intern Med 2006; 145: 247-254<\/li>\r\n                    <li id=\"gfr-cite-note-4\">Cockcroft DW, Gault MH. Prediction of creatinine clearance from serum creatinine. Nephron 1976; 16: 31-41<\/li>\r\n                    <li id=\"gfr-cite-note-5\">KDIGO. Summary of Recommendation Statements. Kidney international supplements 2013; 3: 5-14<\/li>\r\n                <\/ol>\r\n            <\/div>\r\n        <\/div>\r\n    <\/div>\r\n    <script type=\"text\/javascript\">\r\n                var medical_calculator_gfr_messages = {\r\n            'kreatinin_micromoles_per_l_out_of_range' : 'Valeur improbable (Cr\u00e9atinine): Seules les valeurs comprises entre 0.1 et 1000 \u03bcmol\/l sont autoris\u00e9es.',\r\n            'kreatinin_mg_per_dl_out_of_range' : 'Valeur improbable (Cr\u00e9atinine): Seules les valeurs comprises entre 0.00113 et 11.31 mg\/l sont autoris\u00e9es.',\r\n            'age_out_of_range' : 'Valeur improbable (\u00c2ge): Seules les valeurs comprises entre 1 et 120 ans sont autoris\u00e9es.',\r\n            'weight_kg_out_of_range' : 'Valeur improbable (Poids): Seules les valeurs comprises entre 15 et 300 kg sont autoris\u00e9es.',\r\n            'weight_lbs_out_of_range' : 'Valeur improbable (Poids): Seules les valeurs comprises entre 33.075 et 661,5 lbs sont autoris\u00e9es.',\r\n            'interpretation_ge_90' : 'Normale ou hyperfiltration',\r\n            'interpretation_60_89' : 'Fonction r\u00e9nale l\u00e9g\u00e8rement diminu\u00e9e',\r\n            'interpretation_45_59' : 'Fonction r\u00e9nale l\u00e9g\u00e8rement \u00e0 mod\u00e9r\u00e9ment diminu\u00e9e',\r\n            'interpretation_30_44' : 'Fonction r\u00e9nale mod\u00e9r\u00e9ment \u00e0 s\u00e9v\u00e8rement diminu\u00e9e',\r\n            'interpretation_15_29' : 'Fonction r\u00e9nale s\u00e9v\u00e8rement diminu\u00e9e',\r\n            'interpretation_lt_15' : 'Insuffisance r\u00e9nale terminale',\r\n            'category' : 'Cat\u00e9gorie'\r\n        };\r\n            <\/script>\r\n\n","protected":false},"excerpt":{"rendered":"<p>Le d\u00e9bit de filtration glom\u00e9rulaire (DFG) est le volume de liquide filtr\u00e9 par le rein par unit\u00e9 de temps. Le d\u00e9bit de filtration glom\u00e9rulaire estim\u00e9 (eGFR, estimated glomerular filtration rate) peut se calculer par diverses formules ; c\u2019est une valeur cl\u00e9 dans l\u2019estimation de la fonction r\u00e9nale. L\u2019\u00e9quation du CKD-EPI a \u00e9t\u00e9 publi\u00e9e en 2009 [&hellip;]<\/p>\n","protected":false},"author":3,"featured_media":0,"parent":7598,"menu_order":779,"comment_status":"closed","ping_status":"closed","template":"","meta":{"_acf_changed":false,"inline_featured_image":false,"footnotes":""},"class_list":["post-7631","page","type-page","status-publish","hentry"],"acf":[],"_links":{"self":[{"href":"https:\/\/www.inanutshell.ch\/fr\/wp-json\/wp\/v2\/pages\/7631","targetHints":{"allow":["GET"]}}],"collection":[{"href":"https:\/\/www.inanutshell.ch\/fr\/wp-json\/wp\/v2\/pages"}],"about":[{"href":"https:\/\/www.inanutshell.ch\/fr\/wp-json\/wp\/v2\/types\/page"}],"author":[{"embeddable":true,"href":"https:\/\/www.inanutshell.ch\/fr\/wp-json\/wp\/v2\/users\/3"}],"replies":[{"embeddable":true,"href":"https:\/\/www.inanutshell.ch\/fr\/wp-json\/wp\/v2\/comments?post=7631"}],"version-history":[{"count":3,"href":"https:\/\/www.inanutshell.ch\/fr\/wp-json\/wp\/v2\/pages\/7631\/revisions"}],"predecessor-version":[{"id":7881,"href":"https:\/\/www.inanutshell.ch\/fr\/wp-json\/wp\/v2\/pages\/7631\/revisions\/7881"}],"up":[{"embeddable":true,"href":"https:\/\/www.inanutshell.ch\/fr\/wp-json\/wp\/v2\/pages\/7598"}],"wp:attachment":[{"href":"https:\/\/www.inanutshell.ch\/fr\/wp-json\/wp\/v2\/media?parent=7631"}],"curies":[{"name":"wp","href":"https:\/\/api.w.org\/{rel}","templated":true}]}}