{"id":7635,"date":"2020-03-27T13:27:04","date_gmt":"2020-03-27T12:27:04","guid":{"rendered":"https:\/\/www.inanutshell.ch\/?page_id=7635"},"modified":"2022-05-05T09:29:18","modified_gmt":"2022-05-05T07:29:18","slug":"table-de-risque-score","status":"publish","type":"page","link":"https:\/\/www.inanutshell.ch\/fr\/calculateurs\/table-de-risque-score\/","title":{"rendered":"Table de risque SCORE"},"content":{"rendered":"<p>Les tables de risque SCORE2 (Systematic COronary Risk Evaluation, \u00e2ge 40-69 ans) et SCORE2-OP (Older Persons, \u00e2ge 70-89 ans) ont \u00e9t\u00e9 d\u00e9velopp\u00e9s par l\u2019European Society of Cardiology (ESC). Elles permettent de calculer le risque \u00e0 10 ans de d\u00e9velopper une maladie cardiovasculaire (MCV) fatale et non fatale chez les personnes sans ant\u00e9c\u00e9dents de MCV ou de diab\u00e8te. Les variables prises en compte dans le calcul sont le sexe, l&rsquo;\u00e2ge, la pression art\u00e9rielle systolique, le cholest\u00e9rol non-HDL et le statut tabagique.<\/p>\n<p>\u00c0 noter que les tables de risque diff\u00e8rent selon le pays. Le calculateur ci-dessous est calibr\u00e9 pour la Suisse et utilise la table de faible risque global de MCV. On trouvera les autres tables de risque dans leur publication respective :  SCORE2 (<a href=\"https:\/\/doi.org\/10.1093\/eurheartj\/ehab309\">https:\/\/doi.org\/10.1093\/eurheartj\/ehab309<\/a>), SCORE2-OP (<a href=\"https:\/\/doi.org\/10.1093\/eurheartj\/ehab312\">https:\/\/doi.org\/10.1093\/eurheartj\/ehab312<\/a>).\n<\/p>\n    <div class=\"medical-calculator score2\" id=\"medical-calculator-score2\">\r\n        <form>\r\n            <div class=\"form-group row\">\r\n                <div class=\"col-sm-4 col-form-label\">\r\n                                    Sexe\r\n                                <\/div>\r\n                <div class=\"col-sm-8\">\r\n                    <div class=\"d-flex btn-group btn-group-toggle\" data-toggle=\"buttons\">\r\n                        <label class=\"btn btn-outline-secondary\">\r\n                            <input type=\"radio\" name=\"gender\" id=\"medical-calculator-score2-gender-m\" value=\"m\" tabindex=\"1\" autocomplete=\"off\">\r\n                                                            Homme\r\n                                                    <\/label>\r\n                        <label class=\"btn btn-outline-secondary\">\r\n                            <input type=\"radio\" name=\"gender\" id=\"medical-calculator-score2-gender-f\" value=\"f\" tabindex=\"2\" autocomplete=\"off\">\r\n                                                            Femme\r\n                                                    <\/label>\r\n                    <\/div>\r\n                <\/div>\r\n            <\/div>\r\n            <div class=\"form-group row\">\r\n                <div class=\"col-sm-4 col-form-label\">\r\n                                    Statut tabagique\r\n                                <\/div>\r\n                <div class=\"col-sm-8\">\r\n                    <div class=\"d-flex btn-group btn-group-toggle\" data-toggle=\"buttons\">\r\n                        <label class=\"btn btn-outline-secondary\">\r\n                            <input type=\"radio\" name=\"smoker\" id=\"medical-calculator-score2-smoker-y\" value=\"N\" tabindex=\"3\" autocomplete=\"off\">\r\n                                                            Non-fumeur\u00b7se\r\n                                                    <\/label>\r\n                        <label class=\"btn btn-outline-secondary\">\r\n                            <input type=\"radio\" name=\"smoker\" id=\"medical-calculator-score2-smoker-n\" value=\"Y\" tabindex=\"4\" autocomplete=\"off\">\r\n                                                            Fumeur\u00b7se\r\n                                                    <\/label>\r\n                    <\/div>\r\n                <\/div>\r\n            <\/div>\r\n            <div class=\"form-group row\">\r\n                <label for=\"medical-calculator-score-age\" class=\"col-sm-4 col-form-label\">\r\n                                    \u00c2ge\r\n                                <\/label>\r\n                <div class=\"col-sm-8\">\r\n                    <div class=\"input-group mb-2\">\r\n                        <input type=\"text\" name=\"age\" id=\"medical-calculator-score2-age\" class=\"form-control\" aria-label=\"\u00c2ge\" aria-describedby=\"medical-calculator-score2-age-unit\" tabindex=\"5\" inputmode=\"numeric\">\r\n                        <div class=\"input-group-append\">\r\n                             <span class=\"input-group-text\" id=\"medical-calculator-score2-age-unit\">\r\n                                                            ans\r\n                                                        <\/span>\r\n                        <\/div>\r\n                        <div class=\"invalid-feedback\" id=\"medical-calculator-score2-age-error\"><\/div>\r\n                    <\/div>\r\n                <\/div>\r\n            <\/div>\r\n            <div class=\"form-group row\">\r\n                <label for=\"medical-calculator-score2-blood-pressure\" class=\"col-sm-4 col-form-label\">\r\n                                    Pression art\u00e9rielle systolique\r\n                                <\/label>\r\n                <div class=\"col-sm-8\">\r\n                    <div class=\"input-group mb-2\">\r\n                        <input type=\"text\" name=\"blood-pressure\" id=\"medical-calculator-score2-blood-pressure\" class=\"form-control\" placeholder=\"< 120\" aria-label=\"Pression art\u00e9rielle systolique\" aria-describedby=\"medical-calculator-score2-blood-pressure-unit\" tabindex=\"6\" inputmode=\"decimal\">\r\n                        <div class=\"input-group-append\">\r\n                             <span class=\"input-group-text\" id=\"medical-calculator-score2-blood-pressure-unit\">mmHg<\/span>\r\n                        <\/div>\r\n                        <div class=\"invalid-feedback\" id=\"medical-calculator-score2-blood-pressure-error\"><\/div>\r\n                    <\/div>\r\n                <\/div>\r\n            <\/div>\r\n            <div class=\"form-group row\">\r\n                <label for=\"medical-calculator-score-cholesterol\" class=\"col-sm-4 col-form-label\">\r\n                                    Cholest\u00e9rol non HDL\r\n                                <\/label>\r\n                <div class=\"col-sm-8\">\r\n                    <div class=\"input-group mb-2\">\r\n                        <input type=\"text\" name=\"cholesterol\" id=\"medical-calculator-score2-cholesterol\" class=\"form-control\" placeholder=\"< 5\" aria-label=\"Cholest\u00e9rol non HDL\" aria-describedby=\"medical-calculator-score2-cholesterol-unit\" tabindex=\"7\" inputmode=\"decimal\">\r\n                        <div class=\"input-group-append\">\r\n                            <button class=\"btn btn-unit\" type=\"button\" id=\"medical-calculator-score2-cholesterol-unit\">mmol\/l \u21cc<\/button>\r\n                        <\/div>\r\n                        <div class=\"invalid-feedback\" id=\"medical-calculator-score2-cholesterol-error\"><\/div>\r\n                    <\/div>\r\n                <\/div>\r\n            <\/div>\r\n        <\/form>\r\n\r\n        <div class=\"row\">\r\n            <div class=\"col-sm-12\">\r\n                <div id=\"medical-calculator-score2-result-text\" class=\"result-text\">\r\n                    <p><h5><span id=\"medical-calculator-score2-result-prefix\"><\/span>: <span id=\"medical-calculator-score2-result-value\"><\/span> %<\/h5><\/p>\r\n                    <p>\r\n                                            Risque \u00e0 10 ans de maladies cardiovasculaires fatales et non fatales\r\n                                        <\/p>\r\n                <\/div>\r\n            <\/div>\r\n        <\/div>\r\n\r\n        <div class=\"row\">\r\n            <div class=\"col-sm-12 mt-3\">\r\n                <h5>\r\n                                            Interpr\u00e9tation\r\n                                    <\/h5>\r\n                <div class=\"table-responsive-sm\">\r\n                    <table class=\"table table-bordered\" id=\"\">\r\n                        <thead>\r\n                            <tr>\r\n                                <th>\r\n                                                                    \u00c2ge\r\n                                                                <\/th>\r\n                                <th colspan=\"3\">\r\n                                                                    Risque \u00e0 10 ans de maladies cardiovasculaires fatales et non fatales\r\n                                                                <\/th>\r\n                            <\/tr>\r\n                        <\/thead>\r\n                        <tbody>\r\n                            <tr class=\"table-row-a\">\r\n                                <td>\r\n                                                                    &lt; 50 ans\r\n                                                                <\/td>\r\n                                <td class=\"table-col-a\" nowrap>&lt;2.5%<\/td>\r\n                                <td class=\"table-col-b\" nowrap>\r\n                                                                    2.5 \u00e0 &lt;7.5%\r\n                                                                <\/td>\r\n                                <td class=\"table-col-c\" nowrap>\r\n                                    &ge;7.5%\r\n                                <\/td>\r\n                            <\/tr>\r\n                            <tr class=\"table-row-b\">\r\n                                <td>\r\n                                                                    50 - 69 ans\r\n                                                                <\/td>\r\n                                <td class=\"table-col-a\" nowrap>&lt;5%<\/td>\r\n                                <td class=\"table-col-b\" nowrap>\r\n                                                                    5 \u00e0 &lt;10%\r\n                                                                <\/td>\r\n                                <td class=\"table-col-c\" nowrap>\r\n                                    &ge;10%\r\n                                <\/td>\r\n                            <\/tr>\r\n                            <tr class=\"table-row-c\">\r\n                                <td>\r\n                                                                    &ge; 70 ans\r\n                                                                <\/td>\r\n                                <td class=\"table-col-a\" nowrap>&lt;7.5%<\/td>\r\n                                <td class=\"table-col-b\" nowrap>\r\n                                                                    7.5 \u00e0 &lt;15%\r\n                                                                <\/td>\r\n                                <td class=\"table-col-c\" nowrap>\r\n                                    &ge;15%\r\n                                <\/td>\r\n                            <\/tr>\r\n                        <\/tbody>\r\n                    <\/table>\r\n                <\/div>\r\n            <\/div>\r\n        <\/div>\r\n\r\n        <div class=\"row\">\r\n            <div class=\"col-sm-12 mt-3\">\r\n                <h5>\r\n                                            R\u00e9f\u00e9rence\r\n                                    <\/h5>\r\n                <ol class=\"references\">\r\n                    <li id=\"cite-note-1\">Piepoli MF, Hoes AW, Agewall S et al. 2016 European Guidelines on cardiovascular disease prevention in clinical practice: The Sixth Joint Task Force of the European Society of Cardiology and Other Societies on Cardiovascular Disease Prevention in Clinical Practice (constituted by representatives of 10 societies and by invited experts)Developed with the special contribution of the European Association for Cardiovascular Prevention & Rehabilitation (EACPR). Eur Heart J 2016; 37: 2315-2381. doi:10.1093\/eurheartj\/ehw106<\/li>\r\n                    <li id=\"cite-note-2\">SCORE2 working group and ESC Cardiovascular risk collaboration. SCORE2 risk prediction algorithms: new models to estimate 10-year risk of cardiovascular disease in Europe. Eur Heart J 2021; 42: 2439-2454. doi:10.1093\/eurheartj\/ehab309<\/li>\r\n                    <li id=\"cite-note-3\">SCORE2-OP working group and ESC Cardiovascular risk collaboration. SCORE2-OP risk prediction algorithms: estimating incident cardiovascular event risk in older persons in four geographical risk regions. Eur Heart J 2021; 42: 2455-2467. doi:10.1093\/eurheartj\/ehab312<\/li>\r\n                <\/ol>\r\n            <\/div>\r\n        <\/div>\r\n    <\/div>\r\n    <script type=\"text\/javascript\">\r\n                var medical_calculator_score2_messages = {\r\n            'age_out_of_range' : 'Valeur non valide (\u00c2ge): Seules les valeurs comprises entre 40 et 89 ans sont autoris\u00e9es.',\r\n            'blood_pressure_out_of_range' : 'Valeur improbable (Pression art\u00e9rielle systolique): Seules les valeurs comprises entre 80 et 220 mmHg sont autoris\u00e9es.',\r\n            'cholesterol_millimoles_per_l_out_of_range' : 'Valeur improbable (Cholest\u00e9rol non HDL): Seules les valeurs comprises entre 0.1 et 15 mmol\/l sont autoris\u00e9es.',\r\n            'cholesterol_mg_per_dl_out_of_range' : 'Valeur improbable (Cholest\u00e9rol non HDL): Seules les valeurs comprises entre 3.9 et 580 mg\/dl sont autoris\u00e9es.'\r\n        };\r\n            <\/script>\r\n\n","protected":false},"excerpt":{"rendered":"<p>Les tables de risque SCORE2 (Systematic COronary Risk Evaluation, \u00e2ge 40-69 ans) et SCORE2-OP (Older Persons, \u00e2ge 70-89 ans) ont \u00e9t\u00e9 d\u00e9velopp\u00e9s par l\u2019European Society of Cardiology (ESC). Elles permettent de calculer le risque \u00e0 10 ans de d\u00e9velopper une maladie cardiovasculaire (MCV) fatale et non fatale chez les personnes sans ant\u00e9c\u00e9dents de MCV ou [&hellip;]<\/p>\n","protected":false},"author":3,"featured_media":0,"parent":7598,"menu_order":777,"comment_status":"closed","ping_status":"closed","template":"","meta":{"_acf_changed":false,"inline_featured_image":false,"footnotes":""},"class_list":["post-7635","page","type-page","status-publish","hentry"],"acf":[],"_links":{"self":[{"href":"https:\/\/www.inanutshell.ch\/fr\/wp-json\/wp\/v2\/pages\/7635","targetHints":{"allow":["GET"]}}],"collection":[{"href":"https:\/\/www.inanutshell.ch\/fr\/wp-json\/wp\/v2\/pages"}],"about":[{"href":"https:\/\/www.inanutshell.ch\/fr\/wp-json\/wp\/v2\/types\/page"}],"author":[{"embeddable":true,"href":"https:\/\/www.inanutshell.ch\/fr\/wp-json\/wp\/v2\/users\/3"}],"replies":[{"embeddable":true,"href":"https:\/\/www.inanutshell.ch\/fr\/wp-json\/wp\/v2\/comments?post=7635"}],"version-history":[{"count":3,"href":"https:\/\/www.inanutshell.ch\/fr\/wp-json\/wp\/v2\/pages\/7635\/revisions"}],"predecessor-version":[{"id":26449,"href":"https:\/\/www.inanutshell.ch\/fr\/wp-json\/wp\/v2\/pages\/7635\/revisions\/26449"}],"up":[{"embeddable":true,"href":"https:\/\/www.inanutshell.ch\/fr\/wp-json\/wp\/v2\/pages\/7598"}],"wp:attachment":[{"href":"https:\/\/www.inanutshell.ch\/fr\/wp-json\/wp\/v2\/media?parent=7635"}],"curies":[{"name":"wp","href":"https:\/\/api.w.org\/{rel}","templated":true}]}}